{"id":58401,"date":"2025-12-17T07:43:10","date_gmt":"2025-12-17T06:43:10","guid":{"rendered":"https:\/\/sundar.be\/product\/table-dinstruments-twinny-blanc-avec-support-pour-lampe-loupe\/"},"modified":"2025-12-17T07:44:07","modified_gmt":"2025-12-17T06:44:07","slug":"table-dinstruments-twinny-blanc-avec-support-pour-lampe-loupe","status":"publish","type":"product","link":"https:\/\/sundar.be\/fr\/produit\/table-dinstruments-twinny-blanc-avec-support-pour-lampe-loupe\/","title":{"rendered":"Table d\u2019instruments Twinny BLANC avec support pour lampe-loupe"},"content":{"rendered":"<p>La table d\u2019instruments Twinny dispose de 2 tiroirs pratiques et d\u2019un design \u00e9pur\u00e9.<\/p>\n<p>La Twinny offre non seulement un grand espace de rangement, mais convient \u00e9galement au montage d\u2019une lampe-loupe des deux c\u00f4t\u00e9s.<\/p>\n<p><strong>Dimensions de la table de travail :<\/strong> L 62,5 x P 40 x H 80 cm<\/p>\n<p><strong>Dimensions du plateau de travail : <\/strong><\/p>\n<ul>\n<li>B 57 x D 36 cm<\/li>\n<li>33 cm de profondeur jusqu\u2019au rebord<\/li>\n<li>Hauteur de travail : 77 cm<\/li>\n<li>Espace entre les 2 tiroirs : 24 cm<\/li>\n<\/ul>\n","protected":false},"excerpt":{"rendered":"<p>La table d\u2019instruments Twinny dispose de 2 tiroirs pratiques et d\u2019un design \u00e9pur\u00e9. La Twinny offre non seulement un grand espace de rangement, mais convient \u00e9galement au montage d\u2019une lampe-loupe des deux c\u00f4t\u00e9s. Dimensions de la table de travail : L 62,5 x P 40 x H 80 cm Dimensions du plateau de travail : [&hellip;]<\/p>\n","protected":false},"featured_media":58398,"comment_status":"open","ping_status":"closed","template":"","meta":{"_acf_changed":false},"product_brand":[],"product_cat":[4945,4788,4784,5058],"product_tag":[],"class_list":{"0":"post-58401","1":"product","2":"type-product","3":"status-publish","4":"has-post-thumbnail","6":"product_cat-amenagement-institut-webshop-fr","7":"product_cat-meubles-de-travail","8":"product_cat-amenagement-mobilier","9":"product_cat-webshop-fr","11":"first","12":"instock","13":"taxable","14":"shipping-taxable","15":"product-type-simple"},"acf":[],"_links":{"self":[{"href":"https:\/\/sundar.be\/fr\/wp-json\/wp\/v2\/product\/58401","targetHints":{"allow":["GET"]}}],"collection":[{"href":"https:\/\/sundar.be\/fr\/wp-json\/wp\/v2\/product"}],"about":[{"href":"https:\/\/sundar.be\/fr\/wp-json\/wp\/v2\/types\/product"}],"replies":[{"embeddable":true,"href":"https:\/\/sundar.be\/fr\/wp-json\/wp\/v2\/comments?post=58401"}],"wp:featuredmedia":[{"embeddable":true,"href":"https:\/\/sundar.be\/fr\/wp-json\/wp\/v2\/media\/58398"}],"wp:attachment":[{"href":"https:\/\/sundar.be\/fr\/wp-json\/wp\/v2\/media?parent=58401"}],"wp:term":[{"taxonomy":"product_brand","embeddable":true,"href":"https:\/\/sundar.be\/fr\/wp-json\/wp\/v2\/product_brand?post=58401"},{"taxonomy":"product_cat","embeddable":true,"href":"https:\/\/sundar.be\/fr\/wp-json\/wp\/v2\/product_cat?post=58401"},{"taxonomy":"product_tag","embeddable":true,"href":"https:\/\/sundar.be\/fr\/wp-json\/wp\/v2\/product_tag?post=58401"}],"curies":[{"name":"wp","href":"https:\/\/api.w.org\/{rel}","templated":true}]}}