{"id":58393,"date":"2025-12-17T07:33:20","date_gmt":"2025-12-17T06:33:20","guid":{"rendered":"https:\/\/sundar.be\/product\/table-dinstruments-salon-trolley-merci\/"},"modified":"2025-12-17T07:34:07","modified_gmt":"2025-12-17T06:34:07","slug":"table-dinstruments-salon-trolley-merci","status":"publish","type":"product","link":"https:\/\/sundar.be\/fr\/produit\/table-dinstruments-salon-trolley-merci\/","title":{"rendered":"Table d\u2019instruments Salon Trolley Merci"},"content":{"rendered":"<p>La table d\u2019instruments, mod\u00e8le Merci, est \u00e9quip\u00e9e d\u2019un tiroir et pr\u00e9sente une conception robuste. La Merci est dot\u00e9e de rebords pratiques, emp\u00eachant les instruments de tomber lors du d\u00e9placement. Une lampe-loupe peut \u00eatre fix\u00e9e des deux c\u00f4t\u00e9s de la table.  <\/p>\n<p><strong>Dimensions :<\/strong> 49,5 cm de largeur x 35,5 cm de profondeur x 86,5 cm de hauteur<\/p>\n<p>Dimensions du plateau pour instruments : 48 cm de largeur x 38,5 cm de profondeur<\/p>\n<p>La hauteur entre les plateaux est d\u2019environ 23 cm.<\/p>\n","protected":false},"excerpt":{"rendered":"<p>La table d\u2019instruments, mod\u00e8le Merci, est \u00e9quip\u00e9e d\u2019un tiroir et pr\u00e9sente une conception robuste. La Merci est dot\u00e9e de rebords pratiques, emp\u00eachant les instruments de tomber lors du d\u00e9placement. Une lampe-loupe peut \u00eatre fix\u00e9e des deux c\u00f4t\u00e9s de la table. Dimensions : 49,5 cm de largeur x 35,5 cm de profondeur x 86,5 cm de [&hellip;]<\/p>\n","protected":false},"featured_media":58391,"comment_status":"open","ping_status":"closed","template":"","meta":{"_acf_changed":false},"product_brand":[],"product_cat":[4945,4788,4784,5058],"product_tag":[],"class_list":{"0":"post-58393","1":"product","2":"type-product","3":"status-publish","4":"has-post-thumbnail","6":"product_cat-amenagement-institut-webshop-fr","7":"product_cat-meubles-de-travail","8":"product_cat-amenagement-mobilier","9":"product_cat-webshop-fr","11":"first","12":"instock","13":"taxable","14":"shipping-taxable","15":"product-type-simple"},"acf":[],"_links":{"self":[{"href":"https:\/\/sundar.be\/fr\/wp-json\/wp\/v2\/product\/58393","targetHints":{"allow":["GET"]}}],"collection":[{"href":"https:\/\/sundar.be\/fr\/wp-json\/wp\/v2\/product"}],"about":[{"href":"https:\/\/sundar.be\/fr\/wp-json\/wp\/v2\/types\/product"}],"replies":[{"embeddable":true,"href":"https:\/\/sundar.be\/fr\/wp-json\/wp\/v2\/comments?post=58393"}],"wp:featuredmedia":[{"embeddable":true,"href":"https:\/\/sundar.be\/fr\/wp-json\/wp\/v2\/media\/58391"}],"wp:attachment":[{"href":"https:\/\/sundar.be\/fr\/wp-json\/wp\/v2\/media?parent=58393"}],"wp:term":[{"taxonomy":"product_brand","embeddable":true,"href":"https:\/\/sundar.be\/fr\/wp-json\/wp\/v2\/product_brand?post=58393"},{"taxonomy":"product_cat","embeddable":true,"href":"https:\/\/sundar.be\/fr\/wp-json\/wp\/v2\/product_cat?post=58393"},{"taxonomy":"product_tag","embeddable":true,"href":"https:\/\/sundar.be\/fr\/wp-json\/wp\/v2\/product_tag?post=58393"}],"curies":[{"name":"wp","href":"https:\/\/api.w.org\/{rel}","templated":true}]}}