{"id":58381,"date":"2025-12-17T07:27:31","date_gmt":"2025-12-17T06:27:31","guid":{"rendered":"https:\/\/sundar.be\/product\/euroclinic-meuble-de-pedicurie-sw2p\/"},"modified":"2025-12-17T07:28:48","modified_gmt":"2025-12-17T06:28:48","slug":"euroclinic-meuble-de-pedicurie-sw2p","status":"publish","type":"product","link":"https:\/\/sundar.be\/fr\/produit\/euroclinic-meuble-de-pedicurie-sw2p\/","title":{"rendered":"Euroclinic Meuble de p\u00e9dicurie SW2P"},"content":{"rendered":"<h3>Meuble de p\u00e9dicurie SW2P<\/h3>\n<ul>\n<li>Meuble de p\u00e9dicurie robuste et mobile<\/li>\n<li>Version standard avec 2 tiroirs de taille moyenne et 1 tiroir pour instruments<\/li>\n<li>L\u2019espace pour le moteur de p\u00e9dicurie peut \u00eatre plac\u00e9 \u00e0 droite ou \u00e0 gauche<\/li>\n<li>Le plateau sup\u00e9rieur est fabriqu\u00e9 en mat\u00e9riau r\u00e9sistant aux rayures<\/li>\n<li>Fabriqu\u00e9 en t\u00f4le m\u00e9tallique avec rev\u00eatement \u00e9poxy en poudre<\/li>\n<li>Poign\u00e9es disponibles en chrome et dans toutes les couleurs RAL (sans suppl\u00e9ment)<\/li>\n<li>Option : tiroir avec lumi\u00e8re UV*<\/li>\n<\/ul>\n<p><strong>Dimensions:<\/strong><\/p>\n<ul>\n<li>Meuble : L 85 x H 83 x P 54 cm<\/li>\n<li>Espace moteur : L 30 x H 25 x P 42 cm<\/li>\n<\/ul>\n","protected":false},"excerpt":{"rendered":"<p>Meuble de p\u00e9dicurie SW2P Meuble de p\u00e9dicurie robuste et mobile Version standard avec 2 tiroirs de taille moyenne et 1 tiroir pour instruments L\u2019espace pour le moteur de p\u00e9dicurie peut \u00eatre plac\u00e9 \u00e0 droite ou \u00e0 gauche Le plateau sup\u00e9rieur est fabriqu\u00e9 en mat\u00e9riau r\u00e9sistant aux rayures Fabriqu\u00e9 en t\u00f4le m\u00e9tallique avec rev\u00eatement \u00e9poxy en [&hellip;]<\/p>\n","protected":false},"featured_media":58379,"comment_status":"open","ping_status":"closed","template":"","meta":{"_acf_changed":false},"product_brand":[],"product_cat":[4945,4788,4784,5058],"product_tag":[],"class_list":{"0":"post-58381","1":"product","2":"type-product","3":"status-publish","4":"has-post-thumbnail","6":"product_cat-amenagement-institut-webshop-fr","7":"product_cat-meubles-de-travail","8":"product_cat-amenagement-mobilier","9":"product_cat-webshop-fr","10":"pa_vorm-meuble-de-pedicurie-sw2p","11":"pa_vorm-tiroir-uv-pour-meuble-sw2p-supplement","13":"first","14":"instock","15":"taxable","16":"shipping-taxable","17":"product-type-variable"},"acf":[],"_links":{"self":[{"href":"https:\/\/sundar.be\/fr\/wp-json\/wp\/v2\/product\/58381","targetHints":{"allow":["GET"]}}],"collection":[{"href":"https:\/\/sundar.be\/fr\/wp-json\/wp\/v2\/product"}],"about":[{"href":"https:\/\/sundar.be\/fr\/wp-json\/wp\/v2\/types\/product"}],"replies":[{"embeddable":true,"href":"https:\/\/sundar.be\/fr\/wp-json\/wp\/v2\/comments?post=58381"}],"wp:featuredmedia":[{"embeddable":true,"href":"https:\/\/sundar.be\/fr\/wp-json\/wp\/v2\/media\/58379"}],"wp:attachment":[{"href":"https:\/\/sundar.be\/fr\/wp-json\/wp\/v2\/media?parent=58381"}],"wp:term":[{"taxonomy":"product_brand","embeddable":true,"href":"https:\/\/sundar.be\/fr\/wp-json\/wp\/v2\/product_brand?post=58381"},{"taxonomy":"product_cat","embeddable":true,"href":"https:\/\/sundar.be\/fr\/wp-json\/wp\/v2\/product_cat?post=58381"},{"taxonomy":"product_tag","embeddable":true,"href":"https:\/\/sundar.be\/fr\/wp-json\/wp\/v2\/product_tag?post=58381"}],"curies":[{"name":"wp","href":"https:\/\/api.w.org\/{rel}","templated":true}]}}