{"id":58380,"date":"2025-12-17T07:22:54","date_gmt":"2025-12-17T06:22:54","guid":{"rendered":"https:\/\/sundar.be\/product\/euroclinic-smart-poste-de-travail\/"},"modified":"2025-12-17T07:27:43","modified_gmt":"2025-12-17T06:27:43","slug":"euroclinic-smart-poste-de-travail","status":"publish","type":"product","link":"https:\/\/sundar.be\/fr\/produit\/euroclinic-smart-poste-de-travail\/","title":{"rendered":"Euroclinic SMART Poste de travail"},"content":{"rendered":"<p>Poste de travail simple, parfait pour les petits studios. Structure robuste en m\u00e9tal peint avec des poudres \u00e9poxy, \u00e9quip\u00e9e de roulettes antistatiques pour une mobilit\u00e9 maximale des meubles. <\/p>\n","protected":false},"excerpt":{"rendered":"<p>Poste de travail simple, parfait pour les petits studios. Structure robuste en m\u00e9tal peint avec des poudres \u00e9poxy, \u00e9quip\u00e9e de roulettes antistatiques pour une mobilit\u00e9 maximale des meubles.<\/p>\n","protected":false},"featured_media":58373,"comment_status":"open","ping_status":"closed","template":"","meta":{"_acf_changed":false},"product_brand":[],"product_cat":[4945,4788,4784,5058],"product_tag":[],"class_list":{"0":"post-58380","1":"product","2":"type-product","3":"status-publish","4":"has-post-thumbnail","6":"product_cat-amenagement-institut-webshop-fr","7":"product_cat-meubles-de-travail","8":"product_cat-amenagement-mobilier","9":"product_cat-webshop-fr","11":"first","12":"instock","13":"taxable","14":"shipping-taxable","15":"product-type-simple"},"acf":[],"_links":{"self":[{"href":"https:\/\/sundar.be\/fr\/wp-json\/wp\/v2\/product\/58380","targetHints":{"allow":["GET"]}}],"collection":[{"href":"https:\/\/sundar.be\/fr\/wp-json\/wp\/v2\/product"}],"about":[{"href":"https:\/\/sundar.be\/fr\/wp-json\/wp\/v2\/types\/product"}],"replies":[{"embeddable":true,"href":"https:\/\/sundar.be\/fr\/wp-json\/wp\/v2\/comments?post=58380"}],"wp:featuredmedia":[{"embeddable":true,"href":"https:\/\/sundar.be\/fr\/wp-json\/wp\/v2\/media\/58373"}],"wp:attachment":[{"href":"https:\/\/sundar.be\/fr\/wp-json\/wp\/v2\/media?parent=58380"}],"wp:term":[{"taxonomy":"product_brand","embeddable":true,"href":"https:\/\/sundar.be\/fr\/wp-json\/wp\/v2\/product_brand?post=58380"},{"taxonomy":"product_cat","embeddable":true,"href":"https:\/\/sundar.be\/fr\/wp-json\/wp\/v2\/product_cat?post=58380"},{"taxonomy":"product_tag","embeddable":true,"href":"https:\/\/sundar.be\/fr\/wp-json\/wp\/v2\/product_tag?post=58380"}],"curies":[{"name":"wp","href":"https:\/\/api.w.org\/{rel}","templated":true}]}}