{"id":58360,"date":"2025-12-17T07:11:01","date_gmt":"2025-12-17T06:11:01","guid":{"rendered":"https:\/\/sundar.be\/product\/msk-meuble-de-travail-economy-compact\/"},"modified":"2025-12-17T07:11:42","modified_gmt":"2025-12-17T06:11:42","slug":"msk-meuble-de-travail-economy-compact","status":"publish","type":"product","link":"https:\/\/sundar.be\/fr\/produit\/msk-meuble-de-travail-economy-compact\/","title":{"rendered":"MSK Meuble de travail Economy Compact"},"content":{"rendered":"<p>Meuble de travail compact et \u00e9l\u00e9gant, \u00e9quip\u00e9 de roulettes solides. Deux tiroirs de rangement et un tiroir coulissant pour une machine. <\/p>\n<p><strong>ATTENTION : <\/strong>LES FRAIS DE LIVRAISON NE SONT PAS INCLUS SUR LA BOUTIQUE EN LIGNE ET SERONT FACTUR\u00c9S ULT\u00c9RIEUREMENT !<\/p>\n<p>Dimensions : L 50 x P 37 x H 84 cm<\/p>\n","protected":false},"excerpt":{"rendered":"<p>Meuble de travail compact et \u00e9l\u00e9gant, \u00e9quip\u00e9 de roulettes solides. Deux tiroirs de rangement et un tiroir coulissant pour une machine. ATTENTION : LES FRAIS DE LIVRAISON NE SONT PAS INCLUS SUR LA BOUTIQUE EN LIGNE ET SERONT FACTUR\u00c9S ULT\u00c9RIEUREMENT ! Dimensions : L 50 x P 37 x H 84 cm<\/p>\n","protected":false},"featured_media":58359,"comment_status":"open","ping_status":"closed","template":"","meta":{"_acf_changed":false},"product_brand":[],"product_cat":[4945,4788,4784,5058],"product_tag":[],"class_list":{"0":"post-58360","1":"product","2":"type-product","3":"status-publish","4":"has-post-thumbnail","6":"product_cat-amenagement-institut-webshop-fr","7":"product_cat-meubles-de-travail","8":"product_cat-amenagement-mobilier","9":"product_cat-webshop-fr","11":"first","12":"instock","13":"taxable","14":"shipping-taxable","15":"product-type-simple"},"acf":[],"_links":{"self":[{"href":"https:\/\/sundar.be\/fr\/wp-json\/wp\/v2\/product\/58360","targetHints":{"allow":["GET"]}}],"collection":[{"href":"https:\/\/sundar.be\/fr\/wp-json\/wp\/v2\/product"}],"about":[{"href":"https:\/\/sundar.be\/fr\/wp-json\/wp\/v2\/types\/product"}],"replies":[{"embeddable":true,"href":"https:\/\/sundar.be\/fr\/wp-json\/wp\/v2\/comments?post=58360"}],"wp:featuredmedia":[{"embeddable":true,"href":"https:\/\/sundar.be\/fr\/wp-json\/wp\/v2\/media\/58359"}],"wp:attachment":[{"href":"https:\/\/sundar.be\/fr\/wp-json\/wp\/v2\/media?parent=58360"}],"wp:term":[{"taxonomy":"product_brand","embeddable":true,"href":"https:\/\/sundar.be\/fr\/wp-json\/wp\/v2\/product_brand?post=58360"},{"taxonomy":"product_cat","embeddable":true,"href":"https:\/\/sundar.be\/fr\/wp-json\/wp\/v2\/product_cat?post=58360"},{"taxonomy":"product_tag","embeddable":true,"href":"https:\/\/sundar.be\/fr\/wp-json\/wp\/v2\/product_tag?post=58360"}],"curies":[{"name":"wp","href":"https:\/\/api.w.org\/{rel}","templated":true}]}}