{"id":58346,"date":"2025-12-16T14:43:29","date_gmt":"2025-12-16T13:43:29","guid":{"rendered":"https:\/\/sundar.be\/product\/tete-de-traitement-a-ultrasons\/"},"modified":"2025-12-16T14:46:01","modified_gmt":"2025-12-16T13:46:01","slug":"tete-de-traitement-a-ultrasons","status":"publish","type":"product","link":"https:\/\/sundar.be\/fr\/produit\/tete-de-traitement-a-ultrasons\/","title":{"rendered":"T\u00eate de traitement \u00e0 ultrasons"},"content":{"rendered":"<p>T\u00eates de traitement pour l\u2019appareil \u00e0 ultrasons d\u2019IONTO-COMED.<\/p>\n<p>Compatible avec :<\/p>\n<ul>\n<li>IONTO MESO Sono<\/li>\n<li>IONTO Skin Abrasion Sono<\/li>\n<\/ul>\n","protected":false},"excerpt":{"rendered":"<p>T\u00eates de traitement pour l\u2019appareil \u00e0 ultrasons d\u2019IONTO-COMED. Compatible avec : IONTO MESO Sono IONTO Skin Abrasion Sono<\/p>\n","protected":false},"featured_media":0,"comment_status":"open","ping_status":"closed","template":"","meta":{"_acf_changed":false},"product_brand":[],"product_cat":[4945,4769,4789,6164,4982,4972,5776,5058],"product_tag":[],"class_list":{"0":"post-58346","1":"product","2":"type-product","3":"status-publish","5":"product_cat-amenagement-institut-webshop-fr","6":"product_cat-amenagement-appareils","7":"product_cat-appareils-de-beaute","8":"product_cat-appareils-ionto","9":"product_cat-ionto-comed-fr","10":"product_cat-nos-marques","11":"product_cat-ultrasound-fr","12":"product_cat-webshop-fr","13":"pa_maat-tete-de-traitement-10-mhz-12-cm-pour-le-visage","14":"pa_maat-tete-de-traitement-3-mhz-25-cm-pour-le-visage","16":"first","17":"instock","18":"taxable","19":"shipping-taxable","20":"product-type-variable"},"acf":[],"_links":{"self":[{"href":"https:\/\/sundar.be\/fr\/wp-json\/wp\/v2\/product\/58346","targetHints":{"allow":["GET"]}}],"collection":[{"href":"https:\/\/sundar.be\/fr\/wp-json\/wp\/v2\/product"}],"about":[{"href":"https:\/\/sundar.be\/fr\/wp-json\/wp\/v2\/types\/product"}],"replies":[{"embeddable":true,"href":"https:\/\/sundar.be\/fr\/wp-json\/wp\/v2\/comments?post=58346"}],"wp:attachment":[{"href":"https:\/\/sundar.be\/fr\/wp-json\/wp\/v2\/media?parent=58346"}],"wp:term":[{"taxonomy":"product_brand","embeddable":true,"href":"https:\/\/sundar.be\/fr\/wp-json\/wp\/v2\/product_brand?post=58346"},{"taxonomy":"product_cat","embeddable":true,"href":"https:\/\/sundar.be\/fr\/wp-json\/wp\/v2\/product_cat?post=58346"},{"taxonomy":"product_tag","embeddable":true,"href":"https:\/\/sundar.be\/fr\/wp-json\/wp\/v2\/product_tag?post=58346"}],"curies":[{"name":"wp","href":"https:\/\/api.w.org\/{rel}","templated":true}]}}