{"id":58334,"date":"2025-12-16T14:31:47","date_gmt":"2025-12-16T13:31:47","guid":{"rendered":"https:\/\/sundar.be\/product\/ionto-kabinett-800\/"},"modified":"2025-12-16T14:32:54","modified_gmt":"2025-12-16T13:32:54","slug":"ionto-kabinett-800","status":"publish","type":"product","link":"https:\/\/sundar.be\/fr\/produit\/ionto-kabinett-800\/","title":{"rendered":"Ionto Kabinett 800"},"content":{"rendered":"<ul>\n<li>Corps de haute qualit\u00e9 et robuste<\/li>\n<li>Bordure ABS durable et arrondie<\/li>\n<li>Rev\u00eatement blanc, facile \u00e0 nettoyer<\/li>\n<li>4 \u00e9tag\u00e8res avec passage de c\u00e2bles \u00e0 l\u2019arri\u00e8re<\/li>\n<li>Glissi\u00e8res de tiroirs \u00e0 fonctionnement fluide avec poign\u00e9e continue<\/li>\n<li>Support de loupe avec cache<\/li>\n<li>Roulettes robustes avec 2 freins de blocage \u00e0 l\u2019avant<\/li>\n<li>Le meuble est livr\u00e9 enti\u00e8rement mont\u00e9<\/li>\n<\/ul>\n<p><strong>Dimensions :<\/strong> H 78 x L 77,2 cm x P 40 cm<\/p>\n","protected":false},"excerpt":{"rendered":"<p>Corps de haute qualit\u00e9 et robuste Bordure ABS durable et arrondie Rev\u00eatement blanc, facile \u00e0 nettoyer 4 \u00e9tag\u00e8res avec passage de c\u00e2bles \u00e0 l\u2019arri\u00e8re Glissi\u00e8res de tiroirs \u00e0 fonctionnement fluide avec poign\u00e9e continue Support de loupe avec cache Roulettes robustes avec 2 freins de blocage \u00e0 l\u2019avant Le meuble est livr\u00e9 enti\u00e8rement mont\u00e9 Dimensions : [&hellip;]<\/p>\n","protected":false},"featured_media":58333,"comment_status":"open","ping_status":"closed","template":"","meta":{"_acf_changed":false},"product_brand":[],"product_cat":[4945,4982,4788,4784,6167,4972,5058],"product_tag":[],"class_list":{"0":"post-58334","1":"product","2":"type-product","3":"status-publish","4":"has-post-thumbnail","6":"product_cat-amenagement-institut-webshop-fr","7":"product_cat-ionto-comed-fr","8":"product_cat-meubles-de-travail","9":"product_cat-amenagement-mobilier","10":"product_cat-mobilier-ionto","11":"product_cat-nos-marques","12":"product_cat-webshop-fr","14":"first","15":"instock","16":"taxable","17":"shipping-taxable","18":"product-type-simple"},"acf":[],"_links":{"self":[{"href":"https:\/\/sundar.be\/fr\/wp-json\/wp\/v2\/product\/58334","targetHints":{"allow":["GET"]}}],"collection":[{"href":"https:\/\/sundar.be\/fr\/wp-json\/wp\/v2\/product"}],"about":[{"href":"https:\/\/sundar.be\/fr\/wp-json\/wp\/v2\/types\/product"}],"replies":[{"embeddable":true,"href":"https:\/\/sundar.be\/fr\/wp-json\/wp\/v2\/comments?post=58334"}],"wp:featuredmedia":[{"embeddable":true,"href":"https:\/\/sundar.be\/fr\/wp-json\/wp\/v2\/media\/58333"}],"wp:attachment":[{"href":"https:\/\/sundar.be\/fr\/wp-json\/wp\/v2\/media?parent=58334"}],"wp:term":[{"taxonomy":"product_brand","embeddable":true,"href":"https:\/\/sundar.be\/fr\/wp-json\/wp\/v2\/product_brand?post=58334"},{"taxonomy":"product_cat","embeddable":true,"href":"https:\/\/sundar.be\/fr\/wp-json\/wp\/v2\/product_cat?post=58334"},{"taxonomy":"product_tag","embeddable":true,"href":"https:\/\/sundar.be\/fr\/wp-json\/wp\/v2\/product_tag?post=58334"}],"curies":[{"name":"wp","href":"https:\/\/api.w.org\/{rel}","templated":true}]}}