{"id":58329,"date":"2025-12-16T14:12:38","date_gmt":"2025-12-16T13:12:38","guid":{"rendered":"https:\/\/sundar.be\/product\/ionto-kabinett-400\/"},"modified":"2025-12-16T14:29:48","modified_gmt":"2025-12-16T13:29:48","slug":"ionto-kabinett-400","status":"publish","type":"product","link":"https:\/\/sundar.be\/fr\/produit\/ionto-kabinett-400\/","title":{"rendered":"Ionto Kabinett 400"},"content":{"rendered":"<p><span dir=\"auto\">La s\u00e9rie d\u2019armoires S\u00dcDA \u2013 compacte, robuste, abordable \u2013 et <\/span><span dir=\"auto\">\u00e9prouv\u00e9e depuis de nombreuses ann\u00e9es. Id\u00e9ale pour tous ceux qui attachent de l\u2019importance \u00e0 l\u2019ordre et \u00e0 la flexibilit\u00e9 dans leur cabinet. <\/span><\/p>\n<p>Pour chaque mod\u00e8le, des instructions de montage faciles \u00e0 comprendre sont fournies et vous guident pas \u00e0 pas tout au long du processus de montage \u2013 pour un montage rapide et sans<br \/>\n<span dir=\"auto\">probl\u00e8me.<\/span><\/p>\n<ul>\n<li><span dir=\"auto\">Structure de haute qualit\u00e9 et robuste<\/span><\/li>\n<li><span dir=\"auto\">Rev\u00eatement blanc et facile \u00e0 nettoyer<\/span><\/li>\n<li><span dir=\"auto\">\u00c9tag\u00e8res ouvertes avec gestion des c\u00e2bles \u00e0 l\u2019arri\u00e8re<\/span><\/li>\n<li><span dir=\"auto\">Tiroirs \u00e0 coulissement fluide avec poign\u00e9e continue<\/span><\/li>\n<li><span dir=\"auto\">Roulettes pivotantes robustes avec 2 freins verrouillables \u00e0 l\u2019avant<\/span><\/li>\n<\/ul>\n<p><span dir=\"auto\"><strong>Dimensions <\/strong>: H 78 x L 39,4 x P 40 cm<\/span><\/p>\n","protected":false},"excerpt":{"rendered":"<p>La s\u00e9rie d\u2019armoires S\u00dcDA \u2013 compacte, robuste, abordable \u2013 et \u00e9prouv\u00e9e depuis de nombreuses ann\u00e9es. Id\u00e9ale pour tous ceux qui attachent de l\u2019importance \u00e0 l\u2019ordre et \u00e0 la flexibilit\u00e9 dans leur cabinet. Pour chaque mod\u00e8le, des instructions de montage faciles \u00e0 comprendre sont fournies et vous guident pas \u00e0 pas tout au long du processus [&hellip;]<\/p>\n","protected":false},"featured_media":58324,"comment_status":"open","ping_status":"closed","template":"","meta":{"_acf_changed":false},"product_brand":[],"product_cat":[4945,4982,4788,4784,6167,4972,5058],"product_tag":[],"class_list":{"0":"post-58329","1":"product","2":"type-product","3":"status-publish","4":"has-post-thumbnail","6":"product_cat-amenagement-institut-webshop-fr","7":"product_cat-ionto-comed-fr","8":"product_cat-meubles-de-travail","9":"product_cat-amenagement-mobilier","10":"product_cat-mobilier-ionto","11":"product_cat-nos-marques","12":"product_cat-webshop-fr","14":"first","15":"instock","16":"taxable","17":"shipping-taxable","18":"product-type-simple"},"acf":[],"_links":{"self":[{"href":"https:\/\/sundar.be\/fr\/wp-json\/wp\/v2\/product\/58329","targetHints":{"allow":["GET"]}}],"collection":[{"href":"https:\/\/sundar.be\/fr\/wp-json\/wp\/v2\/product"}],"about":[{"href":"https:\/\/sundar.be\/fr\/wp-json\/wp\/v2\/types\/product"}],"replies":[{"embeddable":true,"href":"https:\/\/sundar.be\/fr\/wp-json\/wp\/v2\/comments?post=58329"}],"wp:featuredmedia":[{"embeddable":true,"href":"https:\/\/sundar.be\/fr\/wp-json\/wp\/v2\/media\/58324"}],"wp:attachment":[{"href":"https:\/\/sundar.be\/fr\/wp-json\/wp\/v2\/media?parent=58329"}],"wp:term":[{"taxonomy":"product_brand","embeddable":true,"href":"https:\/\/sundar.be\/fr\/wp-json\/wp\/v2\/product_brand?post=58329"},{"taxonomy":"product_cat","embeddable":true,"href":"https:\/\/sundar.be\/fr\/wp-json\/wp\/v2\/product_cat?post=58329"},{"taxonomy":"product_tag","embeddable":true,"href":"https:\/\/sundar.be\/fr\/wp-json\/wp\/v2\/product_tag?post=58329"}],"curies":[{"name":"wp","href":"https:\/\/api.w.org\/{rel}","templated":true}]}}