{"id":58322,"date":"2025-12-16T14:08:12","date_gmt":"2025-12-16T13:08:12","guid":{"rendered":"https:\/\/sundar.be\/product\/filtre-pour-reservoir-de-dechets-ionto-skin-abrasion-1-piece\/"},"modified":"2025-12-16T14:09:48","modified_gmt":"2025-12-16T13:09:48","slug":"filtre-pour-reservoir-de-dechets-ionto-skin-abrasion-1-piece","status":"publish","type":"product","link":"https:\/\/sundar.be\/fr\/produit\/filtre-pour-reservoir-de-dechets-ionto-skin-abrasion-1-piece\/","title":{"rendered":"Filtre pour r\u00e9servoir de d\u00e9chets Ionto Skin Abrasion (1 pi\u00e8ce)"},"content":{"rendered":"<p>Ce filtre \u00e0 air est un accessoire pour les r\u00e9servoirs de cristaux usag\u00e9s des appareils Ionto :<\/p>\n<ul>\n<li>Skin Abasion Sono<\/li>\n<li>Skin Abrasion Comfort<\/li>\n<\/ul>\n","protected":false},"excerpt":{"rendered":"<p>Filtre \u00e0 air pour r\u00e9cipients de cristaux usag\u00e9s<\/p>\n","protected":false},"featured_media":58321,"comment_status":"open","ping_status":"closed","template":"","meta":{"_acf_changed":false},"product_brand":[],"product_cat":[4945,4769,4789,6164,4982,5775,4972,5776,5058],"product_tag":[],"class_list":{"0":"post-58322","1":"product","2":"type-product","3":"status-publish","4":"has-post-thumbnail","6":"product_cat-amenagement-institut-webshop-fr","7":"product_cat-amenagement-appareils","8":"product_cat-appareils-de-beaute","9":"product_cat-appareils-ionto","10":"product_cat-ionto-comed-fr","11":"product_cat-microdermabrasion","12":"product_cat-nos-marques","13":"product_cat-ultrasound-fr","14":"product_cat-webshop-fr","16":"first","17":"instock","18":"taxable","19":"shipping-taxable","20":"product-type-simple"},"acf":[],"_links":{"self":[{"href":"https:\/\/sundar.be\/fr\/wp-json\/wp\/v2\/product\/58322","targetHints":{"allow":["GET"]}}],"collection":[{"href":"https:\/\/sundar.be\/fr\/wp-json\/wp\/v2\/product"}],"about":[{"href":"https:\/\/sundar.be\/fr\/wp-json\/wp\/v2\/types\/product"}],"replies":[{"embeddable":true,"href":"https:\/\/sundar.be\/fr\/wp-json\/wp\/v2\/comments?post=58322"}],"wp:featuredmedia":[{"embeddable":true,"href":"https:\/\/sundar.be\/fr\/wp-json\/wp\/v2\/media\/58321"}],"wp:attachment":[{"href":"https:\/\/sundar.be\/fr\/wp-json\/wp\/v2\/media?parent=58322"}],"wp:term":[{"taxonomy":"product_brand","embeddable":true,"href":"https:\/\/sundar.be\/fr\/wp-json\/wp\/v2\/product_brand?post=58322"},{"taxonomy":"product_cat","embeddable":true,"href":"https:\/\/sundar.be\/fr\/wp-json\/wp\/v2\/product_cat?post=58322"},{"taxonomy":"product_tag","embeddable":true,"href":"https:\/\/sundar.be\/fr\/wp-json\/wp\/v2\/product_tag?post=58322"}],"curies":[{"name":"wp","href":"https:\/\/api.w.org\/{rel}","templated":true}]}}