{"id":57772,"date":"2025-08-04T16:41:09","date_gmt":"2025-08-04T14:41:09","guid":{"rendered":"https:\/\/sundar.be\/product\/unigloves-gants-en-nitrile-100-pieces\/"},"modified":"2025-11-26T10:55:08","modified_gmt":"2025-11-26T09:55:08","slug":"unigloves-gants-en-nitrile-100-pieces","status":"publish","type":"product","link":"https:\/\/sundar.be\/fr\/produit\/unigloves-gants-en-nitrile-100-pieces\/","title":{"rendered":"Unigloves Gants en Nitrile, 100 pi\u00e8ces"},"content":{"rendered":"<p>Gants en nitrile de haute qualit\u00e9, disponibles en plusieurs tailles et couleurs. Sans poudre et dot\u00e9s de bouts de doigts textur\u00e9s pour une meilleure prise. <\/p>\n<p>Fabriqu\u00e9s selon les normes EN 374, EN 374-1, EN 455 T.1-4, AQL 1.5<\/p>\n<p>Conditionn\u00e9s par 100 pi\u00e8ces.<\/p>\n","protected":false},"excerpt":{"rendered":"<p>Gants en nitrile de haute qualit\u00e9, disponibles en plusieurs tailles et couleurs. Sans poudre et dot\u00e9s de bouts de doigts textur\u00e9s pour une meilleure prise. Fabriqu\u00e9s selon les normes EN 374, EN 374-1, EN 455 T.1-4, AQL 1.5 Conditionn\u00e9s par 100 pi\u00e8ces.<\/p>\n","protected":false},"featured_media":54525,"comment_status":"open","ping_status":"closed","template":"","meta":{"_acf_changed":false},"product_brand":[],"product_cat":[4945,6029,1446,4765],"product_tag":[],"class_list":{"0":"post-57772","1":"product","2":"type-product","3":"status-publish","4":"has-post-thumbnail","6":"product_cat-amenagement-institut-webshop-fr","7":"product_cat-hygiene-gants-jetables","8":"product_cat-hygiene-desinfection-fr","9":"product_cat-matriel-de-pratique","10":"pa_kleur-black","11":"pa_kleur-blue","12":"pa_kleur-cool-pink","13":"pa_kleur-fancy-gold","14":"pa_kleur-fancy-pink","15":"pa_kleur-fancy-silver","16":"pa_kleur-fancy-violet","17":"pa_kleur-magenta","18":"pa_kleur-mint","19":"pa_kleur-violet","20":"pa_kleur-wit","21":"pa_maat-l-fr","22":"pa_maat-m-fr","23":"pa_maat-s-fr","24":"pa_maat-xl-fr","25":"pa_maat-xs-fr","27":"first","28":"instock","29":"taxable","30":"shipping-taxable","31":"product-type-variable"},"acf":[],"_links":{"self":[{"href":"https:\/\/sundar.be\/fr\/wp-json\/wp\/v2\/product\/57772","targetHints":{"allow":["GET"]}}],"collection":[{"href":"https:\/\/sundar.be\/fr\/wp-json\/wp\/v2\/product"}],"about":[{"href":"https:\/\/sundar.be\/fr\/wp-json\/wp\/v2\/types\/product"}],"replies":[{"embeddable":true,"href":"https:\/\/sundar.be\/fr\/wp-json\/wp\/v2\/comments?post=57772"}],"wp:featuredmedia":[{"embeddable":true,"href":"https:\/\/sundar.be\/fr\/wp-json\/wp\/v2\/media\/54525"}],"wp:attachment":[{"href":"https:\/\/sundar.be\/fr\/wp-json\/wp\/v2\/media?parent=57772"}],"wp:term":[{"taxonomy":"product_brand","embeddable":true,"href":"https:\/\/sundar.be\/fr\/wp-json\/wp\/v2\/product_brand?post=57772"},{"taxonomy":"product_cat","embeddable":true,"href":"https:\/\/sundar.be\/fr\/wp-json\/wp\/v2\/product_cat?post=57772"},{"taxonomy":"product_tag","embeddable":true,"href":"https:\/\/sundar.be\/fr\/wp-json\/wp\/v2\/product_tag?post=57772"}],"curies":[{"name":"wp","href":"https:\/\/api.w.org\/{rel}","templated":true}]}}