{"id":57769,"date":"2025-09-17T13:17:59","date_gmt":"2025-09-17T11:17:59","guid":{"rendered":"https:\/\/sundar.be\/product\/chi-huile-essentielle-de-lemongrass-cultivar-10-ml\/"},"modified":"2025-11-25T16:07:35","modified_gmt":"2025-11-25T15:07:35","slug":"chi-huile-essentielle-de-lemongrass-cultivar-10-ml","status":"publish","type":"product","link":"https:\/\/sundar.be\/fr\/produit\/chi-huile-essentielle-de-lemongrass-cultivar-10-ml\/","title":{"rendered":"Chi Huile Essentielle de Lemongrass (Cultivar) 10 ml"},"content":{"rendered":"<p>L\u2019huile essentielle de lemongrass provient de longues tiges ressemblant \u00e0 celles de la canne \u00e0 sucre, aux feuilles au parfum citronn\u00e9 et frais. Son ar\u00f4me est plus amer que celui du citron, mais tout aussi vivifiant. Six mois apr\u00e8s la plantation, le lemongrass peut d\u00e9j\u00e0 \u00eatre r\u00e9colt\u00e9. C\u2019est l\u2019une des fragrances les plus puissantes en aromath\u00e9rapie, id\u00e9ale pour \u00e9liminer les mauvaises odeurs (comme la fum\u00e9e) et rafra\u00eechir l\u2019air. Souvent utilis\u00e9e comme huile du matin, elle clarifie l\u2019esprit et aide \u00e0 bien d\u00e9marrer la journ\u00e9e. Les herbes aromatiques comme le lemongrass sont riches en citral et\/ou g\u00e9raniol, aux notes respectives de citron et de rose. Sous le nom de sereh, le lemongrass est \u00e9galement un ingr\u00e9dient essentiel dans la cuisine indon\u00e9sienne et tha\u00eflandaise. Son parfum vif et tonifiant se retrouve dans de nombreux produits de nettoyage, savons et cosm\u00e9tiques.       <\/p>\n","protected":false},"excerpt":{"rendered":"<p>L\u2019huile essentielle de lemongrass provient de longues tiges ressemblant \u00e0 celles de la canne \u00e0 sucre, aux feuilles au parfum citronn\u00e9 et frais. Son ar\u00f4me est plus amer que celui du citron, mais tout aussi vivifiant. Six mois apr\u00e8s la plantation, le lemongrass peut d\u00e9j\u00e0 \u00eatre r\u00e9colt\u00e9. C\u2019est l\u2019une des fragrances les plus puissantes en [&hellip;]<\/p>\n","protected":false},"featured_media":55683,"comment_status":"open","ping_status":"closed","template":"","meta":{"_acf_changed":false},"product_brand":[],"product_cat":[6090,5678,6112,4972],"product_tag":[],"class_list":{"0":"post-57769","1":"product","2":"type-product","3":"status-publish","4":"has-post-thumbnail","6":"product_cat-chi-natural-life","7":"product_cat-huile-essentielles","8":"product_cat-huiles-essentielles-cultivees","9":"product_cat-nos-marques","11":"first","12":"instock","13":"taxable","14":"shipping-taxable","15":"product-type-simple"},"acf":[],"_links":{"self":[{"href":"https:\/\/sundar.be\/fr\/wp-json\/wp\/v2\/product\/57769","targetHints":{"allow":["GET"]}}],"collection":[{"href":"https:\/\/sundar.be\/fr\/wp-json\/wp\/v2\/product"}],"about":[{"href":"https:\/\/sundar.be\/fr\/wp-json\/wp\/v2\/types\/product"}],"replies":[{"embeddable":true,"href":"https:\/\/sundar.be\/fr\/wp-json\/wp\/v2\/comments?post=57769"}],"wp:featuredmedia":[{"embeddable":true,"href":"https:\/\/sundar.be\/fr\/wp-json\/wp\/v2\/media\/55683"}],"wp:attachment":[{"href":"https:\/\/sundar.be\/fr\/wp-json\/wp\/v2\/media?parent=57769"}],"wp:term":[{"taxonomy":"product_brand","embeddable":true,"href":"https:\/\/sundar.be\/fr\/wp-json\/wp\/v2\/product_brand?post=57769"},{"taxonomy":"product_cat","embeddable":true,"href":"https:\/\/sundar.be\/fr\/wp-json\/wp\/v2\/product_cat?post=57769"},{"taxonomy":"product_tag","embeddable":true,"href":"https:\/\/sundar.be\/fr\/wp-json\/wp\/v2\/product_tag?post=57769"}],"curies":[{"name":"wp","href":"https:\/\/api.w.org\/{rel}","templated":true}]}}