{"id":57768,"date":"2025-09-17T13:00:56","date_gmt":"2025-09-17T11:00:56","guid":{"rendered":"https:\/\/sundar.be\/product\/chi-hay-fields-mix-olie-10ml\/"},"modified":"2025-11-25T15:58:55","modified_gmt":"2025-11-25T14:58:55","slug":"chi-hay-fields-mix-olie-10ml","status":"publish","type":"product","link":"https:\/\/sundar.be\/fr\/produit\/chi-hay-fields-mix-olie-10ml\/","title":{"rendered":"Chi Hay Fields Mix Olie 10ml"},"content":{"rendered":"<p>L\u2019huile de m\u00e9lange Hayfields apporte de l\u2019air gr\u00e2ce \u00e0 la pr\u00e9sence de pin sylvestre et de romarin d\u2019Espagne. De plus, ce m\u00e9lange contient \u00e9galement plusieurs huiles telles que l\u2019orange, le gingembre, la cannelle et le lavandin que la plupart des gens ne s\u2019attendraient pas \u00e0 trouver dans une huile de m\u00e9lange. Pourtant, il s\u2019agit d\u2019une huile populaire pour la diffusion \u00e0 la maison. Une fragrance relaxante et tr\u00e8s particuli\u00e8re qui se distingue et donne une sensation d\u2019espace et de libert\u00e9. Une huile agr\u00e9able qui convient parfaitement \u00e0 l\u2019automne, gr\u00e2ce \u00e0 son action purifiante.    <\/p>\n","protected":false},"excerpt":{"rendered":"<p>L\u2019huile de m\u00e9lange Hayfields apporte de l\u2019air gr\u00e2ce \u00e0 la pr\u00e9sence de pin sylvestre et de romarin d\u2019Espagne. De plus, ce m\u00e9lange contient \u00e9galement plusieurs huiles telles que l\u2019orange, le gingembre, la cannelle et le lavandin que la plupart des gens ne s\u2019attendraient pas \u00e0 trouver dans une huile de m\u00e9lange. Pourtant, il s\u2019agit d\u2019une [&hellip;]<\/p>\n","protected":false},"featured_media":55650,"comment_status":"open","ping_status":"closed","template":"","meta":{"_acf_changed":false},"product_brand":[],"product_cat":[6090,5678,6098,4972],"product_tag":[],"class_list":{"0":"post-57768","1":"product","2":"type-product","3":"status-publish","4":"has-post-thumbnail","6":"product_cat-chi-natural-life","7":"product_cat-huile-essentielles","8":"product_cat-melange-huiles-essentielles","9":"product_cat-nos-marques","11":"first","12":"instock","13":"taxable","14":"shipping-taxable","15":"product-type-simple"},"acf":[],"_links":{"self":[{"href":"https:\/\/sundar.be\/fr\/wp-json\/wp\/v2\/product\/57768","targetHints":{"allow":["GET"]}}],"collection":[{"href":"https:\/\/sundar.be\/fr\/wp-json\/wp\/v2\/product"}],"about":[{"href":"https:\/\/sundar.be\/fr\/wp-json\/wp\/v2\/types\/product"}],"replies":[{"embeddable":true,"href":"https:\/\/sundar.be\/fr\/wp-json\/wp\/v2\/comments?post=57768"}],"wp:featuredmedia":[{"embeddable":true,"href":"https:\/\/sundar.be\/fr\/wp-json\/wp\/v2\/media\/55650"}],"wp:attachment":[{"href":"https:\/\/sundar.be\/fr\/wp-json\/wp\/v2\/media?parent=57768"}],"wp:term":[{"taxonomy":"product_brand","embeddable":true,"href":"https:\/\/sundar.be\/fr\/wp-json\/wp\/v2\/product_brand?post=57768"},{"taxonomy":"product_cat","embeddable":true,"href":"https:\/\/sundar.be\/fr\/wp-json\/wp\/v2\/product_cat?post=57768"},{"taxonomy":"product_tag","embeddable":true,"href":"https:\/\/sundar.be\/fr\/wp-json\/wp\/v2\/product_tag?post=57768"}],"curies":[{"name":"wp","href":"https:\/\/api.w.org\/{rel}","templated":true}]}}