{"id":57766,"date":"2025-09-16T15:12:06","date_gmt":"2025-09-16T13:12:06","guid":{"rendered":"https:\/\/sundar.be\/product\/chi-hydrolat-de-fleur-doranger-biologique-150-ml\/"},"modified":"2025-11-25T15:54:59","modified_gmt":"2025-11-25T14:54:59","slug":"chi-hydrolat-de-fleur-doranger-biologique-150-ml","status":"publish","type":"product","link":"https:\/\/sundar.be\/fr\/produit\/chi-hydrolat-de-fleur-doranger-biologique-150-ml\/","title":{"rendered":"Chi Hydrolat de Fleur d\u2019Oranger (Biologique) 150 ml"},"content":{"rendered":"<div class=\"block-title\"><strong>Description<\/strong><\/div>\n<div class=\"block-content pdp-full-desc read-opened\">\n<p>Une eau florale obtenue \u00e0 partir des fleurs du bigaradier. Un parfum floral fantastique et intrigant. En raison de son parfum, l\u2019hydrolat de fleur d\u2019oranger est utilis\u00e9 dans les cosm\u00e9tiques. L\u00e9g\u00e8rement hydratant pour la couche externe de la peau et agr\u00e9able pour les peaux sensibles. Gr\u00e2ce \u00e0 son l\u00e9ger effet astringent, la fleur d\u2019oranger est id\u00e9ale pour les peaux grasses. Pour une peau s\u00e8che, il est conseill\u00e9 de m\u00e9langer la fleur d\u2019oranger avec de l\u2019hydrolat de rose ou de lavande. Une petite quantit\u00e9 dans le bain agit comme un parfum. Dans chaque chambre de b\u00e9b\u00e9, cet hydrolat doux devrait \u00eatre pr\u00e9sent pour le soin de la peau d\u00e9licate des tout-petits.       <\/p>\n<h2>Que sont les hydrolats ?<br \/><\/h2>\n<p>Lors de la distillation des plantes, deux produits apparaissent : l\u2019huile essentielle et l\u2019hydrolat. Un hydrolat contient des composants et actifs diff\u00e9rents de ceux de l\u2019huile essentielle issue de la m\u00eame mati\u00e8re v\u00e9g\u00e9tale. Les hydrolats sont moins puissants que les huiles essentielles mais certainement pas moins qualitatifs ! Ils sont polyvalents et faciles \u00e0 utiliser : de la simple fra\u00eecheur au soin d\u2019une peau tr\u00e8s sensible.   <\/p>\n<\/div>\n","protected":false},"excerpt":{"rendered":"<p>Description Une eau florale obtenue \u00e0 partir des fleurs du bigaradier. Un parfum floral fantastique et intrigant. En raison de son parfum, l\u2019hydrolat de fleur d\u2019oranger est utilis\u00e9 dans les cosm\u00e9tiques. L\u00e9g\u00e8rement hydratant pour la couche externe de la peau et agr\u00e9able pour les peaux sensibles. Gr\u00e2ce \u00e0 son l\u00e9ger effet astringent, la fleur d\u2019oranger [&hellip;]<\/p>\n","protected":false},"featured_media":56751,"comment_status":"open","ping_status":"closed","template":"","meta":{"_acf_changed":false},"product_brand":[],"product_cat":[6090,6106,4972],"product_tag":[],"class_list":{"0":"post-57766","1":"product","2":"type-product","3":"status-publish","4":"has-post-thumbnail","6":"product_cat-chi-natural-life","7":"product_cat-chi-soin-de-la-peau","8":"product_cat-nos-marques","10":"first","11":"instock","12":"taxable","13":"shipping-taxable","14":"product-type-simple"},"acf":[],"_links":{"self":[{"href":"https:\/\/sundar.be\/fr\/wp-json\/wp\/v2\/product\/57766","targetHints":{"allow":["GET"]}}],"collection":[{"href":"https:\/\/sundar.be\/fr\/wp-json\/wp\/v2\/product"}],"about":[{"href":"https:\/\/sundar.be\/fr\/wp-json\/wp\/v2\/types\/product"}],"replies":[{"embeddable":true,"href":"https:\/\/sundar.be\/fr\/wp-json\/wp\/v2\/comments?post=57766"}],"wp:featuredmedia":[{"embeddable":true,"href":"https:\/\/sundar.be\/fr\/wp-json\/wp\/v2\/media\/56751"}],"wp:attachment":[{"href":"https:\/\/sundar.be\/fr\/wp-json\/wp\/v2\/media?parent=57766"}],"wp:term":[{"taxonomy":"product_brand","embeddable":true,"href":"https:\/\/sundar.be\/fr\/wp-json\/wp\/v2\/product_brand?post=57766"},{"taxonomy":"product_cat","embeddable":true,"href":"https:\/\/sundar.be\/fr\/wp-json\/wp\/v2\/product_cat?post=57766"},{"taxonomy":"product_tag","embeddable":true,"href":"https:\/\/sundar.be\/fr\/wp-json\/wp\/v2\/product_tag?post=57766"}],"curies":[{"name":"wp","href":"https:\/\/api.w.org\/{rel}","templated":true}]}}