{"id":57764,"date":"2025-09-16T11:50:12","date_gmt":"2025-09-16T09:50:12","guid":{"rendered":"https:\/\/sundar.be\/product\/chi-aloe-vera-cooling-gel-100ml\/"},"modified":"2025-11-25T15:54:07","modified_gmt":"2025-11-25T14:54:07","slug":"chi-aloe-vera-cooling-gel-100ml","status":"publish","type":"product","link":"https:\/\/sundar.be\/fr\/produit\/chi-aloe-vera-cooling-gel-100ml\/","title":{"rendered":"Chi Alo\u00eb Vera Cooling Gel 100ml"},"content":{"rendered":"<h2>Une approche 100 % naturelle !<\/h2>\n<p>L\u2019aloe vera est un produit v\u00e9g\u00e9tal ancestral, puissant, reconnu pour son effet rafra\u00eechissant et apaisant sur la peau. Dans certaines situations, seule la Chi Aloe Vera Cooling Gel peut apporter un soulagement imm\u00e9diat : irritation caus\u00e9e par la chenille processionnaire, apr\u00e8s une exposition au soleil, apr\u00e8s l\u2019\u00e9pilation, en cas de peau rouge et sensibilis\u00e9e, ou encore pour apaiser la peau apr\u00e8s des piq\u00fbres d\u2019insectes ou de m\u00e9duses. <\/p>\n<p>L\u2019aloe vera est LA plante de l\u2019\u00e9t\u00e9 pour prendre soin de votre peau. Cette aloe vera provient de cultures biologiques certifi\u00e9es IASC (Aloe barbadensis). Optez pour Chi Aloe Vera Cooling Gel \u00e0 base de 100 % d\u2019aloe vera biologique : contrairement \u00e0 un simple extrait, elle conserve l\u2019ensemble des propri\u00e9t\u00e9s actives de la plante fra\u00eeche.<br \/>Vitamines, enzymes, min\u00e9raux et acides amin\u00e9s assurent une action protectrice intense et une excellente r\u00e9gulation de l\u2019hydratation cutan\u00e9e.    <\/p>\n<p>Notre gel ne contient pas d\u2019alcool, pour \u00e9viter tout dess\u00e8chement de la peau. L\u2019ajout d\u2019eaux florales biologiques de rose et de lavande apporte une sensation de fra\u00eecheur suppl\u00e9mentaire, tout en parfument d\u00e9licatement la peau. Ces hydrolats floraux purs purifient, apaisent et r\u00e9gulent l\u2019hydratation.<br \/>Chi Aloe Vera Cooling Gel convient \u00e0 tous les types de peau, particuli\u00e8rement aux peaux s\u00e8ches ou d\u00e9shydrat\u00e9es. Elle nourrit la peau, aide \u00e0 pr\u00e9server son \u00e9lasticit\u00e9 et constitue un hydratant naturel.    <\/p>\n","protected":false},"excerpt":{"rendered":"<p>Une approche 100 % naturelle ! L\u2019aloe vera est un produit v\u00e9g\u00e9tal ancestral, puissant, reconnu pour son effet rafra\u00eechissant et apaisant sur la peau. Dans certaines situations, seule la Chi Aloe Vera Cooling Gel peut apporter un soulagement imm\u00e9diat : irritation caus\u00e9e par la chenille processionnaire, apr\u00e8s une exposition au soleil, apr\u00e8s l\u2019\u00e9pilation, en cas [&hellip;]<\/p>\n","protected":false},"featured_media":57481,"comment_status":"open","ping_status":"closed","template":"","meta":{"_acf_changed":false},"product_brand":[],"product_cat":[6090,6106,4972],"product_tag":[],"class_list":{"0":"post-57764","1":"product","2":"type-product","3":"status-publish","4":"has-post-thumbnail","6":"product_cat-chi-natural-life","7":"product_cat-chi-soin-de-la-peau","8":"product_cat-nos-marques","10":"first","11":"instock","12":"taxable","13":"shipping-taxable","14":"product-type-simple"},"acf":[],"_links":{"self":[{"href":"https:\/\/sundar.be\/fr\/wp-json\/wp\/v2\/product\/57764","targetHints":{"allow":["GET"]}}],"collection":[{"href":"https:\/\/sundar.be\/fr\/wp-json\/wp\/v2\/product"}],"about":[{"href":"https:\/\/sundar.be\/fr\/wp-json\/wp\/v2\/types\/product"}],"replies":[{"embeddable":true,"href":"https:\/\/sundar.be\/fr\/wp-json\/wp\/v2\/comments?post=57764"}],"wp:featuredmedia":[{"embeddable":true,"href":"https:\/\/sundar.be\/fr\/wp-json\/wp\/v2\/media\/57481"}],"wp:attachment":[{"href":"https:\/\/sundar.be\/fr\/wp-json\/wp\/v2\/media?parent=57764"}],"wp:term":[{"taxonomy":"product_brand","embeddable":true,"href":"https:\/\/sundar.be\/fr\/wp-json\/wp\/v2\/product_brand?post=57764"},{"taxonomy":"product_cat","embeddable":true,"href":"https:\/\/sundar.be\/fr\/wp-json\/wp\/v2\/product_cat?post=57764"},{"taxonomy":"product_tag","embeddable":true,"href":"https:\/\/sundar.be\/fr\/wp-json\/wp\/v2\/product_tag?post=57764"}],"curies":[{"name":"wp","href":"https:\/\/api.w.org\/{rel}","templated":true}]}}