{"id":57763,"date":"2025-09-16T09:15:25","date_gmt":"2025-09-16T07:15:25","guid":{"rendered":"https:\/\/sundar.be\/product\/chi-dreamcatcher-mix-olie-10ml\/"},"modified":"2025-11-25T15:53:35","modified_gmt":"2025-11-25T14:53:35","slug":"chi-dreamcatcher-mix-olie-10ml","status":"publish","type":"product","link":"https:\/\/sundar.be\/fr\/produit\/chi-dreamcatcher-mix-olie-10ml\/","title":{"rendered":"Chi Dreamcatcher Mix Olie, 10ml"},"content":{"rendered":"<p>Dreamcatcher est une huile qui apporte positivit\u00e9 et gaiet\u00e9 dans un environnement agit\u00e9. Il s\u2019agit d\u2019un m\u00e9lange de mandarine rouge, d\u2019orange douce, de bergamote et d\u2019une touche de sauge. Cette huile harmonise l\u2019atmosfeer dans la pi\u00e8ce et peut \u00e9galement plaire comme huile pour la chambre \u00e0 coucher, aussi bien pour les enfants que pour les personnes qui recherchent une huile apaisante sans lavande ni camomille. Souvent, la lavande et\/ou la camomille sont ajout\u00e9es aux formules destin\u00e9es \u00e0 favoriser le sommeil, mais leurs parfums sont tr\u00e8s prononc\u00e9s. Dreamcatcher est un m\u00e9lange sans ces huiles connues, mais offre malgr\u00e9 tout un effet apaisant gr\u00e2ce \u00e0 son parfum frais, positif et agr\u00e9able. Depuis des centaines d\u2019ann\u00e9es, la sauge est reconnue comme une plante capable de dissiper les mauvaises pens\u00e9es et les \u00e9nergies, et est consid\u00e9r\u00e9e comme un purificateur de l\u2019espace. Cette huile exceptionnelle donne \u00e0 Dreamcatcher une touche tr\u00e8s particuli\u00e8re.     <\/p>\n","protected":false},"excerpt":{"rendered":"<p>Dreamcatcher est une huile qui apporte positivit\u00e9 et gaiet\u00e9 dans un environnement agit\u00e9. Il s\u2019agit d\u2019un m\u00e9lange de mandarine rouge, d\u2019orange douce, de bergamote et d\u2019une touche de sauge. Cette huile harmonise l\u2019atmosfeer dans la pi\u00e8ce et peut \u00e9galement plaire comme huile pour la chambre \u00e0 coucher, aussi bien pour les enfants que pour les [&hellip;]<\/p>\n","protected":false},"featured_media":57629,"comment_status":"open","ping_status":"closed","template":"","meta":{"_acf_changed":false},"product_brand":[],"product_cat":[6090,5678,6098,4972],"product_tag":[],"class_list":{"0":"post-57763","1":"product","2":"type-product","3":"status-publish","4":"has-post-thumbnail","6":"product_cat-chi-natural-life","7":"product_cat-huile-essentielles","8":"product_cat-melange-huiles-essentielles","9":"product_cat-nos-marques","11":"first","12":"instock","13":"taxable","14":"shipping-taxable","15":"product-type-simple"},"acf":[],"_links":{"self":[{"href":"https:\/\/sundar.be\/fr\/wp-json\/wp\/v2\/product\/57763","targetHints":{"allow":["GET"]}}],"collection":[{"href":"https:\/\/sundar.be\/fr\/wp-json\/wp\/v2\/product"}],"about":[{"href":"https:\/\/sundar.be\/fr\/wp-json\/wp\/v2\/types\/product"}],"replies":[{"embeddable":true,"href":"https:\/\/sundar.be\/fr\/wp-json\/wp\/v2\/comments?post=57763"}],"wp:featuredmedia":[{"embeddable":true,"href":"https:\/\/sundar.be\/fr\/wp-json\/wp\/v2\/media\/57629"}],"wp:attachment":[{"href":"https:\/\/sundar.be\/fr\/wp-json\/wp\/v2\/media?parent=57763"}],"wp:term":[{"taxonomy":"product_brand","embeddable":true,"href":"https:\/\/sundar.be\/fr\/wp-json\/wp\/v2\/product_brand?post=57763"},{"taxonomy":"product_cat","embeddable":true,"href":"https:\/\/sundar.be\/fr\/wp-json\/wp\/v2\/product_cat?post=57763"},{"taxonomy":"product_tag","embeddable":true,"href":"https:\/\/sundar.be\/fr\/wp-json\/wp\/v2\/product_tag?post=57763"}],"curies":[{"name":"wp","href":"https:\/\/api.w.org\/{rel}","templated":true}]}}