{"id":57756,"date":"2025-08-27T07:59:09","date_gmt":"2025-08-27T05:59:09","guid":{"rendered":"https:\/\/sundar.be\/product\/care-set-protecting\/"},"modified":"2025-12-01T12:25:53","modified_gmt":"2025-12-01T11:25:53","slug":"care-set-protecting","status":"publish","type":"product","link":"https:\/\/sundar.be\/fr\/produit\/care-set-protecting\/","title":{"rendered":"LCN Care Set Protecting"},"content":{"rendered":"<p><span style=\"color: #557e96;\"><strong>LCN Care Set Protecting<\/strong><\/span> est un coffret cadeau luxueux comprenant deux produits de soin protecteurs : une cr\u00e8me pour les mains nourrissante <span style=\"color: #557e96;\"><strong><a style=\"color: #557e96;\" href=\"https:\/\/sundar.be\/product\/protecting-hand-cream\/\">Protecting Hand Cream<\/a><\/strong><\/span> et un s\u00e9um hydratant <span style=\"color: #557e96;\"><strong><a style=\"color: #557e96;\" href=\"https:\/\/sundar.be\/fr\/produit\/pineapple-refreshing-nail-shot-11ml\/\">Pineapple Refreshing Nail Shot<\/a><\/strong><\/span> . Cet ensemble aide \u00e0 restaurer, adoucir et prot\u00e9ger les mains et les ongles contre les agressions ext\u00e9rieures. Gr\u00e2ce \u00e0 de puissants extraits v\u00e9g\u00e9taux, \u00e0 des vitamines et \u00e0 des agents hydratants, cet ensemble est id\u00e9al pour choyer et prot\u00e9ger davantage la peau et les ongles.<\/p>\n","protected":false},"excerpt":{"rendered":"<p>Un coffret de soin qui nourrit intens\u00e9ment les mains et prot\u00e8ge et revitalise les ongles. Le set parfait pour une routine quotidienne ou comme cadeau pour choyer mains et ongles. <\/p>\n","protected":false},"featured_media":54833,"comment_status":"open","ping_status":"closed","template":"","meta":{"_acf_changed":false},"product_brand":[],"product_cat":[6229,4936,6235,1476,6233,1440,1467,4907],"product_tag":[],"class_list":{"0":"post-57756","1":"product","2":"type-product","3":"status-publish","4":"has-post-thumbnail","6":"product_cat-lcn-soins-highlights","7":"product_cat-lcn-fr","8":"product_cat-lcn-soins-mains-presentoirs-sets","9":"product_cat-sets-presentoires","10":"product_cat-lcn-soins-highlights-sets-cadeau","11":"product_cat-lcn-soin-de-mains","12":"product_cat-lcn-soin-des-ongles","13":"product_cat-soins","15":"first","16":"instock","17":"taxable","18":"shipping-taxable","19":"product-type-simple"},"acf":[],"_links":{"self":[{"href":"https:\/\/sundar.be\/fr\/wp-json\/wp\/v2\/product\/57756","targetHints":{"allow":["GET"]}}],"collection":[{"href":"https:\/\/sundar.be\/fr\/wp-json\/wp\/v2\/product"}],"about":[{"href":"https:\/\/sundar.be\/fr\/wp-json\/wp\/v2\/types\/product"}],"replies":[{"embeddable":true,"href":"https:\/\/sundar.be\/fr\/wp-json\/wp\/v2\/comments?post=57756"}],"wp:featuredmedia":[{"embeddable":true,"href":"https:\/\/sundar.be\/fr\/wp-json\/wp\/v2\/media\/54833"}],"wp:attachment":[{"href":"https:\/\/sundar.be\/fr\/wp-json\/wp\/v2\/media?parent=57756"}],"wp:term":[{"taxonomy":"product_brand","embeddable":true,"href":"https:\/\/sundar.be\/fr\/wp-json\/wp\/v2\/product_brand?post=57756"},{"taxonomy":"product_cat","embeddable":true,"href":"https:\/\/sundar.be\/fr\/wp-json\/wp\/v2\/product_cat?post=57756"},{"taxonomy":"product_tag","embeddable":true,"href":"https:\/\/sundar.be\/fr\/wp-json\/wp\/v2\/product_tag?post=57756"}],"curies":[{"name":"wp","href":"https:\/\/api.w.org\/{rel}","templated":true}]}}