{"id":57687,"date":"2025-09-16T08:44:13","date_gmt":"2025-09-16T06:44:13","guid":{"rendered":"https:\/\/sundar.be\/product\/chi-zomermix-20ml-eucalyptus-citroen-citronella\/"},"modified":"2025-11-24T11:17:54","modified_gmt":"2025-11-24T10:17:54","slug":"chi-zomermix-20ml-eucalyptus-citroen-citronella","status":"publish","type":"product","link":"https:\/\/sundar.be\/fr\/produit\/chi-zomermix-20ml-eucalyptus-citroen-citronella\/","title":{"rendered":"Chi Zomermix, 20ml (Eucalyptus, Citroen &amp; Citronella)"},"content":{"rendered":"<p>La combinaison de la citronnelle et de l\u2019eucalyptus citronn\u00e9 est LE m\u00e9lange de l\u2019\u00e9t\u00e9 ! L\u2019odeur de ce mix rappelle celle de la classique bougie \u00e0 la citronnelle que l\u2019on utilise souvent pendant la saison estivale. La Zomermix est une alternative naturelle au parfum frais et citronn\u00e9. D\u00e9pose quelques gouttes sur une Aromastone Wood, un bloc parfum\u00e9 ou le Cozy Aromaburner et garde-le pr\u00e8s de toi pour une v\u00e9ritable sensation de vie en plein air. N\u2019oublie donc pas ce m\u00e9lange lorsque tu pars en vacances.    <\/p>\n<p>La Zomermix est \u00e9galement une aide pr\u00e9cieuse pour chasser les mauvaises odeurs comme la fum\u00e9e et procure une sensation d\u2019\u00e9nergie fra\u00eeche et renouvel\u00e9e.<\/p>\n","protected":false},"excerpt":{"rendered":"<p>La combinaison de la citronnelle et de l\u2019eucalyptus citronn\u00e9 est LE m\u00e9lange de l\u2019\u00e9t\u00e9 ! L\u2019odeur de ce mix rappelle celle de la classique bougie \u00e0 la citronnelle que l\u2019on utilise souvent pendant la saison estivale. La Zomermix est une alternative naturelle au parfum frais et citronn\u00e9. D\u00e9pose quelques gouttes sur une Aromastone Wood, un [&hellip;]<\/p>\n","protected":false},"featured_media":57686,"comment_status":"open","ping_status":"closed","template":"","meta":{"_acf_changed":false},"product_brand":[],"product_cat":[6090,5678,6098,4972],"product_tag":[],"class_list":{"0":"post-57687","1":"product","2":"type-product","3":"status-publish","4":"has-post-thumbnail","6":"product_cat-chi-natural-life","7":"product_cat-huile-essentielles","8":"product_cat-melange-huiles-essentielles","9":"product_cat-nos-marques","11":"first","12":"instock","13":"taxable","14":"shipping-taxable","15":"product-type-simple"},"acf":[],"_links":{"self":[{"href":"https:\/\/sundar.be\/fr\/wp-json\/wp\/v2\/product\/57687","targetHints":{"allow":["GET"]}}],"collection":[{"href":"https:\/\/sundar.be\/fr\/wp-json\/wp\/v2\/product"}],"about":[{"href":"https:\/\/sundar.be\/fr\/wp-json\/wp\/v2\/types\/product"}],"replies":[{"embeddable":true,"href":"https:\/\/sundar.be\/fr\/wp-json\/wp\/v2\/comments?post=57687"}],"wp:featuredmedia":[{"embeddable":true,"href":"https:\/\/sundar.be\/fr\/wp-json\/wp\/v2\/media\/57686"}],"wp:attachment":[{"href":"https:\/\/sundar.be\/fr\/wp-json\/wp\/v2\/media?parent=57687"}],"wp:term":[{"taxonomy":"product_brand","embeddable":true,"href":"https:\/\/sundar.be\/fr\/wp-json\/wp\/v2\/product_brand?post=57687"},{"taxonomy":"product_cat","embeddable":true,"href":"https:\/\/sundar.be\/fr\/wp-json\/wp\/v2\/product_cat?post=57687"},{"taxonomy":"product_tag","embeddable":true,"href":"https:\/\/sundar.be\/fr\/wp-json\/wp\/v2\/product_tag?post=57687"}],"curies":[{"name":"wp","href":"https:\/\/api.w.org\/{rel}","templated":true}]}}