{"id":57685,"date":"2025-09-16T08:46:09","date_gmt":"2025-09-16T06:46:09","guid":{"rendered":"https:\/\/sundar.be\/product\/chi-wespenmix-20ml\/"},"modified":"2025-11-24T11:16:03","modified_gmt":"2025-11-24T10:16:03","slug":"chi-wespenmix-20ml","status":"publish","type":"product","link":"https:\/\/sundar.be\/fr\/produit\/chi-wespenmix-20ml\/","title":{"rendered":"Chi Wespenmix, 20ml"},"content":{"rendered":"<p class=\"p1\">Vis-tu beaucoup \u00e0 l\u2019ext\u00e9rieur en \u00e9t\u00e9 ? Alors ce m\u00e9lange est un excellent choix pour toi, amateur de la belle saison. En \u00e9t\u00e9, les gu\u00eapes apparaissent en masse \u2013 elles aussi aiment cette p\u00e9riode. Traditionnellement, on plante souvent des clous de girofle dans un citron que l\u2019on d\u00e9pose ensuite sur la table \u00e0 l\u2019ext\u00e9rieur. Ce m\u00e9lange d\u2019huiles s\u2019inspire de cette odeur typique du citron doux et frais associ\u00e9 au clou de girofle \u00e9pic\u00e9. Le citron et le clou de girofle sont ici combin\u00e9s \u00e0 la citronnelle, au romarin, \u00e0 la menthe poivr\u00e9e et au g\u00e9ranium.     <\/p>\n<p class=\"p1\">En d\u00e9posant quelques gouttes de ce m\u00e9lange sur une pierre parfum\u00e9e, tu combines des dizaines de citrons avec des milliers de clous de girofle ! La Wespenmix est donc une alternative plus \u00e9conomique et plus durable \u00e0 l\u2019utilisation traditionnelle du citron et des clous de girofle. D\u00e9pose quelques gouttes sur une Aromastone Wood, un bloc parfum\u00e9 ou le Cozy Aromaburner et garde-le pr\u00e8s de toi pour une v\u00e9ritable sensation de vie en plein air. N\u2019oublie donc pas ce m\u00e9lange lorsque tu pars en vacances.   <\/p>\n","protected":false},"excerpt":{"rendered":"<p>Vis-tu beaucoup \u00e0 l\u2019ext\u00e9rieur en \u00e9t\u00e9 ? Alors ce m\u00e9lange est un excellent choix pour toi, amateur de la belle saison. En \u00e9t\u00e9, les gu\u00eapes apparaissent en masse \u2013 elles aussi aiment cette p\u00e9riode. Traditionnellement, on plante souvent des clous de girofle dans un citron que l\u2019on d\u00e9pose ensuite sur la table \u00e0 l\u2019ext\u00e9rieur. Ce [&hellip;]<\/p>\n","protected":false},"featured_media":57677,"comment_status":"open","ping_status":"closed","template":"","meta":{"_acf_changed":false},"product_brand":[],"product_cat":[6090,5678,6098,4972],"product_tag":[],"class_list":{"0":"post-57685","1":"product","2":"type-product","3":"status-publish","4":"has-post-thumbnail","6":"product_cat-chi-natural-life","7":"product_cat-huile-essentielles","8":"product_cat-melange-huiles-essentielles","9":"product_cat-nos-marques","11":"first","12":"instock","13":"taxable","14":"shipping-taxable","15":"product-type-simple"},"acf":[],"_links":{"self":[{"href":"https:\/\/sundar.be\/fr\/wp-json\/wp\/v2\/product\/57685","targetHints":{"allow":["GET"]}}],"collection":[{"href":"https:\/\/sundar.be\/fr\/wp-json\/wp\/v2\/product"}],"about":[{"href":"https:\/\/sundar.be\/fr\/wp-json\/wp\/v2\/types\/product"}],"replies":[{"embeddable":true,"href":"https:\/\/sundar.be\/fr\/wp-json\/wp\/v2\/comments?post=57685"}],"wp:featuredmedia":[{"embeddable":true,"href":"https:\/\/sundar.be\/fr\/wp-json\/wp\/v2\/media\/57677"}],"wp:attachment":[{"href":"https:\/\/sundar.be\/fr\/wp-json\/wp\/v2\/media?parent=57685"}],"wp:term":[{"taxonomy":"product_brand","embeddable":true,"href":"https:\/\/sundar.be\/fr\/wp-json\/wp\/v2\/product_brand?post=57685"},{"taxonomy":"product_cat","embeddable":true,"href":"https:\/\/sundar.be\/fr\/wp-json\/wp\/v2\/product_cat?post=57685"},{"taxonomy":"product_tag","embeddable":true,"href":"https:\/\/sundar.be\/fr\/wp-json\/wp\/v2\/product_tag?post=57685"}],"curies":[{"name":"wp","href":"https:\/\/api.w.org\/{rel}","templated":true}]}}