{"id":57679,"date":"2025-09-16T08:52:24","date_gmt":"2025-09-16T06:52:24","guid":{"rendered":"https:\/\/sundar.be\/product\/chi-davos-air-kuurolie-purification-de-lair\/"},"modified":"2025-11-24T11:17:23","modified_gmt":"2025-11-24T10:17:23","slug":"chi-davos-air-kuurolie-purification-de-lair","status":"publish","type":"product","link":"https:\/\/sundar.be\/fr\/produit\/chi-davos-air-kuurolie-purification-de-lair\/","title":{"rendered":"Chi Davos Air Kuurolie &#8211; Purification de l\u2019air"},"content":{"rendered":"<p><span data-contrast=\"auto\">Davos Air kuurolie est l\u2019huile essentielle mixte la plus populaire pour les voies respiratoires et une senteur id\u00e9ale pour un parfum frais dans la maison. Elle vous transporte \u00e0 Davos, en Suisse, dans les montagnes et les for\u00eats de pins.<br \/>\nDavos est un village des Alpes suisses o\u00f9, en plus des touristes, de nombreux patients pulmonaires viennent traditionnellement s\u00e9journer. Gr\u00e2ce \u00e0 son altitude \u00e9lev\u00e9e et \u00e0 son environnement bois\u00e9, on peut y profiter d\u2019un air particuli\u00e8rement sain ! L\u2019air pur dans les stations thermales comme Davos est en partie d\u00fb aux huiles essentielles \u00ab expir\u00e9es \u00bb par les for\u00eats de pins environnantes. On constate le m\u00eame effet dans nos propres for\u00eats : les huiles essentielles pr\u00e9sentes dans l\u2019air forestier nous permettent de respirer plus profond\u00e9ment et plus librement, m\u00eame chez les personnes sensibles aux parfums. C\u2019est ainsi que nous avons trouv\u00e9 le nom de notre gamme 100 % naturelle Davos Air. Les huiles essentielles fra\u00eeches de ce m\u00e9lange gardent l\u2019air sain et aident \u00e0 respirer plus librement. Davos kuurolie est donc LE m\u00e9lange id\u00e9al pour la purification de l\u2019air et le soutien des voies respiratoires.        <\/span>Davos kuurolie se compose de :<\/p>\n<ul>\n<li>huile de pin sylvestre<\/li>\n<li>huile d\u2019eucalyptus<\/li>\n<li>huile de menthe poivr\u00e9e<\/li>\n<li>huile de menthe des champs<\/li>\n<\/ul>\n","protected":false},"excerpt":{"rendered":"<p>Davos Air kuurolie est l\u2019huile essentielle mixte la plus populaire pour les voies respiratoires et une senteur id\u00e9ale pour un parfum frais dans la maison. Elle vous transporte \u00e0 Davos, en Suisse, dans les montagnes et les for\u00eats de pins. Davos est un village des Alpes suisses o\u00f9, en plus des touristes, de nombreux patients [&hellip;]<\/p>\n","protected":false},"featured_media":57676,"comment_status":"open","ping_status":"closed","template":"","meta":{"_acf_changed":false},"product_brand":[],"product_cat":[6090,5678,6098,4972],"product_tag":[],"class_list":{"0":"post-57679","1":"product","2":"type-product","3":"status-publish","4":"has-post-thumbnail","6":"product_cat-chi-natural-life","7":"product_cat-huile-essentielles","8":"product_cat-melange-huiles-essentielles","9":"product_cat-nos-marques","10":"pa_inhoud-10-ml-fr","11":"pa_inhoud-100-ml-fr","12":"pa_inhoud-30-ml-fr","14":"first","15":"instock","16":"taxable","17":"shipping-taxable","18":"product-type-variable"},"acf":[],"_links":{"self":[{"href":"https:\/\/sundar.be\/fr\/wp-json\/wp\/v2\/product\/57679","targetHints":{"allow":["GET"]}}],"collection":[{"href":"https:\/\/sundar.be\/fr\/wp-json\/wp\/v2\/product"}],"about":[{"href":"https:\/\/sundar.be\/fr\/wp-json\/wp\/v2\/types\/product"}],"replies":[{"embeddable":true,"href":"https:\/\/sundar.be\/fr\/wp-json\/wp\/v2\/comments?post=57679"}],"wp:featuredmedia":[{"embeddable":true,"href":"https:\/\/sundar.be\/fr\/wp-json\/wp\/v2\/media\/57676"}],"wp:attachment":[{"href":"https:\/\/sundar.be\/fr\/wp-json\/wp\/v2\/media?parent=57679"}],"wp:term":[{"taxonomy":"product_brand","embeddable":true,"href":"https:\/\/sundar.be\/fr\/wp-json\/wp\/v2\/product_brand?post=57679"},{"taxonomy":"product_cat","embeddable":true,"href":"https:\/\/sundar.be\/fr\/wp-json\/wp\/v2\/product_cat?post=57679"},{"taxonomy":"product_tag","embeddable":true,"href":"https:\/\/sundar.be\/fr\/wp-json\/wp\/v2\/product_tag?post=57679"}],"curies":[{"name":"wp","href":"https:\/\/api.w.org\/{rel}","templated":true}]}}