{"id":57672,"date":"2025-09-16T08:56:02","date_gmt":"2025-09-16T06:56:02","guid":{"rendered":"https:\/\/sundar.be\/product\/chi-lavinchi-relax-huile\/"},"modified":"2025-11-24T11:10:32","modified_gmt":"2025-11-24T10:10:32","slug":"chi-lavinchi-relax-huile","status":"publish","type":"product","link":"https:\/\/sundar.be\/fr\/produit\/chi-lavinchi-relax-huile\/","title":{"rendered":"Chi Lavinchi Relax Huile"},"content":{"rendered":"<p>Huile La Lavinchi Relax mix est une composition raffin\u00e9e \u00e0 base de vraie huile de lavande avec un parfum d\u00e9licieux. En combinant les propri\u00e9t\u00e9s apaisantes de la vraie lavande avec celles de la mandarine et de la marjolaine douce, une synergie fantastique est cr\u00e9\u00e9e avec un effet relaxant. L\u2019huile Lavinchi Relax aide \u00e0 se d\u00e9tendre en cas de stress et d\u2019agitation. Cette huile est un relaxant naturel qui aide \u00e0 bien dormir. \u00c0 tout moment de la journ\u00e9e, mais surtout le soir, l\u2019huile Lavinchi Relax r\u00e9v\u00e8le tout son potentiel.    <\/p>\n","protected":false},"excerpt":{"rendered":"<p>Huile La Lavinchi Relax mix est une composition raffin\u00e9e \u00e0 base de vraie huile de lavande avec un parfum d\u00e9licieux. En combinant les propri\u00e9t\u00e9s apaisantes de la vraie lavande avec celles de la mandarine et de la marjolaine douce, une synergie fantastique est cr\u00e9\u00e9e avec un effet relaxant. L\u2019huile Lavinchi Relax aide \u00e0 se d\u00e9tendre [&hellip;]<\/p>\n","protected":false},"featured_media":57669,"comment_status":"open","ping_status":"closed","template":"","meta":{"_acf_changed":false},"product_brand":[],"product_cat":[6090,5678,6098,4972],"product_tag":[],"class_list":{"0":"post-57672","1":"product","2":"type-product","3":"status-publish","4":"has-post-thumbnail","6":"product_cat-chi-natural-life","7":"product_cat-huile-essentielles","8":"product_cat-melange-huiles-essentielles","9":"product_cat-nos-marques","10":"pa_inhoud-10-ml-fr","11":"pa_inhoud-30-ml-fr","13":"first","14":"instock","15":"taxable","16":"shipping-taxable","17":"product-type-variable"},"acf":[],"_links":{"self":[{"href":"https:\/\/sundar.be\/fr\/wp-json\/wp\/v2\/product\/57672","targetHints":{"allow":["GET"]}}],"collection":[{"href":"https:\/\/sundar.be\/fr\/wp-json\/wp\/v2\/product"}],"about":[{"href":"https:\/\/sundar.be\/fr\/wp-json\/wp\/v2\/types\/product"}],"replies":[{"embeddable":true,"href":"https:\/\/sundar.be\/fr\/wp-json\/wp\/v2\/comments?post=57672"}],"wp:featuredmedia":[{"embeddable":true,"href":"https:\/\/sundar.be\/fr\/wp-json\/wp\/v2\/media\/57669"}],"wp:attachment":[{"href":"https:\/\/sundar.be\/fr\/wp-json\/wp\/v2\/media?parent=57672"}],"wp:term":[{"taxonomy":"product_brand","embeddable":true,"href":"https:\/\/sundar.be\/fr\/wp-json\/wp\/v2\/product_brand?post=57672"},{"taxonomy":"product_cat","embeddable":true,"href":"https:\/\/sundar.be\/fr\/wp-json\/wp\/v2\/product_cat?post=57672"},{"taxonomy":"product_tag","embeddable":true,"href":"https:\/\/sundar.be\/fr\/wp-json\/wp\/v2\/product_tag?post=57672"}],"curies":[{"name":"wp","href":"https:\/\/api.w.org\/{rel}","templated":true}]}}