{"id":57668,"date":"2025-09-16T08:58:32","date_gmt":"2025-09-16T06:58:32","guid":{"rendered":"https:\/\/sundar.be\/product\/chi-back-to-earth-mix-olie-10ml\/"},"modified":"2025-11-24T11:06:30","modified_gmt":"2025-11-24T10:06:30","slug":"chi-back-to-earth-mix-olie-10ml","status":"publish","type":"product","link":"https:\/\/sundar.be\/fr\/produit\/chi-back-to-earth-mix-olie-10ml\/","title":{"rendered":"Chi Back to Earth Mix Olie, 10ml"},"content":{"rendered":"<p>Back To Earth mix est un parfum qui invite \u00e0 r\u00eaver et \u00e0 retrouver, en toute tranquillit\u00e9, une nouvelle \u00e9nergie. Les ar\u00f4mes de patchouli et d\u2019ylang-ylang ram\u00e8nent \u00e0 la terre et \u00e0 l\u2019\u00e9quilibre naturel, tandis que l\u2019huile de lavande cr\u00e9e une atmosph\u00e8re encore plus apaisante. Ce m\u00e9lange est un excellent soutien pour la m\u00e9ditation et le yoga. Back to Earth est \u00e9galement souvent utilis\u00e9 dans les soins, car les personnes \u00e2g\u00e9es reconnaissent imm\u00e9diatement le patchouli comme le parfum des ann\u00e9es 60, qui leur rappelle m\u00eame Woodstock.    <\/p>\n<p>La Back to Earth mix contient les huiles essentielles de :<\/p>\n<p>\u2022 Lavande de Bulgarie<br \/>\n\u2022 Patchouli<br \/>\n\u2022 Ylang-ylang<\/p>\n","protected":false},"excerpt":{"rendered":"<p>Back To Earth mix est un parfum qui invite \u00e0 r\u00eaver et \u00e0 retrouver, en toute tranquillit\u00e9, une nouvelle \u00e9nergie. Les ar\u00f4mes de patchouli et d\u2019ylang-ylang ram\u00e8nent \u00e0 la terre et \u00e0 l\u2019\u00e9quilibre naturel, tandis que l\u2019huile de lavande cr\u00e9e une atmosph\u00e8re encore plus apaisante. Ce m\u00e9lange est un excellent soutien pour la m\u00e9ditation et [&hellip;]<\/p>\n","protected":false},"featured_media":57665,"comment_status":"open","ping_status":"closed","template":"","meta":{"_acf_changed":false},"product_brand":[],"product_cat":[6090,5678,6098,4972],"product_tag":[],"class_list":{"0":"post-57668","1":"product","2":"type-product","3":"status-publish","4":"has-post-thumbnail","6":"product_cat-chi-natural-life","7":"product_cat-huile-essentielles","8":"product_cat-melange-huiles-essentielles","9":"product_cat-nos-marques","11":"first","12":"instock","13":"taxable","14":"shipping-taxable","15":"product-type-simple"},"acf":[],"_links":{"self":[{"href":"https:\/\/sundar.be\/fr\/wp-json\/wp\/v2\/product\/57668","targetHints":{"allow":["GET"]}}],"collection":[{"href":"https:\/\/sundar.be\/fr\/wp-json\/wp\/v2\/product"}],"about":[{"href":"https:\/\/sundar.be\/fr\/wp-json\/wp\/v2\/types\/product"}],"replies":[{"embeddable":true,"href":"https:\/\/sundar.be\/fr\/wp-json\/wp\/v2\/comments?post=57668"}],"wp:featuredmedia":[{"embeddable":true,"href":"https:\/\/sundar.be\/fr\/wp-json\/wp\/v2\/media\/57665"}],"wp:attachment":[{"href":"https:\/\/sundar.be\/fr\/wp-json\/wp\/v2\/media?parent=57668"}],"wp:term":[{"taxonomy":"product_brand","embeddable":true,"href":"https:\/\/sundar.be\/fr\/wp-json\/wp\/v2\/product_brand?post=57668"},{"taxonomy":"product_cat","embeddable":true,"href":"https:\/\/sundar.be\/fr\/wp-json\/wp\/v2\/product_cat?post=57668"},{"taxonomy":"product_tag","embeddable":true,"href":"https:\/\/sundar.be\/fr\/wp-json\/wp\/v2\/product_tag?post=57668"}],"curies":[{"name":"wp","href":"https:\/\/api.w.org\/{rel}","templated":true}]}}