{"id":57667,"date":"2025-09-16T09:00:24","date_gmt":"2025-09-16T07:00:24","guid":{"rendered":"https:\/\/sundar.be\/product\/chi-wintertime-mix-olie-10ml\/"},"modified":"2025-11-24T11:05:35","modified_gmt":"2025-11-24T10:05:35","slug":"chi-wintertime-mix-olie-10ml","status":"publish","type":"product","link":"https:\/\/sundar.be\/fr\/produit\/chi-wintertime-mix-olie-10ml\/","title":{"rendered":"Chi Wintertime Mix Olie, 10ml"},"content":{"rendered":"<p>La Wintertime mix huile est l\u2019huile id\u00e9ale pour cr\u00e9er une ambiance chaleureuse et apaisante \u00e0 la maison. Wintertime est compos\u00e9e presque enti\u00e8rement d\u2019huiles aux propri\u00e9t\u00e9s fortement relaxantes et calmantes. Son parfum procure un sentiment de s\u00e9curit\u00e9 et de confort, particuli\u00e8rement appr\u00e9ci\u00e9 durant les sombres mois d\u2019hiver. Mais aussi en p\u00e9riode de stress ou d\u2019agitation, Wintertime apporte une atmosph\u00e8re sereine et r\u00e9confortante. Cette huile est tellement apaisante qu\u2019elle favorise un sommeil profond et reposant.    <\/p>\n<p>La Wintertime mix est compos\u00e9e des huiles essentielles de :<\/p>\n<p>\u2022 Orange douce<br \/>\n\u2022 Bois de H\u00f4<br \/>\n\u2022 Pin sylvestre<br \/>\n\u2022 Cannelle<br \/>\n\u2022 Encens<\/p>\n<p>Le pin sylvestre est l\u2019esp\u00e8ce de pin la plus connue dans notre pays. Son huile essentielle est un purificateur d\u2019air efficace et aide \u00e0 mieux respirer.<\/p>\n","protected":false},"excerpt":{"rendered":"<p>La Wintertime mix huile est l\u2019huile id\u00e9ale pour cr\u00e9er une ambiance chaleureuse et apaisante \u00e0 la maison. Wintertime est compos\u00e9e presque enti\u00e8rement d\u2019huiles aux propri\u00e9t\u00e9s fortement relaxantes et calmantes. Son parfum procure un sentiment de s\u00e9curit\u00e9 et de confort, particuli\u00e8rement appr\u00e9ci\u00e9 durant les sombres mois d\u2019hiver. Mais aussi en p\u00e9riode de stress ou d\u2019agitation, Wintertime [&hellip;]<\/p>\n","protected":false},"featured_media":57661,"comment_status":"open","ping_status":"closed","template":"","meta":{"_acf_changed":false},"product_brand":[],"product_cat":[6090,5678,6098,4972],"product_tag":[],"class_list":{"0":"post-57667","1":"product","2":"type-product","3":"status-publish","4":"has-post-thumbnail","6":"product_cat-chi-natural-life","7":"product_cat-huile-essentielles","8":"product_cat-melange-huiles-essentielles","9":"product_cat-nos-marques","11":"first","12":"instock","13":"taxable","14":"shipping-taxable","15":"product-type-simple"},"acf":[],"_links":{"self":[{"href":"https:\/\/sundar.be\/fr\/wp-json\/wp\/v2\/product\/57667","targetHints":{"allow":["GET"]}}],"collection":[{"href":"https:\/\/sundar.be\/fr\/wp-json\/wp\/v2\/product"}],"about":[{"href":"https:\/\/sundar.be\/fr\/wp-json\/wp\/v2\/types\/product"}],"replies":[{"embeddable":true,"href":"https:\/\/sundar.be\/fr\/wp-json\/wp\/v2\/comments?post=57667"}],"wp:featuredmedia":[{"embeddable":true,"href":"https:\/\/sundar.be\/fr\/wp-json\/wp\/v2\/media\/57661"}],"wp:attachment":[{"href":"https:\/\/sundar.be\/fr\/wp-json\/wp\/v2\/media?parent=57667"}],"wp:term":[{"taxonomy":"product_brand","embeddable":true,"href":"https:\/\/sundar.be\/fr\/wp-json\/wp\/v2\/product_brand?post=57667"},{"taxonomy":"product_cat","embeddable":true,"href":"https:\/\/sundar.be\/fr\/wp-json\/wp\/v2\/product_cat?post=57667"},{"taxonomy":"product_tag","embeddable":true,"href":"https:\/\/sundar.be\/fr\/wp-json\/wp\/v2\/product_tag?post=57667"}],"curies":[{"name":"wp","href":"https:\/\/api.w.org\/{rel}","templated":true}]}}