{"id":57664,"date":"2025-09-16T09:03:12","date_gmt":"2025-09-16T07:03:12","guid":{"rendered":"https:\/\/sundar.be\/product\/chi-citrusmix-olie-10ml\/"},"modified":"2025-11-24T11:04:30","modified_gmt":"2025-11-24T10:04:30","slug":"chi-citrusmix-olie-10ml","status":"publish","type":"product","link":"https:\/\/sundar.be\/fr\/produit\/chi-citrusmix-olie-10ml\/","title":{"rendered":"Chi Citrusmix Olie, 10ml"},"content":{"rendered":"<p>La Citrusmix est un m\u00e9lange naturel compos\u00e9 des huiles essentielles de citron, de pamplemousse, d\u2019orange douce et de patchouli. Difficile d\u2019imaginer plus de fra\u00eecheur dans une pi\u00e8ce qu\u2019avec ce m\u00e9lange d\u2019agrumes ! Gr\u00e2ce \u00e0 son parfum vif et caract\u00e9ristique, vous aurez l\u2019impression de vous trouver dans un verger ensoleill\u00e9 du sud. Jeunes et moins jeunes reconna\u00eetront et appr\u00e9cieront cette senteur. Le m\u00e9lange purifie l\u2019espace et vous remarquerez qu\u2019il aide \u00e0 am\u00e9liorer la concentration. De quoi mettre de bonne humeur !     <\/p>\n<ul>\n<li>L\u2019huile essentielle de citron apporte le soleil dans la maison et agit comme un puissant purificateur de l\u2019air ambiant.<\/li>\n<li>L\u2019huile essentielle de pamplemousse rend joyeux, purifie l\u2019air et apporte \u00e9nergie et mouvement.<\/li>\n<li>L\u2019huile essentielle d\u2019orange douce est l\u2019une des reines du soleil. Elle poss\u00e8de une grande valeur pour les probl\u00e8mes psychiques et physiques. L\u2019orange agit de mani\u00e8re stimulante, relaxante et est un purificateur d\u2019air efficace.  <\/li>\n<li>L\u2019huile essentielle de patchouli rappelle la menthe poivr\u00e9e. Elle agit de fa\u00e7on ancrante et revigorante, et est utile en cas de stress et de fatigue. La touche de patchouli a \u00e9t\u00e9 ajout\u00e9e pour prolonger la tenue de cette invasion d\u2019agrumes dans chaque pi\u00e8ce.  <\/li>\n<\/ul>\n","protected":false},"excerpt":{"rendered":"<p>La Citrusmix est un m\u00e9lange naturel compos\u00e9 des huiles essentielles de citron, de pamplemousse, d\u2019orange douce et de patchouli. Difficile d\u2019imaginer plus de fra\u00eecheur dans une pi\u00e8ce qu\u2019avec ce m\u00e9lange d\u2019agrumes ! Gr\u00e2ce \u00e0 son parfum vif et caract\u00e9ristique, vous aurez l\u2019impression de vous trouver dans un verger ensoleill\u00e9 du sud. Jeunes et moins jeunes [&hellip;]<\/p>\n","protected":false},"featured_media":57659,"comment_status":"open","ping_status":"closed","template":"","meta":{"_acf_changed":false},"product_brand":[],"product_cat":[6090,5678,6098,4972],"product_tag":[],"class_list":{"0":"post-57664","1":"product","2":"type-product","3":"status-publish","4":"has-post-thumbnail","6":"product_cat-chi-natural-life","7":"product_cat-huile-essentielles","8":"product_cat-melange-huiles-essentielles","9":"product_cat-nos-marques","11":"first","12":"instock","13":"taxable","14":"shipping-taxable","15":"product-type-simple"},"acf":[],"_links":{"self":[{"href":"https:\/\/sundar.be\/fr\/wp-json\/wp\/v2\/product\/57664","targetHints":{"allow":["GET"]}}],"collection":[{"href":"https:\/\/sundar.be\/fr\/wp-json\/wp\/v2\/product"}],"about":[{"href":"https:\/\/sundar.be\/fr\/wp-json\/wp\/v2\/types\/product"}],"replies":[{"embeddable":true,"href":"https:\/\/sundar.be\/fr\/wp-json\/wp\/v2\/comments?post=57664"}],"wp:featuredmedia":[{"embeddable":true,"href":"https:\/\/sundar.be\/fr\/wp-json\/wp\/v2\/media\/57659"}],"wp:attachment":[{"href":"https:\/\/sundar.be\/fr\/wp-json\/wp\/v2\/media?parent=57664"}],"wp:term":[{"taxonomy":"product_brand","embeddable":true,"href":"https:\/\/sundar.be\/fr\/wp-json\/wp\/v2\/product_brand?post=57664"},{"taxonomy":"product_cat","embeddable":true,"href":"https:\/\/sundar.be\/fr\/wp-json\/wp\/v2\/product_cat?post=57664"},{"taxonomy":"product_tag","embeddable":true,"href":"https:\/\/sundar.be\/fr\/wp-json\/wp\/v2\/product_tag?post=57664"}],"curies":[{"name":"wp","href":"https:\/\/api.w.org\/{rel}","templated":true}]}}