{"id":57663,"date":"2025-09-16T09:04:54","date_gmt":"2025-09-16T07:04:54","guid":{"rendered":"https:\/\/sundar.be\/product\/chi-summertime-mix-olie-10ml\/"},"modified":"2025-11-24T11:04:27","modified_gmt":"2025-11-24T10:04:27","slug":"chi-summertime-mix-olie-10ml","status":"publish","type":"product","link":"https:\/\/sundar.be\/fr\/produit\/chi-summertime-mix-olie-10ml\/","title":{"rendered":"Chi Summertime Mix Olie, 10ml"},"content":{"rendered":"<p>Summertime est une huile agr\u00e9able pour terminer la journ\u00e9e de travail, afin de rentrer chez soi d\u00e9tendu et d\u2019arriver \u00e0 la maison de bonne humeur. Summertime est \u00e9galement une huile id\u00e9ale lors d\u2019un entretien au travail, mais bien s\u00fbr aussi \u00e0 la maison pour se d\u00e9tendre, tout en apportant suffisamment d\u2019\u00e9nergie pour rester actif. Summertime est compos\u00e9e de lavandin, de menthe verte, de litsea et de g\u00e9ranium rosat.  <\/p>\n","protected":false},"excerpt":{"rendered":"<p>Summertime est une huile agr\u00e9able pour terminer la journ\u00e9e de travail, afin de rentrer chez soi d\u00e9tendu et d\u2019arriver \u00e0 la maison de bonne humeur. Summertime est \u00e9galement une huile id\u00e9ale lors d\u2019un entretien au travail, mais bien s\u00fbr aussi \u00e0 la maison pour se d\u00e9tendre, tout en apportant suffisamment d\u2019\u00e9nergie pour rester actif. Summertime [&hellip;]<\/p>\n","protected":false},"featured_media":57654,"comment_status":"open","ping_status":"closed","template":"","meta":{"_acf_changed":false},"product_brand":[],"product_cat":[6090,5678,6098,4972],"product_tag":[],"class_list":{"0":"post-57663","1":"product","2":"type-product","3":"status-publish","4":"has-post-thumbnail","6":"product_cat-chi-natural-life","7":"product_cat-huile-essentielles","8":"product_cat-melange-huiles-essentielles","9":"product_cat-nos-marques","11":"first","12":"instock","13":"taxable","14":"shipping-taxable","15":"product-type-simple"},"acf":[],"_links":{"self":[{"href":"https:\/\/sundar.be\/fr\/wp-json\/wp\/v2\/product\/57663","targetHints":{"allow":["GET"]}}],"collection":[{"href":"https:\/\/sundar.be\/fr\/wp-json\/wp\/v2\/product"}],"about":[{"href":"https:\/\/sundar.be\/fr\/wp-json\/wp\/v2\/types\/product"}],"replies":[{"embeddable":true,"href":"https:\/\/sundar.be\/fr\/wp-json\/wp\/v2\/comments?post=57663"}],"wp:featuredmedia":[{"embeddable":true,"href":"https:\/\/sundar.be\/fr\/wp-json\/wp\/v2\/media\/57654"}],"wp:attachment":[{"href":"https:\/\/sundar.be\/fr\/wp-json\/wp\/v2\/media?parent=57663"}],"wp:term":[{"taxonomy":"product_brand","embeddable":true,"href":"https:\/\/sundar.be\/fr\/wp-json\/wp\/v2\/product_brand?post=57663"},{"taxonomy":"product_cat","embeddable":true,"href":"https:\/\/sundar.be\/fr\/wp-json\/wp\/v2\/product_cat?post=57663"},{"taxonomy":"product_tag","embeddable":true,"href":"https:\/\/sundar.be\/fr\/wp-json\/wp\/v2\/product_tag?post=57663"}],"curies":[{"name":"wp","href":"https:\/\/api.w.org\/{rel}","templated":true}]}}