{"id":57656,"date":"2025-09-16T09:07:45","date_gmt":"2025-09-16T07:07:45","guid":{"rendered":"https:\/\/sundar.be\/product\/chi-happiness-mix-olie\/"},"modified":"2025-11-24T11:03:02","modified_gmt":"2025-11-24T10:03:02","slug":"chi-happiness-mix-olie","status":"publish","type":"product","link":"https:\/\/sundar.be\/fr\/produit\/chi-happiness-mix-olie\/","title":{"rendered":"Chi Happiness Mix Olie"},"content":{"rendered":"<h2><strong>La Happiness huile essentielle en m\u00e9lange est compos\u00e9e des huiles suivantes :<\/strong><\/h2>\n<p>\u2022 L\u2019orange fruit\u00e9e et fra\u00eeche<br \/>\n\u2022 La mandarine \u00e0 la chaleur d\u2019agrumes<br \/>\n\u2022 La bergamote \u00e0 la chaude note d\u2019agrumes<br \/>\n\u2022 Le benjoin \u00e0 la senteur riche et sucr\u00e9e<\/p>\n<h2>Parfum agr\u00e9able dans la maison<\/h2>\n<p>L\u2019huile Happiness apporte une agr\u00e9able odeur dans la maison et cr\u00e9e une ambiance joyeuse. Avec le parfum chaud du benjoin, on associe chaleur, d\u00e9tente et r\u00e9confort. Combin\u00e9e aux notes fra\u00eeches et sucr\u00e9es de l\u2019orange, de la bergamote et de la mandarine, Happiness apporte une atmosph\u00e8re joyeuse et \u00e9nergisante. L\u2019harmonie parfaite entre les notes sucr\u00e9es, fra\u00eeches et chaudes rend cette composition particuli\u00e8rement appr\u00e9ci\u00e9e. Il est presque impossible d\u2019apporter plus de gaiet\u00e9 dans une pi\u00e8ce avec un autre m\u00e9lange. Les enfants appr\u00e9cient \u00e9galement beaucoup cette fragrance. Happiness est l\u2019une des compositions d\u2019huiles essentielles les plus populaires de Chi.      <\/p>\n<p>Diffusez quelques gouttes de l\u2019huile essentielle Happiness selon vos envies pour un parfum agr\u00e9able dans la maison, au cabinet ou dans tout autre espace. Les senteurs naturelles d\u2019orange, de bergamote et de mandarine domineront d\u2019abord. Avec le temps, la note chaleureuse du benjoin ressortira davantage. Cette composition est id\u00e9ale pour commencer la journ\u00e9e avec bonne humeur, mais aussi pour une soir\u00e9e douce et relaxante. Comme elle rappelle un peu l\u2019odeur de biscuits fra\u00eechement cuits, c\u2019est \u00e9galement un parfum parfait pour la vente d\u2019une maison ou pour accueillir chaleureusement vos invit\u00e9s.    <\/p>\n<ul>\n<li>L\u2019huile essentielle d\u2019orange douce a un effet stimulant, relaxant et c\u2019est un purificateur d\u2019air efficace.<\/li>\n<li>L\u2019huile essentielle de mandarine agit de mani\u00e8re relaxante, apporte de la gaiet\u00e9 et est \u00e9galement tr\u00e8s appr\u00e9ci\u00e9e des enfants.<\/li>\n<li>L\u2019huile essentielle de bergamote est l\u2019huile par excellence pour am\u00e9liorer votre humeur. L\u2019huile de bergamote agit de mani\u00e8re apaisante, rafra\u00eechissante, \u00e9quilibrante et apporte de la gaiet\u00e9. <\/li>\n<li>L\u2019huile essentielle de benjoin n\u2019est pas vraiment une huile essentielle mais une r\u00e9sino\u00efde, un m\u00e9lange de r\u00e9sine et d\u2019huile essentielle. Son parfum chaud rappelle la vanille et le sirop, et poss\u00e8de un effet apaisant. <\/li>\n<\/ul>\n","protected":false},"excerpt":{"rendered":"<p>La Happiness huile essentielle en m\u00e9lange est compos\u00e9e des huiles suivantes : \u2022 L\u2019orange fruit\u00e9e et fra\u00eeche \u2022 La mandarine \u00e0 la chaleur d\u2019agrumes \u2022 La bergamote \u00e0 la chaude note d\u2019agrumes \u2022 Le benjoin \u00e0 la senteur riche et sucr\u00e9e Parfum agr\u00e9able dans la maison L\u2019huile Happiness apporte une agr\u00e9able odeur dans la maison [&hellip;]<\/p>\n","protected":false},"featured_media":57652,"comment_status":"open","ping_status":"closed","template":"","meta":{"_acf_changed":false},"product_brand":[],"product_cat":[6090,5678,6098,4972],"product_tag":[],"class_list":{"0":"post-57656","1":"product","2":"type-product","3":"status-publish","4":"has-post-thumbnail","6":"product_cat-chi-natural-life","7":"product_cat-huile-essentielles","8":"product_cat-melange-huiles-essentielles","9":"product_cat-nos-marques","10":"pa_inhoud-10-ml-fr","11":"pa_inhoud-50-ml-fr","13":"first","14":"instock","15":"taxable","16":"shipping-taxable","17":"product-type-variable"},"acf":[],"_links":{"self":[{"href":"https:\/\/sundar.be\/fr\/wp-json\/wp\/v2\/product\/57656","targetHints":{"allow":["GET"]}}],"collection":[{"href":"https:\/\/sundar.be\/fr\/wp-json\/wp\/v2\/product"}],"about":[{"href":"https:\/\/sundar.be\/fr\/wp-json\/wp\/v2\/types\/product"}],"replies":[{"embeddable":true,"href":"https:\/\/sundar.be\/fr\/wp-json\/wp\/v2\/comments?post=57656"}],"wp:featuredmedia":[{"embeddable":true,"href":"https:\/\/sundar.be\/fr\/wp-json\/wp\/v2\/media\/57652"}],"wp:attachment":[{"href":"https:\/\/sundar.be\/fr\/wp-json\/wp\/v2\/media?parent=57656"}],"wp:term":[{"taxonomy":"product_brand","embeddable":true,"href":"https:\/\/sundar.be\/fr\/wp-json\/wp\/v2\/product_brand?post=57656"},{"taxonomy":"product_cat","embeddable":true,"href":"https:\/\/sundar.be\/fr\/wp-json\/wp\/v2\/product_cat?post=57656"},{"taxonomy":"product_tag","embeddable":true,"href":"https:\/\/sundar.be\/fr\/wp-json\/wp\/v2\/product_tag?post=57656"}],"curies":[{"name":"wp","href":"https:\/\/api.w.org\/{rel}","templated":true}]}}