{"id":57651,"date":"2025-09-16T09:09:35","date_gmt":"2025-09-16T07:09:35","guid":{"rendered":"https:\/\/sundar.be\/product\/chi-flowers-mix-olie-10ml\/"},"modified":"2025-11-24T11:01:42","modified_gmt":"2025-11-24T10:01:42","slug":"chi-flowers-mix-olie-10ml","status":"publish","type":"product","link":"https:\/\/sundar.be\/fr\/produit\/chi-flowers-mix-olie-10ml\/","title":{"rendered":"Chi Flowers Mix Olie, 10ml"},"content":{"rendered":"<p>La Flowers mix est un m\u00e9lange de 8 huiles essentielles diff\u00e9rentes, dont les huiles biologiques am\u00e9liorant l\u2019humeur de bergamote, lavande, lavandin et g\u00e9ranium ! La palmarosa et le benjoin sont les composants chauds de cette huile, mais les notes super fra\u00eeches de lemongrass ainsi que les accents ensoleill\u00e9s de petitgrain et d\u2019orange se manifestent \u00e9galement. Flowers mix (anciennement Prairie Fleurie) est l\u00e9g\u00e8re et fra\u00eeche. Gr\u00e2ce \u00e0 la pr\u00e9sence d\u2019huiles essentielles d\u2019agrumes et de petitgrain, cette huile apporte soleil et gaiet\u00e9 dans chaque pi\u00e8ce. Flowers est subtile et cr\u00e9e une ambiance agr\u00e9able lors de r\u00e9unions et autres situations o\u00f9 de nombreuses personnes se rassemblent. Les huiles essentielles de ce m\u00e9lange sont :     <\/p>\n<ul>\n<li>Orange<\/li>\n<li>Lavande<\/li>\n<li>Lavandin<\/li>\n<li>Palmarosa<\/li>\n<li>Bergamote<\/li>\n<li>Benzo\u00e9<\/li>\n<li>Petitgrain<\/li>\n<li>Lemongrass<\/li>\n<li>G\u00e9ranium<\/li>\n<\/ul>\n","protected":false},"excerpt":{"rendered":"<p>La Flowers mix est un m\u00e9lange de 8 huiles essentielles diff\u00e9rentes, dont les huiles biologiques am\u00e9liorant l\u2019humeur de bergamote, lavande, lavandin et g\u00e9ranium ! La palmarosa et le benjoin sont les composants chauds de cette huile, mais les notes super fra\u00eeches de lemongrass ainsi que les accents ensoleill\u00e9s de petitgrain et d\u2019orange se manifestent \u00e9galement. [&hellip;]<\/p>\n","protected":false},"featured_media":57648,"comment_status":"open","ping_status":"closed","template":"","meta":{"_acf_changed":false},"product_brand":[],"product_cat":[6090,5678,6098,4972],"product_tag":[],"class_list":{"0":"post-57651","1":"product","2":"type-product","3":"status-publish","4":"has-post-thumbnail","6":"product_cat-chi-natural-life","7":"product_cat-huile-essentielles","8":"product_cat-melange-huiles-essentielles","9":"product_cat-nos-marques","11":"first","12":"instock","13":"taxable","14":"shipping-taxable","15":"product-type-simple"},"acf":[],"_links":{"self":[{"href":"https:\/\/sundar.be\/fr\/wp-json\/wp\/v2\/product\/57651","targetHints":{"allow":["GET"]}}],"collection":[{"href":"https:\/\/sundar.be\/fr\/wp-json\/wp\/v2\/product"}],"about":[{"href":"https:\/\/sundar.be\/fr\/wp-json\/wp\/v2\/types\/product"}],"replies":[{"embeddable":true,"href":"https:\/\/sundar.be\/fr\/wp-json\/wp\/v2\/comments?post=57651"}],"wp:featuredmedia":[{"embeddable":true,"href":"https:\/\/sundar.be\/fr\/wp-json\/wp\/v2\/media\/57648"}],"wp:attachment":[{"href":"https:\/\/sundar.be\/fr\/wp-json\/wp\/v2\/media?parent=57651"}],"wp:term":[{"taxonomy":"product_brand","embeddable":true,"href":"https:\/\/sundar.be\/fr\/wp-json\/wp\/v2\/product_brand?post=57651"},{"taxonomy":"product_cat","embeddable":true,"href":"https:\/\/sundar.be\/fr\/wp-json\/wp\/v2\/product_cat?post=57651"},{"taxonomy":"product_tag","embeddable":true,"href":"https:\/\/sundar.be\/fr\/wp-json\/wp\/v2\/product_tag?post=57651"}],"curies":[{"name":"wp","href":"https:\/\/api.w.org\/{rel}","templated":true}]}}