{"id":57650,"date":"2025-09-16T09:11:40","date_gmt":"2025-09-16T07:11:40","guid":{"rendered":"https:\/\/sundar.be\/product\/chi-springtime-mix-olie-10ml\/"},"modified":"2025-11-24T11:01:04","modified_gmt":"2025-11-24T10:01:04","slug":"chi-springtime-mix-olie-10ml","status":"publish","type":"product","link":"https:\/\/sundar.be\/fr\/produit\/chi-springtime-mix-olie-10ml\/","title":{"rendered":"Chi Springtime Mix Olie, 10ml"},"content":{"rendered":"<p>Springtime donne \u00e0 chacun un bon d\u00e9part de la journ\u00e9e. L\u2019huile procure une sensation joyeuse et rafra\u00eechissante. D\u00e9licieuse dans un diffuseur d\u2019ar\u00f4mes t\u00f4t le matin, mais \u00e9galement un excellent choix pendant le travail.  <\/p>\n<p>L\u2019huile aide \u00e0 se concentrer et apporte une sensation vive et rafra\u00eechissante (de printemps) ! Springtime se compose des huiles essentielles de citron, pamplemousse, citron vert, romarin d\u2019Espagne, palmarosa et menthe verte. <\/p>\n","protected":false},"excerpt":{"rendered":"<p>Springtime donne \u00e0 chacun un bon d\u00e9part de la journ\u00e9e. L\u2019huile procure une sensation joyeuse et rafra\u00eechissante. D\u00e9licieuse dans un diffuseur d\u2019ar\u00f4mes t\u00f4t le matin, mais \u00e9galement un excellent choix pendant le travail. L\u2019huile aide \u00e0 se concentrer et apporte une sensation vive et rafra\u00eechissante (de printemps) ! Springtime se compose des huiles essentielles de [&hellip;]<\/p>\n","protected":false},"featured_media":57643,"comment_status":"open","ping_status":"closed","template":"","meta":{"_acf_changed":false},"product_brand":[],"product_cat":[6090,5678,6098,4972],"product_tag":[],"class_list":{"0":"post-57650","1":"product","2":"type-product","3":"status-publish","4":"has-post-thumbnail","6":"product_cat-chi-natural-life","7":"product_cat-huile-essentielles","8":"product_cat-melange-huiles-essentielles","9":"product_cat-nos-marques","11":"first","12":"instock","13":"taxable","14":"shipping-taxable","15":"product-type-simple"},"acf":[],"_links":{"self":[{"href":"https:\/\/sundar.be\/fr\/wp-json\/wp\/v2\/product\/57650","targetHints":{"allow":["GET"]}}],"collection":[{"href":"https:\/\/sundar.be\/fr\/wp-json\/wp\/v2\/product"}],"about":[{"href":"https:\/\/sundar.be\/fr\/wp-json\/wp\/v2\/types\/product"}],"replies":[{"embeddable":true,"href":"https:\/\/sundar.be\/fr\/wp-json\/wp\/v2\/comments?post=57650"}],"wp:featuredmedia":[{"embeddable":true,"href":"https:\/\/sundar.be\/fr\/wp-json\/wp\/v2\/media\/57643"}],"wp:attachment":[{"href":"https:\/\/sundar.be\/fr\/wp-json\/wp\/v2\/media?parent=57650"}],"wp:term":[{"taxonomy":"product_brand","embeddable":true,"href":"https:\/\/sundar.be\/fr\/wp-json\/wp\/v2\/product_brand?post=57650"},{"taxonomy":"product_cat","embeddable":true,"href":"https:\/\/sundar.be\/fr\/wp-json\/wp\/v2\/product_cat?post=57650"},{"taxonomy":"product_tag","embeddable":true,"href":"https:\/\/sundar.be\/fr\/wp-json\/wp\/v2\/product_tag?post=57650"}],"curies":[{"name":"wp","href":"https:\/\/api.w.org\/{rel}","templated":true}]}}