{"id":57647,"date":"2025-09-16T09:24:19","date_gmt":"2025-09-16T07:24:19","guid":{"rendered":"https:\/\/sundar.be\/product\/chi-sea-breeze-mix-olie-10ml\/"},"modified":"2025-11-24T11:00:23","modified_gmt":"2025-11-24T10:00:23","slug":"chi-sea-breeze-mix-olie-10ml","status":"publish","type":"product","link":"https:\/\/sundar.be\/fr\/produit\/chi-sea-breeze-mix-olie-10ml\/","title":{"rendered":"Chi Sea Breeze Mix Olie, 10ml"},"content":{"rendered":"<p>Sea Breeze, auparavant Zeebries, est l\u2019une des compositions d\u2019huiles essentielles les plus fra\u00eeches de la gamme. Gr\u00e2ce notamment \u00e0 l\u2019ang\u00e9lique et \u00e0 diverses huiles essentielles d\u2019agrumes, on a l\u2019impression qu\u2019une brise marine chasse la fatigue et la morosit\u00e9, et apporte une nouvelle \u00e9nergie. L\u2019ang\u00e9lique comme les huiles d\u2019agrumes ont une action apaisante. Les huiles essentielles d\u2019agrumes ajoutent une note joyeuse pour un effet stimulant. L\u2019ang\u00e9lique poss\u00e8de en plus une action enracinante. Comme lors d\u2019une promenade sur la plage, Sea Breeze chasse toutes les pens\u00e9es de votre esprit et vous ram\u00e8ne \u00e0 vous-m\u00eame. La plante d\u2019ang\u00e9lique symbolise d\u2019ailleurs la force et la confiance en soi. Sea Breeze vous fait revivre et procure un sentiment de joie, pour pouvoir repartir du bon pied. Parfait non seulement pour parfumer la maison d\u2019une fra\u00eeche odeur, mais aussi id\u00e9al sur le lieu de travail !        <\/p>\n","protected":false},"excerpt":{"rendered":"<p>Sea Breeze, auparavant Zeebries, est l\u2019une des compositions d\u2019huiles essentielles les plus fra\u00eeches de la gamme. Gr\u00e2ce notamment \u00e0 l\u2019ang\u00e9lique et \u00e0 diverses huiles essentielles d\u2019agrumes, on a l\u2019impression qu\u2019une brise marine chasse la fatigue et la morosit\u00e9, et apporte une nouvelle \u00e9nergie. L\u2019ang\u00e9lique comme les huiles d\u2019agrumes ont une action apaisante. Les huiles essentielles [&hellip;]<\/p>\n","protected":false},"featured_media":57637,"comment_status":"open","ping_status":"closed","template":"","meta":{"_acf_changed":false},"product_brand":[],"product_cat":[6090,5678,6098,4972],"product_tag":[],"class_list":{"0":"post-57647","1":"product","2":"type-product","3":"status-publish","4":"has-post-thumbnail","6":"product_cat-chi-natural-life","7":"product_cat-huile-essentielles","8":"product_cat-melange-huiles-essentielles","9":"product_cat-nos-marques","11":"first","12":"instock","13":"taxable","14":"shipping-taxable","15":"product-type-simple"},"acf":[],"_links":{"self":[{"href":"https:\/\/sundar.be\/fr\/wp-json\/wp\/v2\/product\/57647","targetHints":{"allow":["GET"]}}],"collection":[{"href":"https:\/\/sundar.be\/fr\/wp-json\/wp\/v2\/product"}],"about":[{"href":"https:\/\/sundar.be\/fr\/wp-json\/wp\/v2\/types\/product"}],"replies":[{"embeddable":true,"href":"https:\/\/sundar.be\/fr\/wp-json\/wp\/v2\/comments?post=57647"}],"wp:featuredmedia":[{"embeddable":true,"href":"https:\/\/sundar.be\/fr\/wp-json\/wp\/v2\/media\/57637"}],"wp:attachment":[{"href":"https:\/\/sundar.be\/fr\/wp-json\/wp\/v2\/media?parent=57647"}],"wp:term":[{"taxonomy":"product_brand","embeddable":true,"href":"https:\/\/sundar.be\/fr\/wp-json\/wp\/v2\/product_brand?post=57647"},{"taxonomy":"product_cat","embeddable":true,"href":"https:\/\/sundar.be\/fr\/wp-json\/wp\/v2\/product_cat?post=57647"},{"taxonomy":"product_tag","embeddable":true,"href":"https:\/\/sundar.be\/fr\/wp-json\/wp\/v2\/product_tag?post=57647"}],"curies":[{"name":"wp","href":"https:\/\/api.w.org\/{rel}","templated":true}]}}