{"id":57646,"date":"2025-09-16T09:22:37","date_gmt":"2025-09-16T07:22:37","guid":{"rendered":"https:\/\/sundar.be\/product\/chi-smell-well-mix-olie-10ml\/"},"modified":"2025-11-24T11:00:20","modified_gmt":"2025-11-24T10:00:20","slug":"chi-smell-well-mix-olie-10ml","status":"publish","type":"product","link":"https:\/\/sundar.be\/fr\/produit\/chi-smell-well-mix-olie-10ml\/","title":{"rendered":"Chi Smell Well Mix Olie 10ml"},"content":{"rendered":"<p>La Smell Well mix est sp\u00e9cialement con\u00e7ue pour parfumer rapidement votre int\u00e9rieur ! Son parfum chasse notamment l\u2019odeur de fum\u00e9e et la remplace par un ar\u00f4me agr\u00e9able. Id\u00e9al \u00e0 vaporiser avant ou apr\u00e8s une visite, et pour \u00e9liminer rapidement les odeurs de fum\u00e9e et autres mauvaises odeurs. Cette composition naturelle se compose de pin sylvestre, cannelle, bois de H\u00f4, menthe des champs, eucalyptus citronn\u00e9 et palmarosa.   <\/p>\n<ul>\n<li><strong>Pin sylvestre<\/strong> : parfum tr\u00e8s frais, aide \u00e0 purifier l\u2019air et \u00e0 favoriser une respiration plus libre <\/li>\n<li><strong>Cannelle<\/strong> : huile chaude, \u00e9pic\u00e9e et r\u00e9confortante au parfum stimulant<\/li>\n<li><strong>Bois de H\u00f4 <\/strong>: chaude, douce et ros\u00e9e, connue pour son action purifiante<\/li>\n<li><strong>Menthe des champs :<\/strong> la s\u0153ur tonique de la menthe poivr\u00e9e, rafra\u00eechit et assainit chaque pi\u00e8ce <\/li>\n<li><strong>Eucalyptus citronn\u00e9<\/strong> : parfum vif et citronn\u00e9 rappelant la citronnelle<\/li>\n<li>L\u2019huile essentielle de <strong>palmarosa <\/strong>est une odeur douce et florale qui s\u2019int\u00e8gre parfaitement dans ce m\u00e9lange.<\/li>\n<\/ul>\n","protected":false},"excerpt":{"rendered":"<p>La Smell Well mix est sp\u00e9cialement con\u00e7ue pour parfumer rapidement votre int\u00e9rieur ! Son parfum chasse notamment l\u2019odeur de fum\u00e9e et la remplace par un ar\u00f4me agr\u00e9able. Id\u00e9al \u00e0 vaporiser avant ou apr\u00e8s une visite, et pour \u00e9liminer rapidement les odeurs de fum\u00e9e et autres mauvaises odeurs. Cette composition naturelle se compose de pin sylvestre, [&hellip;]<\/p>\n","protected":false},"featured_media":57640,"comment_status":"open","ping_status":"closed","template":"","meta":{"_acf_changed":false},"product_brand":[],"product_cat":[6090,5678,6098,4972],"product_tag":[],"class_list":{"0":"post-57646","1":"product","2":"type-product","3":"status-publish","4":"has-post-thumbnail","6":"product_cat-chi-natural-life","7":"product_cat-huile-essentielles","8":"product_cat-melange-huiles-essentielles","9":"product_cat-nos-marques","11":"first","12":"instock","13":"taxable","14":"shipping-taxable","15":"product-type-simple"},"acf":[],"_links":{"self":[{"href":"https:\/\/sundar.be\/fr\/wp-json\/wp\/v2\/product\/57646","targetHints":{"allow":["GET"]}}],"collection":[{"href":"https:\/\/sundar.be\/fr\/wp-json\/wp\/v2\/product"}],"about":[{"href":"https:\/\/sundar.be\/fr\/wp-json\/wp\/v2\/types\/product"}],"replies":[{"embeddable":true,"href":"https:\/\/sundar.be\/fr\/wp-json\/wp\/v2\/comments?post=57646"}],"wp:featuredmedia":[{"embeddable":true,"href":"https:\/\/sundar.be\/fr\/wp-json\/wp\/v2\/media\/57640"}],"wp:attachment":[{"href":"https:\/\/sundar.be\/fr\/wp-json\/wp\/v2\/media?parent=57646"}],"wp:term":[{"taxonomy":"product_brand","embeddable":true,"href":"https:\/\/sundar.be\/fr\/wp-json\/wp\/v2\/product_brand?post=57646"},{"taxonomy":"product_cat","embeddable":true,"href":"https:\/\/sundar.be\/fr\/wp-json\/wp\/v2\/product_cat?post=57646"},{"taxonomy":"product_tag","embeddable":true,"href":"https:\/\/sundar.be\/fr\/wp-json\/wp\/v2\/product_tag?post=57646"}],"curies":[{"name":"wp","href":"https:\/\/api.w.org\/{rel}","templated":true}]}}