{"id":57639,"date":"2025-09-16T09:26:18","date_gmt":"2025-09-16T07:26:18","guid":{"rendered":"https:\/\/sundar.be\/product\/chi-melange-de-noel-de-lannee-10-ml\/"},"modified":"2025-11-24T10:58:58","modified_gmt":"2025-11-24T09:58:58","slug":"chi-melange-de-noel-de-lannee-10-ml","status":"publish","type":"product","link":"https:\/\/sundar.be\/fr\/produit\/chi-melange-de-noel-de-lannee-10-ml\/","title":{"rendered":"Chi M\u00e9lange de No\u00ebl de l\u2019Ann\u00e9e, 10 ml"},"content":{"rendered":"<p class=\"p1\"><span class=\"TextRun SCXW119677338 BCX8\" lang=\"NL-NL\" xml:lang=\"NL-NL\" data-contrast=\"auto\">Le m\u00e9lange de No\u00ebl<span class=\"NormalTextRun SCXW119677338 BCX8\">sp\u00e9cial est un parfum merveilleusement chaud et \u00e9pic\u00e9, avec une touche de fra\u00eecheur, parfaitement adapt\u00e9 aux mois d\u2019hiver ! Il apporte un ar\u00f4me d\u00e9licieux dans la pi\u00e8ce ou dans tout espace souhait\u00e9. Les notes typiques de cannelle   <\/span>et de clou de girofle s\u2019accordent tr\u00e8s bien avec la douceur de l\u2019orange et la fra\u00eecheur de la menthe des champs.<span class=\"NormalTextRun SCXW119677338 BCX8\"> La douce senteur bois\u00e9e du bois de H\u00f4 et du pin sylvestre compl\u00e8te harmonieusement l\u2019ensemble. Le r\u00e9sultat final est un parfum qui ne convient pas seulement au mois de d\u00e9cembre, mais \u00e0 tous les mois d\u2019hiver. <\/span><\/span><span class=\"EOP SCXW119677338 BCX8\" data-ccp-props=\"{}\"> <\/span><\/p>\n<p class=\"p2\">Ce m\u00e9lange n\u2019est donc pas destin\u00e9 uniquement \u00e0 \u00eatre diffus\u00e9 pendant No\u00ebl : gr\u00e2ce aux propri\u00e9t\u00e9s purifiantes de cette combinaison, il est parfait pour toute la p\u00e9riode hivernale, lorsque le chauffage est rallum\u00e9, que les fen\u00eatres restent plus souvent ferm\u00e9es et que nous passons davantage de temps \u00e0 l\u2019int\u00e9rieur. Il est \u00e9galement id\u00e9al pour rafra\u00eechir les espaces. Par exemple, d\u00e9posez 5 gouttes sur l\u2019Aromastone Wood et placez la pierre dans la voiture ou dans les toilettes. Utilisez le M\u00e9lange de No\u00ebl dans le Cozy Aroma Burner et cr\u00e9ez une atmosph\u00e8re chaleureuse pour une v\u00e9ritable ambiance de f\u00eate !   <\/p>\n","protected":false},"excerpt":{"rendered":"<p>Le m\u00e9lange de No\u00eblsp\u00e9cial est un parfum merveilleusement chaud et \u00e9pic\u00e9, avec une touche de fra\u00eecheur, parfaitement adapt\u00e9 aux mois d\u2019hiver ! Il apporte un ar\u00f4me d\u00e9licieux dans la pi\u00e8ce ou dans tout espace souhait\u00e9. Les notes typiques de cannelle et de clou de girofle s\u2019accordent tr\u00e8s bien avec la douceur de l\u2019orange et la [&hellip;]<\/p>\n","protected":false},"featured_media":57636,"comment_status":"open","ping_status":"closed","template":"","meta":{"_acf_changed":false},"product_brand":[],"product_cat":[6090,5678,6098,4972],"product_tag":[],"class_list":{"0":"post-57639","1":"product","2":"type-product","3":"status-publish","4":"has-post-thumbnail","6":"product_cat-chi-natural-life","7":"product_cat-huile-essentielles","8":"product_cat-melange-huiles-essentielles","9":"product_cat-nos-marques","11":"first","12":"instock","13":"taxable","14":"shipping-taxable","15":"product-type-simple"},"acf":[],"_links":{"self":[{"href":"https:\/\/sundar.be\/fr\/wp-json\/wp\/v2\/product\/57639","targetHints":{"allow":["GET"]}}],"collection":[{"href":"https:\/\/sundar.be\/fr\/wp-json\/wp\/v2\/product"}],"about":[{"href":"https:\/\/sundar.be\/fr\/wp-json\/wp\/v2\/types\/product"}],"replies":[{"embeddable":true,"href":"https:\/\/sundar.be\/fr\/wp-json\/wp\/v2\/comments?post=57639"}],"wp:featuredmedia":[{"embeddable":true,"href":"https:\/\/sundar.be\/fr\/wp-json\/wp\/v2\/media\/57636"}],"wp:attachment":[{"href":"https:\/\/sundar.be\/fr\/wp-json\/wp\/v2\/media?parent=57639"}],"wp:term":[{"taxonomy":"product_brand","embeddable":true,"href":"https:\/\/sundar.be\/fr\/wp-json\/wp\/v2\/product_brand?post=57639"},{"taxonomy":"product_cat","embeddable":true,"href":"https:\/\/sundar.be\/fr\/wp-json\/wp\/v2\/product_cat?post=57639"},{"taxonomy":"product_tag","embeddable":true,"href":"https:\/\/sundar.be\/fr\/wp-json\/wp\/v2\/product_tag?post=57639"}],"curies":[{"name":"wp","href":"https:\/\/api.w.org\/{rel}","templated":true}]}}