{"id":57635,"date":"2025-09-16T09:17:08","date_gmt":"2025-09-16T07:17:08","guid":{"rendered":"https:\/\/sundar.be\/product\/chi-forest-walk-mix-olie-10ml\/"},"modified":"2025-11-24T10:55:48","modified_gmt":"2025-11-24T09:55:48","slug":"chi-forest-walk-mix-olie-10ml","status":"publish","type":"product","link":"https:\/\/sundar.be\/fr\/produit\/chi-forest-walk-mix-olie-10ml\/","title":{"rendered":"Chi Forest Walk Mix Olie, 10ml"},"content":{"rendered":"<p>Avec le m\u00e9lange Forest Walk, vous faites entrer la for\u00eat chez vous. Ce m\u00e9lange d\u2019huiles essentielles aide \u00e0 respirer plus librement et \u00e0 apaiser les voies respiratoires. <\/p>\n<p>Le m\u00e9lange Forest Walk se compose des huiles essentielles de :<\/p>\n<ul>\n<li>Pin sylvestre<\/li>\n<li>Sapin argent\u00e9 de Sib\u00e9rie<\/li>\n<li>C\u00e8dre de l\u2019Atlas<\/li>\n<li>Eucalyptus<\/li>\n<li>Litsea<\/li>\n<li>G\u00e9ranium<\/li>\n<\/ul>\n","protected":false},"excerpt":{"rendered":"<p>Avec le m\u00e9lange Forest Walk, vous faites entrer la for\u00eat chez vous. Ce m\u00e9lange d\u2019huiles essentielles aide \u00e0 respirer plus librement et \u00e0 apaiser les voies respiratoires. Le m\u00e9lange Forest Walk se compose des huiles essentielles de : Pin sylvestre Sapin argent\u00e9 de Sib\u00e9rie C\u00e8dre de l\u2019Atlas Eucalyptus Litsea G\u00e9ranium<\/p>\n","protected":false},"featured_media":57631,"comment_status":"open","ping_status":"closed","template":"","meta":{"_acf_changed":false},"product_brand":[],"product_cat":[6090,5678,6098,4972],"product_tag":[],"class_list":{"0":"post-57635","1":"product","2":"type-product","3":"status-publish","4":"has-post-thumbnail","6":"product_cat-chi-natural-life","7":"product_cat-huile-essentielles","8":"product_cat-melange-huiles-essentielles","9":"product_cat-nos-marques","11":"first","12":"instock","13":"taxable","14":"shipping-taxable","15":"product-type-simple"},"acf":[],"_links":{"self":[{"href":"https:\/\/sundar.be\/fr\/wp-json\/wp\/v2\/product\/57635","targetHints":{"allow":["GET"]}}],"collection":[{"href":"https:\/\/sundar.be\/fr\/wp-json\/wp\/v2\/product"}],"about":[{"href":"https:\/\/sundar.be\/fr\/wp-json\/wp\/v2\/types\/product"}],"replies":[{"embeddable":true,"href":"https:\/\/sundar.be\/fr\/wp-json\/wp\/v2\/comments?post=57635"}],"wp:featuredmedia":[{"embeddable":true,"href":"https:\/\/sundar.be\/fr\/wp-json\/wp\/v2\/media\/57631"}],"wp:attachment":[{"href":"https:\/\/sundar.be\/fr\/wp-json\/wp\/v2\/media?parent=57635"}],"wp:term":[{"taxonomy":"product_brand","embeddable":true,"href":"https:\/\/sundar.be\/fr\/wp-json\/wp\/v2\/product_brand?post=57635"},{"taxonomy":"product_cat","embeddable":true,"href":"https:\/\/sundar.be\/fr\/wp-json\/wp\/v2\/product_cat?post=57635"},{"taxonomy":"product_tag","embeddable":true,"href":"https:\/\/sundar.be\/fr\/wp-json\/wp\/v2\/product_tag?post=57635"}],"curies":[{"name":"wp","href":"https:\/\/api.w.org\/{rel}","templated":true}]}}