{"id":57634,"date":"2025-09-16T09:18:51","date_gmt":"2025-09-16T07:18:51","guid":{"rendered":"https:\/\/sundar.be\/product\/chi-grass-of-lemon-mix-olie-10ml\/"},"modified":"2025-11-24T10:54:49","modified_gmt":"2025-11-24T09:54:49","slug":"chi-grass-of-lemon-mix-olie-10ml","status":"publish","type":"product","link":"https:\/\/sundar.be\/fr\/produit\/chi-grass-of-lemon-mix-olie-10ml\/","title":{"rendered":"Chi Grass of Lemon Mix Olie, 10ml"},"content":{"rendered":"<p>Grass of lemon est un nouveau m\u00e9lange frais d\u2019huiles essentielles sp\u00e9cialement compos\u00e9 pour le diffuseur d\u2019ar\u00f4mes. Grass of lemon est pr\u00e9par\u00e9 avec les huiles du puissant lemongrass \u00e0 l\u2019odeur citronn\u00e9e, de l\u2019orange douce fruit\u00e9e, du citron frais et du pamplemousse doux. Cette combinaison unique fait de ce m\u00e9lange un atout dans votre cabinet ou votre pi\u00e8ce, et tant les jeunes que les adultes appr\u00e9cieront son parfum. Le m\u00e9lange purifie l\u2019espace et vous remarquerez qu\u2019il procure une sensation agr\u00e9able favorisant une meilleure concentration.   <\/p>\n","protected":false},"excerpt":{"rendered":"<p>Grass of lemon est un nouveau m\u00e9lange frais d\u2019huiles essentielles sp\u00e9cialement compos\u00e9 pour le diffuseur d\u2019ar\u00f4mes. Grass of lemon est pr\u00e9par\u00e9 avec les huiles du puissant lemongrass \u00e0 l\u2019odeur citronn\u00e9e, de l\u2019orange douce fruit\u00e9e, du citron frais et du pamplemousse doux. Cette combinaison unique fait de ce m\u00e9lange un atout dans votre cabinet ou votre [&hellip;]<\/p>\n","protected":false},"featured_media":57626,"comment_status":"open","ping_status":"closed","template":"","meta":{"_acf_changed":false},"product_brand":[],"product_cat":[6090,5678,6098,4972],"product_tag":[],"class_list":{"0":"post-57634","1":"product","2":"type-product","3":"status-publish","4":"has-post-thumbnail","6":"product_cat-chi-natural-life","7":"product_cat-huile-essentielles","8":"product_cat-melange-huiles-essentielles","9":"product_cat-nos-marques","11":"first","12":"instock","13":"taxable","14":"shipping-taxable","15":"product-type-simple"},"acf":[],"_links":{"self":[{"href":"https:\/\/sundar.be\/fr\/wp-json\/wp\/v2\/product\/57634","targetHints":{"allow":["GET"]}}],"collection":[{"href":"https:\/\/sundar.be\/fr\/wp-json\/wp\/v2\/product"}],"about":[{"href":"https:\/\/sundar.be\/fr\/wp-json\/wp\/v2\/types\/product"}],"replies":[{"embeddable":true,"href":"https:\/\/sundar.be\/fr\/wp-json\/wp\/v2\/comments?post=57634"}],"wp:featuredmedia":[{"embeddable":true,"href":"https:\/\/sundar.be\/fr\/wp-json\/wp\/v2\/media\/57626"}],"wp:attachment":[{"href":"https:\/\/sundar.be\/fr\/wp-json\/wp\/v2\/media?parent=57634"}],"wp:term":[{"taxonomy":"product_brand","embeddable":true,"href":"https:\/\/sundar.be\/fr\/wp-json\/wp\/v2\/product_brand?post=57634"},{"taxonomy":"product_cat","embeddable":true,"href":"https:\/\/sundar.be\/fr\/wp-json\/wp\/v2\/product_cat?post=57634"},{"taxonomy":"product_tag","embeddable":true,"href":"https:\/\/sundar.be\/fr\/wp-json\/wp\/v2\/product_tag?post=57634"}],"curies":[{"name":"wp","href":"https:\/\/api.w.org\/{rel}","templated":true}]}}