{"id":57625,"date":"2025-09-16T09:20:52","date_gmt":"2025-09-16T07:20:52","guid":{"rendered":"https:\/\/sundar.be\/product\/chi-well-chi-mix-olie-10ml\/"},"modified":"2025-11-24T10:52:48","modified_gmt":"2025-11-24T09:52:48","slug":"chi-well-chi-mix-olie-10ml","status":"publish","type":"product","link":"https:\/\/sundar.be\/fr\/produit\/chi-well-chi-mix-olie-10ml\/","title":{"rendered":"Chi Well Chi Mix Olie, 10ml"},"content":{"rendered":"<p>L\u2019huile m\u00e9lange Well Chi est l\u2019huile parfaite contre les odeurs de moisi et les senteurs d\u00e9sagr\u00e9ables dans la maison. Well Chi donne rapidement une odeur fra\u00eeche et agr\u00e9able aux toilettes, \u00e0 la cave et au grenier. Ce m\u00e9lange est compos\u00e9 de parfums purifiants et frais qui am\u00e9liorent la qualit\u00e9 de l\u2019air int\u00e9rieur : pin sylvestre, bois de h\u00f4, g\u00e9ranium et la rafra\u00eechissante menthe des champs.  <\/p>\n<ul>\n<li>Le pin sylvestre est l\u2019esp\u00e8ce de pin la plus connue dans notre pays.<\/li>\n<li>L\u2019huile essentielle de bois de h\u00f4 poss\u00e8de un parfum chaud, frais-sucr\u00e9 et l\u00e9g\u00e8rement ros\u00e9.<\/li>\n<li>Menthe des champs : la s\u0153ur intense de la menthe poivr\u00e9e, elle rafra\u00eechit instantan\u00e9ment et assainit chaque espace. <\/li>\n<\/ul>\n<div><\/div>\n<div><\/div>\n","protected":false},"excerpt":{"rendered":"<p>L\u2019huile m\u00e9lange Well Chi est l\u2019huile parfaite contre les odeurs de moisi et les senteurs d\u00e9sagr\u00e9ables dans la maison. Well Chi donne rapidement une odeur fra\u00eeche et agr\u00e9able aux toilettes, \u00e0 la cave et au grenier. Ce m\u00e9lange est compos\u00e9 de parfums purifiants et frais qui am\u00e9liorent la qualit\u00e9 de l\u2019air int\u00e9rieur : pin sylvestre, [&hellip;]<\/p>\n","protected":false},"featured_media":57622,"comment_status":"open","ping_status":"closed","template":"","meta":{"_acf_changed":false},"product_brand":[],"product_cat":[6090,5678,6098,4972],"product_tag":[],"class_list":{"0":"post-57625","1":"product","2":"type-product","3":"status-publish","4":"has-post-thumbnail","6":"product_cat-chi-natural-life","7":"product_cat-huile-essentielles","8":"product_cat-melange-huiles-essentielles","9":"product_cat-nos-marques","11":"first","12":"instock","13":"taxable","14":"shipping-taxable","15":"product-type-simple"},"acf":[],"_links":{"self":[{"href":"https:\/\/sundar.be\/fr\/wp-json\/wp\/v2\/product\/57625","targetHints":{"allow":["GET"]}}],"collection":[{"href":"https:\/\/sundar.be\/fr\/wp-json\/wp\/v2\/product"}],"about":[{"href":"https:\/\/sundar.be\/fr\/wp-json\/wp\/v2\/types\/product"}],"replies":[{"embeddable":true,"href":"https:\/\/sundar.be\/fr\/wp-json\/wp\/v2\/comments?post=57625"}],"wp:featuredmedia":[{"embeddable":true,"href":"https:\/\/sundar.be\/fr\/wp-json\/wp\/v2\/media\/57622"}],"wp:attachment":[{"href":"https:\/\/sundar.be\/fr\/wp-json\/wp\/v2\/media?parent=57625"}],"wp:term":[{"taxonomy":"product_brand","embeddable":true,"href":"https:\/\/sundar.be\/fr\/wp-json\/wp\/v2\/product_brand?post=57625"},{"taxonomy":"product_cat","embeddable":true,"href":"https:\/\/sundar.be\/fr\/wp-json\/wp\/v2\/product_cat?post=57625"},{"taxonomy":"product_tag","embeddable":true,"href":"https:\/\/sundar.be\/fr\/wp-json\/wp\/v2\/product_tag?post=57625"}],"curies":[{"name":"wp","href":"https:\/\/api.w.org\/{rel}","templated":true}]}}