{"id":57624,"date":"2025-09-16T10:16:04","date_gmt":"2025-09-16T08:16:04","guid":{"rendered":"https:\/\/sundar.be\/product\/chi-patchouli-huile-essentielle-biologique-10-ml\/"},"modified":"2025-11-24T10:51:48","modified_gmt":"2025-11-24T09:51:48","slug":"chi-patchouli-huile-essentielle-biologique-10-ml","status":"publish","type":"product","link":"https:\/\/sundar.be\/fr\/produit\/chi-patchouli-huile-essentielle-biologique-10-ml\/","title":{"rendered":"Chi Patchouli Huile Essentielle (Biologique) 10 ml"},"content":{"rendered":"<p>Le patchouli est une huile essentielle obtenue par distillation \u00e0 la vapeur des feuilles et fleurs s\u00e9ch\u00e9es de la plante. L\u2019huile est de couleur orange fonc\u00e9 et poss\u00e8de un parfum intense, sucr\u00e9 et bois\u00e9, avec une note de terre humide. Plus l\u2019huile de patchouli vieillit, plus son parfum devient profond et riche. Le patchouli est une plante aromatique vivace dot\u00e9e de grandes feuilles triangulaires. En \u00e9t\u00e9, elle porte de petites fleurs blanc-violet. \u00c0 l\u2019origine, la plante provient d\u2019Inde et de Malaisie, mais elle est aujourd\u2019hui cultiv\u00e9e dans tout l\u2019Extr\u00eame-Orient. Lors du processus de production de l\u2019huile essentielle, les feuilles sont d\u2019abord s\u00e9ch\u00e9es puis l\u00e9g\u00e8rement ferment\u00e9es. Ce n\u2019est qu\u2019au moment de la distillation que son parfum caract\u00e9ristique se d\u00e9veloppe pleinement.       <\/p>\n","protected":false},"excerpt":{"rendered":"<p>Le patchouli est une huile essentielle obtenue par distillation \u00e0 la vapeur des feuilles et fleurs s\u00e9ch\u00e9es de la plante. L\u2019huile est de couleur orange fonc\u00e9 et poss\u00e8de un parfum intense, sucr\u00e9 et bois\u00e9, avec une note de terre humide. Plus l\u2019huile de patchouli vieillit, plus son parfum devient profond et riche. Le patchouli est [&hellip;]<\/p>\n","protected":false},"featured_media":57620,"comment_status":"open","ping_status":"closed","template":"","meta":{"_acf_changed":false},"product_brand":[],"product_cat":[6090,5678,6099,4972],"product_tag":[],"class_list":{"0":"post-57624","1":"product","2":"type-product","3":"status-publish","4":"has-post-thumbnail","6":"product_cat-chi-natural-life","7":"product_cat-huile-essentielles","8":"product_cat-huiles-essentielles-biologiques","9":"product_cat-nos-marques","11":"first","12":"instock","13":"taxable","14":"shipping-taxable","15":"product-type-simple"},"acf":[],"_links":{"self":[{"href":"https:\/\/sundar.be\/fr\/wp-json\/wp\/v2\/product\/57624","targetHints":{"allow":["GET"]}}],"collection":[{"href":"https:\/\/sundar.be\/fr\/wp-json\/wp\/v2\/product"}],"about":[{"href":"https:\/\/sundar.be\/fr\/wp-json\/wp\/v2\/types\/product"}],"replies":[{"embeddable":true,"href":"https:\/\/sundar.be\/fr\/wp-json\/wp\/v2\/comments?post=57624"}],"wp:featuredmedia":[{"embeddable":true,"href":"https:\/\/sundar.be\/fr\/wp-json\/wp\/v2\/media\/57620"}],"wp:attachment":[{"href":"https:\/\/sundar.be\/fr\/wp-json\/wp\/v2\/media?parent=57624"}],"wp:term":[{"taxonomy":"product_brand","embeddable":true,"href":"https:\/\/sundar.be\/fr\/wp-json\/wp\/v2\/product_brand?post=57624"},{"taxonomy":"product_cat","embeddable":true,"href":"https:\/\/sundar.be\/fr\/wp-json\/wp\/v2\/product_cat?post=57624"},{"taxonomy":"product_tag","embeddable":true,"href":"https:\/\/sundar.be\/fr\/wp-json\/wp\/v2\/product_tag?post=57624"}],"curies":[{"name":"wp","href":"https:\/\/api.w.org\/{rel}","templated":true}]}}