{"id":57619,"date":"2025-09-16T09:40:07","date_gmt":"2025-09-16T07:40:07","guid":{"rendered":"https:\/\/sundar.be\/product\/chi-wintertime-airspray-50ml\/"},"modified":"2025-11-24T10:50:16","modified_gmt":"2025-11-24T09:50:16","slug":"chi-wintertime-airspray-50ml","status":"publish","type":"product","link":"https:\/\/sundar.be\/fr\/produit\/chi-wintertime-airspray-50ml\/","title":{"rendered":"Chi Wintertime Airspray, 50ml"},"content":{"rendered":"<p>Le m\u00e9lange Wintertime est le spray d\u2019ambiance id\u00e9al pour apporter \u00e0 la maison un parfum chaleureux et relaxant. Wintertime est compos\u00e9 presque enti\u00e8rement d\u2019huiles qui d\u00e9tendent profond\u00e9ment et apaisent. Son parfum procure une sensation de s\u00e9curit\u00e9 et de r\u00e9confort, particuli\u00e8rement agr\u00e9able durant les sombres mois d\u2019hiver. Mais \u00e9galement en p\u00e9riode de stress ou d\u2019agitation, Wintertime cr\u00e9e une atmosph\u00e8re apaisante qui donne l\u2019impression d\u2019\u00eatre chez soi dans un environnement serein. Ce spray est si relaxant qu\u2019il peut parfaitement \u00eatre utilis\u00e9 avant le coucher. Wintertime est compos\u00e9 d\u2019orange, de bois de H\u00f4, de pin sylvestre, de cannelle et d\u2019encens. Le pin sylvestre est l\u2019esp\u00e8ce de pin la plus connue dans nos r\u00e9gions. Son huile essentielle est un puissant purificateur d\u2019air et aide \u00e0 mieux respirer.       <\/p>\n","protected":false},"excerpt":{"rendered":"<p>Le m\u00e9lange Wintertime est le spray d\u2019ambiance id\u00e9al pour apporter \u00e0 la maison un parfum chaleureux et relaxant. Wintertime est compos\u00e9 presque enti\u00e8rement d\u2019huiles qui d\u00e9tendent profond\u00e9ment et apaisent. Son parfum procure une sensation de s\u00e9curit\u00e9 et de r\u00e9confort, particuli\u00e8rement agr\u00e9able durant les sombres mois d\u2019hiver. Mais \u00e9galement en p\u00e9riode de stress ou d\u2019agitation, Wintertime [&hellip;]<\/p>\n","protected":false},"featured_media":57617,"comment_status":"open","ping_status":"closed","template":"","meta":{"_acf_changed":false},"product_brand":[],"product_cat":[6090,5678,4972,6100],"product_tag":[],"class_list":{"0":"post-57619","1":"product","2":"type-product","3":"status-publish","4":"has-post-thumbnail","6":"product_cat-chi-natural-life","7":"product_cat-huile-essentielles","8":"product_cat-nos-marques","9":"product_cat-spray-ambiance","11":"first","12":"instock","13":"taxable","14":"shipping-taxable","15":"product-type-simple"},"acf":[],"_links":{"self":[{"href":"https:\/\/sundar.be\/fr\/wp-json\/wp\/v2\/product\/57619","targetHints":{"allow":["GET"]}}],"collection":[{"href":"https:\/\/sundar.be\/fr\/wp-json\/wp\/v2\/product"}],"about":[{"href":"https:\/\/sundar.be\/fr\/wp-json\/wp\/v2\/types\/product"}],"replies":[{"embeddable":true,"href":"https:\/\/sundar.be\/fr\/wp-json\/wp\/v2\/comments?post=57619"}],"wp:featuredmedia":[{"embeddable":true,"href":"https:\/\/sundar.be\/fr\/wp-json\/wp\/v2\/media\/57617"}],"wp:attachment":[{"href":"https:\/\/sundar.be\/fr\/wp-json\/wp\/v2\/media?parent=57619"}],"wp:term":[{"taxonomy":"product_brand","embeddable":true,"href":"https:\/\/sundar.be\/fr\/wp-json\/wp\/v2\/product_brand?post=57619"},{"taxonomy":"product_cat","embeddable":true,"href":"https:\/\/sundar.be\/fr\/wp-json\/wp\/v2\/product_cat?post=57619"},{"taxonomy":"product_tag","embeddable":true,"href":"https:\/\/sundar.be\/fr\/wp-json\/wp\/v2\/product_tag?post=57619"}],"curies":[{"name":"wp","href":"https:\/\/api.w.org\/{rel}","templated":true}]}}