{"id":57618,"date":"2025-09-16T09:31:41","date_gmt":"2025-09-16T07:31:41","guid":{"rendered":"https:\/\/sundar.be\/product\/chi-lavinchi-relax-airspray-50ml\/"},"modified":"2025-11-24T10:49:16","modified_gmt":"2025-11-24T09:49:16","slug":"chi-lavinchi-relax-airspray-50ml","status":"publish","type":"product","link":"https:\/\/sundar.be\/fr\/produit\/chi-lavinchi-relax-airspray-50ml\/","title":{"rendered":"Chi Lavinchi Relax Airspray, 50ml"},"content":{"rendered":"<p>Le Lavinchi Relax Airspray aide \u00e0 se d\u00e9tendre. La lavande, la marjolaine douce et la mandarine apportent toutes calme et relaxation. L\u2019Airspray est \u00e9galement id\u00e9al pour favoriser un bon sommeil. Deux pulv\u00e9risations dans la chambre, ou m\u00eame une l\u00e9g\u00e8re pulv\u00e9risation sur l\u2019oreiller, permettent de commencer la nuit en toute s\u00e9r\u00e9nit\u00e9. Lavinchi propose toute une gamme de compositions \u00e0 base de lavande, adapt\u00e9es \u00e0 de nombreuses utilisations autour des th\u00e8mes de la d\u00e9tente et du sommeil r\u00e9parateur.    <\/p>\n<ul>\n<li>L\u2019huile essentielle de lavande apporte le calme et aide \u00e0 bien dormir.<\/li>\n<li>L\u2019huile essentielle de mandarine agit de mani\u00e8re relaxante, apporte de la gaiet\u00e9 et est \u00e9galement tr\u00e8s appr\u00e9ci\u00e9e des enfants.<\/li>\n<li>La marjolaine douce, tout comme la mandarine et la lavande, apporte repos et d\u00e9tente.<\/li>\n<\/ul>\n","protected":false},"excerpt":{"rendered":"<p>Le Lavinchi Relax Airspray aide \u00e0 se d\u00e9tendre. La lavande, la marjolaine douce et la mandarine apportent toutes calme et relaxation. L\u2019Airspray est \u00e9galement id\u00e9al pour favoriser un bon sommeil. Deux pulv\u00e9risations dans la chambre, ou m\u00eame une l\u00e9g\u00e8re pulv\u00e9risation sur l\u2019oreiller, permettent de commencer la nuit en toute s\u00e9r\u00e9nit\u00e9. Lavinchi propose toute une gamme [&hellip;]<\/p>\n","protected":false},"featured_media":57613,"comment_status":"open","ping_status":"closed","template":"","meta":{"_acf_changed":false},"product_brand":[],"product_cat":[6090,5678,4972,6100],"product_tag":[],"class_list":{"0":"post-57618","1":"product","2":"type-product","3":"status-publish","4":"has-post-thumbnail","6":"product_cat-chi-natural-life","7":"product_cat-huile-essentielles","8":"product_cat-nos-marques","9":"product_cat-spray-ambiance","11":"first","12":"instock","13":"taxable","14":"shipping-taxable","15":"product-type-simple"},"acf":[],"_links":{"self":[{"href":"https:\/\/sundar.be\/fr\/wp-json\/wp\/v2\/product\/57618","targetHints":{"allow":["GET"]}}],"collection":[{"href":"https:\/\/sundar.be\/fr\/wp-json\/wp\/v2\/product"}],"about":[{"href":"https:\/\/sundar.be\/fr\/wp-json\/wp\/v2\/types\/product"}],"replies":[{"embeddable":true,"href":"https:\/\/sundar.be\/fr\/wp-json\/wp\/v2\/comments?post=57618"}],"wp:featuredmedia":[{"embeddable":true,"href":"https:\/\/sundar.be\/fr\/wp-json\/wp\/v2\/media\/57613"}],"wp:attachment":[{"href":"https:\/\/sundar.be\/fr\/wp-json\/wp\/v2\/media?parent=57618"}],"wp:term":[{"taxonomy":"product_brand","embeddable":true,"href":"https:\/\/sundar.be\/fr\/wp-json\/wp\/v2\/product_brand?post=57618"},{"taxonomy":"product_cat","embeddable":true,"href":"https:\/\/sundar.be\/fr\/wp-json\/wp\/v2\/product_cat?post=57618"},{"taxonomy":"product_tag","embeddable":true,"href":"https:\/\/sundar.be\/fr\/wp-json\/wp\/v2\/product_tag?post=57618"}],"curies":[{"name":"wp","href":"https:\/\/api.w.org\/{rel}","templated":true}]}}