{"id":57612,"date":"2025-09-16T09:33:02","date_gmt":"2025-09-16T07:33:02","guid":{"rendered":"https:\/\/sundar.be\/product\/chi-citrusmix-airspray-50ml\/"},"modified":"2025-11-24T10:47:12","modified_gmt":"2025-11-24T09:47:12","slug":"chi-citrusmix-airspray-50ml","status":"publish","type":"product","link":"https:\/\/sundar.be\/fr\/produit\/chi-citrusmix-airspray-50ml\/","title":{"rendered":"Chi Citrusmix Airspray, 50ml"},"content":{"rendered":"<p>ChatGPT zei:<br \/>Un festival d\u2019agrumes compos\u00e9 de pamplemousse, d\u2019orange et de citron dynamise chaque espace avec une \u00e9nergie stimulante. Une touche de patchouli a \u00e9t\u00e9 ajout\u00e9e pour prolonger la tenue de cette invasion d\u2019agrumes dans chaque pi\u00e8ce. De quoi mettre de bonne humeur ! *<\/p>\n<ul>\n<li>L\u2019huile essentielle de citron apporte le soleil dans la maison et agit comme un puissant purificateur de l\u2019air ambiant.<\/li>\n<li>L\u2019huile essentielle de pamplemousse rend joyeux, purifie l\u2019air et apporte \u00e9nergie et mouvement.<\/li>\n<li>L\u2019huile essentielle d\u2019orange douce est l\u2019une des reines du soleil. Elle poss\u00e8de une grande valeur pour les probl\u00e8mes psychiques et physiques. L\u2019orange agit de mani\u00e8re stimulante, relaxante et est un purificateur d\u2019air efficace.  <\/li>\n<li>L\u2019huile essentielle de patchouli rappelle la menthe poivr\u00e9e. Elle agit de fa\u00e7on ancrante et revigorante, et est utile en cas de stress et de fatigue. La touche de patchouli a \u00e9t\u00e9 ajout\u00e9e pour prolonger la tenue de cette invasion d\u2019agrumes dans chaque pi\u00e8ce.  <\/li>\n<\/ul>\n","protected":false},"excerpt":{"rendered":"<p>ChatGPT zei:Un festival d\u2019agrumes compos\u00e9 de pamplemousse, d\u2019orange et de citron dynamise chaque espace avec une \u00e9nergie stimulante. Une touche de patchouli a \u00e9t\u00e9 ajout\u00e9e pour prolonger la tenue de cette invasion d\u2019agrumes dans chaque pi\u00e8ce. De quoi mettre de bonne humeur ! * L\u2019huile essentielle de citron apporte le soleil dans la maison et [&hellip;]<\/p>\n","protected":false},"featured_media":57610,"comment_status":"open","ping_status":"closed","template":"","meta":{"_acf_changed":false},"product_brand":[],"product_cat":[6090,5678,4972,6100],"product_tag":[],"class_list":{"0":"post-57612","1":"product","2":"type-product","3":"status-publish","4":"has-post-thumbnail","6":"product_cat-chi-natural-life","7":"product_cat-huile-essentielles","8":"product_cat-nos-marques","9":"product_cat-spray-ambiance","11":"first","12":"instock","13":"taxable","14":"shipping-taxable","15":"product-type-simple"},"acf":[],"_links":{"self":[{"href":"https:\/\/sundar.be\/fr\/wp-json\/wp\/v2\/product\/57612","targetHints":{"allow":["GET"]}}],"collection":[{"href":"https:\/\/sundar.be\/fr\/wp-json\/wp\/v2\/product"}],"about":[{"href":"https:\/\/sundar.be\/fr\/wp-json\/wp\/v2\/types\/product"}],"replies":[{"embeddable":true,"href":"https:\/\/sundar.be\/fr\/wp-json\/wp\/v2\/comments?post=57612"}],"wp:featuredmedia":[{"embeddable":true,"href":"https:\/\/sundar.be\/fr\/wp-json\/wp\/v2\/media\/57610"}],"wp:attachment":[{"href":"https:\/\/sundar.be\/fr\/wp-json\/wp\/v2\/media?parent=57612"}],"wp:term":[{"taxonomy":"product_brand","embeddable":true,"href":"https:\/\/sundar.be\/fr\/wp-json\/wp\/v2\/product_brand?post=57612"},{"taxonomy":"product_cat","embeddable":true,"href":"https:\/\/sundar.be\/fr\/wp-json\/wp\/v2\/product_cat?post=57612"},{"taxonomy":"product_tag","embeddable":true,"href":"https:\/\/sundar.be\/fr\/wp-json\/wp\/v2\/product_tag?post=57612"}],"curies":[{"name":"wp","href":"https:\/\/api.w.org\/{rel}","templated":true}]}}