{"id":57611,"date":"2025-09-16T09:34:41","date_gmt":"2025-09-16T07:34:41","guid":{"rendered":"https:\/\/sundar.be\/product\/chi-happiness-airspray-50ml\/"},"modified":"2025-11-24T10:44:44","modified_gmt":"2025-11-24T09:44:44","slug":"chi-happiness-airspray-50ml","status":"publish","type":"product","link":"https:\/\/sundar.be\/fr\/produit\/chi-happiness-airspray-50ml\/","title":{"rendered":"Chi Happiness Airspray, 50ml"},"content":{"rendered":"<p>Le parfum doux du Happiness Airspray cr\u00e9e une ambiance agr\u00e9able, joyeuse et \u00e9nergique dans chaque espace. La combinaison d\u2019huile d\u2019orange et de mandarine est reconnue par tous. Le benjoin apporte une touche l\u00e9g\u00e8rement vanill\u00e9e et la bergamote ajoute une note fra\u00eeche particuli\u00e8re.  <\/p>\n<ul>\n<li>L\u2019huile essentielle d\u2019orange douce a un effet stimulant, relaxant et c\u2019est un purificateur d\u2019air efficace.<\/li>\n<li>L\u2019huile essentielle de mandarine agit de mani\u00e8re relaxante, apporte de la gaiet\u00e9 et est \u00e9galement tr\u00e8s appr\u00e9ci\u00e9e des enfants.<\/li>\n<li>L\u2019huile essentielle de bergamote est l\u2019huile par excellence pour am\u00e9liorer votre humeur. L\u2019huile de bergamote agit de mani\u00e8re apaisante, rafra\u00eechissante, \u00e9quilibrante et apporte de la gaiet\u00e9. <\/li>\n<li>L\u2019huile essentielle de benzo\u00e9 n\u2019est en r\u00e9alit\u00e9 pas une huile essentielle, mais une r\u00e9sino\u00efde, un m\u00e9lange de r\u00e9sine et d\u2019huile essentielle. Son parfum chaud rappelant la vanille et le sirop a un effet apaisant. <\/li>\n<\/ul>\n","protected":false},"excerpt":{"rendered":"<p>Le parfum doux du Happiness Airspray cr\u00e9e une ambiance agr\u00e9able, joyeuse et \u00e9nergique dans chaque espace. La combinaison d\u2019huile d\u2019orange et de mandarine est reconnue par tous. Le benjoin apporte une touche l\u00e9g\u00e8rement vanill\u00e9e et la bergamote ajoute une note fra\u00eeche particuli\u00e8re. L\u2019huile essentielle d\u2019orange douce a un effet stimulant, relaxant et c\u2019est un purificateur [&hellip;]<\/p>\n","protected":false},"featured_media":57607,"comment_status":"open","ping_status":"closed","template":"","meta":{"_acf_changed":false},"product_brand":[],"product_cat":[6090,5678,4972,6100],"product_tag":[],"class_list":{"0":"post-57611","1":"product","2":"type-product","3":"status-publish","4":"has-post-thumbnail","6":"product_cat-chi-natural-life","7":"product_cat-huile-essentielles","8":"product_cat-nos-marques","9":"product_cat-spray-ambiance","11":"first","12":"instock","13":"taxable","14":"shipping-taxable","15":"product-type-simple"},"acf":[],"_links":{"self":[{"href":"https:\/\/sundar.be\/fr\/wp-json\/wp\/v2\/product\/57611","targetHints":{"allow":["GET"]}}],"collection":[{"href":"https:\/\/sundar.be\/fr\/wp-json\/wp\/v2\/product"}],"about":[{"href":"https:\/\/sundar.be\/fr\/wp-json\/wp\/v2\/types\/product"}],"replies":[{"embeddable":true,"href":"https:\/\/sundar.be\/fr\/wp-json\/wp\/v2\/comments?post=57611"}],"wp:featuredmedia":[{"embeddable":true,"href":"https:\/\/sundar.be\/fr\/wp-json\/wp\/v2\/media\/57607"}],"wp:attachment":[{"href":"https:\/\/sundar.be\/fr\/wp-json\/wp\/v2\/media?parent=57611"}],"wp:term":[{"taxonomy":"product_brand","embeddable":true,"href":"https:\/\/sundar.be\/fr\/wp-json\/wp\/v2\/product_brand?post=57611"},{"taxonomy":"product_cat","embeddable":true,"href":"https:\/\/sundar.be\/fr\/wp-json\/wp\/v2\/product_cat?post=57611"},{"taxonomy":"product_tag","embeddable":true,"href":"https:\/\/sundar.be\/fr\/wp-json\/wp\/v2\/product_tag?post=57611"}],"curies":[{"name":"wp","href":"https:\/\/api.w.org\/{rel}","templated":true}]}}