{"id":57609,"date":"2025-09-16T09:35:52","date_gmt":"2025-09-16T07:35:52","guid":{"rendered":"https:\/\/sundar.be\/product\/chi-flowers-airspray-50ml\/"},"modified":"2025-11-24T10:41:41","modified_gmt":"2025-11-24T09:41:41","slug":"chi-flowers-airspray-50ml","status":"publish","type":"product","link":"https:\/\/sundar.be\/fr\/produit\/chi-flowers-airspray-50ml\/","title":{"rendered":"Chi Flowers Airspray, 50ml"},"content":{"rendered":"<p>Flowers est un m\u00e9lange de 8 huiles essentielles diff\u00e9rentes, dont les huiles biologiques de bergamote, de lavande et de g\u00e9ranium, reconnues pour leur effet positif sur l\u2019humeur. La palmarosa et le benzo\u00e9 apportent des notes chaudes \u00e0 cette airsplay, tandis que la fra\u00eecheur intense de la citronnelle (lemongrass), du petitgrain et de l\u2019orange offre une touche lumineuse et vivifiante.  <\/p>\n<ul>\n<li>Orange<\/li>\n<li>Lemongrass<\/li>\n<li>Bergamote<\/li>\n<li>Lavande<\/li>\n<li>Petitgrain<\/li>\n<li>Palmarosa<\/li>\n<li>Benzo\u00e9<\/li>\n<li>G\u00e9ranium<\/li>\n<\/ul>\n","protected":false},"excerpt":{"rendered":"<p>Flowers est un m\u00e9lange de 8 huiles essentielles diff\u00e9rentes, dont les huiles biologiques de bergamote, de lavande et de g\u00e9ranium, reconnues pour leur effet positif sur l\u2019humeur. La palmarosa et le benzo\u00e9 apportent des notes chaudes \u00e0 cette airsplay, tandis que la fra\u00eecheur intense de la citronnelle (lemongrass), du petitgrain et de l\u2019orange offre une [&hellip;]<\/p>\n","protected":false},"featured_media":57605,"comment_status":"open","ping_status":"closed","template":"","meta":{"_acf_changed":false},"product_brand":[],"product_cat":[6090,5678,4972,6100],"product_tag":[],"class_list":{"0":"post-57609","1":"product","2":"type-product","3":"status-publish","4":"has-post-thumbnail","6":"product_cat-chi-natural-life","7":"product_cat-huile-essentielles","8":"product_cat-nos-marques","9":"product_cat-spray-ambiance","11":"first","12":"instock","13":"taxable","14":"shipping-taxable","15":"product-type-simple"},"acf":[],"_links":{"self":[{"href":"https:\/\/sundar.be\/fr\/wp-json\/wp\/v2\/product\/57609","targetHints":{"allow":["GET"]}}],"collection":[{"href":"https:\/\/sundar.be\/fr\/wp-json\/wp\/v2\/product"}],"about":[{"href":"https:\/\/sundar.be\/fr\/wp-json\/wp\/v2\/types\/product"}],"replies":[{"embeddable":true,"href":"https:\/\/sundar.be\/fr\/wp-json\/wp\/v2\/comments?post=57609"}],"wp:featuredmedia":[{"embeddable":true,"href":"https:\/\/sundar.be\/fr\/wp-json\/wp\/v2\/media\/57605"}],"wp:attachment":[{"href":"https:\/\/sundar.be\/fr\/wp-json\/wp\/v2\/media?parent=57609"}],"wp:term":[{"taxonomy":"product_brand","embeddable":true,"href":"https:\/\/sundar.be\/fr\/wp-json\/wp\/v2\/product_brand?post=57609"},{"taxonomy":"product_cat","embeddable":true,"href":"https:\/\/sundar.be\/fr\/wp-json\/wp\/v2\/product_cat?post=57609"},{"taxonomy":"product_tag","embeddable":true,"href":"https:\/\/sundar.be\/fr\/wp-json\/wp\/v2\/product_tag?post=57609"}],"curies":[{"name":"wp","href":"https:\/\/api.w.org\/{rel}","templated":true}]}}