{"id":57606,"date":"2025-09-16T09:37:16","date_gmt":"2025-09-16T07:37:16","guid":{"rendered":"https:\/\/sundar.be\/product\/chi-fresh-it-up-airspray-50ml\/"},"modified":"2025-11-24T10:40:32","modified_gmt":"2025-11-24T09:40:32","slug":"chi-fresh-it-up-airspray-50ml","status":"publish","type":"product","link":"https:\/\/sundar.be\/fr\/produit\/chi-fresh-it-up-airspray-50ml\/","title":{"rendered":"Chi Fresh it up Airspray, 50ml"},"content":{"rendered":"<p>Fresh it Up Airspray est id\u00e9al pour rafra\u00eechir rapidement une pi\u00e8ce o\u00f9 l\u2019air est charg\u00e9, \u00e9touffant ou impr\u00e9gn\u00e9 d\u2019odeurs d\u00e9sagr\u00e9ables \u2014 ou encore pour retrouver une atmosph\u00e8re claire et fra\u00eeche apr\u00e8s une f\u00eate. Une seule pulv\u00e9risation en hauteur dans un petit espace, ou une pulv\u00e9risation dans chaque coin d\u2019une grande pi\u00e8ce, suffit pour obtenir imm\u00e9diatement un air purifi\u00e9 et agr\u00e9ablement parfum\u00e9. La combinaison du lemongrass, du citron et de la menthe poivr\u00e9e apporte un v\u00e9ritable boost ultra-frais, tandis que le lavandin et le g\u00e9ranium offrent une touche florale subtile et \u00e9quilibr\u00e9e.<\/p>\n<ul>\n<li>Menthe poivr\u00e9e : l\u2019un des ar\u00f4mes les plus appr\u00e9ci\u00e9s au monde, purifie l\u2019air et diffuse une fra\u00eecheur instantan\u00e9e. <\/li>\n<li>Lemongrass : odeur citronn\u00e9e caract\u00e9ristique, l\u2019un des parfums les plus puissants de l\u2019aromath\u00e9rapie pour chasser les mauvaises odeurs. C\u2019est une huile du matin, id\u00e9ale pour clarifier l\u2019esprit et am\u00e9liorer la concentration.  <\/li>\n<li>Citron : illumine l\u2019ambiance comme un rayon de soleil et agit comme un puissant purificateur de l\u2019air ambiant.<\/li>\n<\/ul>\n","protected":false},"excerpt":{"rendered":"<p>Fresh it Up Airspray est id\u00e9al pour rafra\u00eechir rapidement une pi\u00e8ce o\u00f9 l\u2019air est charg\u00e9, \u00e9touffant ou impr\u00e9gn\u00e9 d\u2019odeurs d\u00e9sagr\u00e9ables \u2014 ou encore pour retrouver une atmosph\u00e8re claire et fra\u00eeche apr\u00e8s une f\u00eate. Une seule pulv\u00e9risation en hauteur dans un petit espace, ou une pulv\u00e9risation dans chaque coin d\u2019une grande pi\u00e8ce, suffit pour obtenir imm\u00e9diatement [&hellip;]<\/p>\n","protected":false},"featured_media":57604,"comment_status":"open","ping_status":"closed","template":"","meta":{"_acf_changed":false},"product_brand":[],"product_cat":[6090,5678,4972,6100],"product_tag":[],"class_list":{"0":"post-57606","1":"product","2":"type-product","3":"status-publish","4":"has-post-thumbnail","6":"product_cat-chi-natural-life","7":"product_cat-huile-essentielles","8":"product_cat-nos-marques","9":"product_cat-spray-ambiance","11":"first","12":"instock","13":"taxable","14":"shipping-taxable","15":"product-type-simple"},"acf":[],"_links":{"self":[{"href":"https:\/\/sundar.be\/fr\/wp-json\/wp\/v2\/product\/57606","targetHints":{"allow":["GET"]}}],"collection":[{"href":"https:\/\/sundar.be\/fr\/wp-json\/wp\/v2\/product"}],"about":[{"href":"https:\/\/sundar.be\/fr\/wp-json\/wp\/v2\/types\/product"}],"replies":[{"embeddable":true,"href":"https:\/\/sundar.be\/fr\/wp-json\/wp\/v2\/comments?post=57606"}],"wp:featuredmedia":[{"embeddable":true,"href":"https:\/\/sundar.be\/fr\/wp-json\/wp\/v2\/media\/57604"}],"wp:attachment":[{"href":"https:\/\/sundar.be\/fr\/wp-json\/wp\/v2\/media?parent=57606"}],"wp:term":[{"taxonomy":"product_brand","embeddable":true,"href":"https:\/\/sundar.be\/fr\/wp-json\/wp\/v2\/product_brand?post=57606"},{"taxonomy":"product_cat","embeddable":true,"href":"https:\/\/sundar.be\/fr\/wp-json\/wp\/v2\/product_cat?post=57606"},{"taxonomy":"product_tag","embeddable":true,"href":"https:\/\/sundar.be\/fr\/wp-json\/wp\/v2\/product_tag?post=57606"}],"curies":[{"name":"wp","href":"https:\/\/api.w.org\/{rel}","templated":true}]}}