{"id":57603,"date":"2025-09-16T09:38:40","date_gmt":"2025-09-16T07:38:40","guid":{"rendered":"https:\/\/sundar.be\/product\/chi-back-to-earth-airspray-50ml\/"},"modified":"2025-11-24T10:38:52","modified_gmt":"2025-11-24T09:38:52","slug":"chi-back-to-earth-airspray-50ml","status":"publish","type":"product","link":"https:\/\/sundar.be\/fr\/produit\/chi-back-to-earth-airspray-50ml\/","title":{"rendered":"Chi Back to Earth Airspray, 50ml"},"content":{"rendered":"<p>Back to Earth est un parfum con\u00e7u pour se laisser aller, ralentir et retrouver progressivement son \u00e9nergie int\u00e9rieure. Les ar\u00f4mes profonds de patchouli et d\u2019ylang-ylang ram\u00e8nent au moment pr\u00e9sent et favorisent l\u2019\u00e9quilibre naturel du corps et de l\u2019esprit, tandis que l\u2019huile essentielle de lavande apporte un suppl\u00e9ment de d\u00e9tente. Cette spray est tr\u00e8s appr\u00e9ci\u00e9e dans les soins, car de nombreuses personnes \u00e2g\u00e9es reconnaissent imm\u00e9diatement l\u2019odeur embl\u00e9matique du patchouli, le parfum des ann\u00e9es 60 et de Woodstock.*   <\/p>\n<ul>\n<li>Lavande : apaise et favorise la relaxation imm\u00e9diate<\/li>\n<li>Patchouli : parfum mythique des ann\u00e9es 60, ancrant, r\u00e9confortant et soutenant en cas de stress ou de fatigue <\/li>\n<li>Ylang-ylang : l\u2019huile essentielle la plus douce et la plus sensuelle, connue pour ses effets relaxants, harmonisants et \u00e9motionnellement apaisants <\/li>\n<\/ul>\n","protected":false},"excerpt":{"rendered":"<p>Back to Earth est un parfum con\u00e7u pour se laisser aller, ralentir et retrouver progressivement son \u00e9nergie int\u00e9rieure. Les ar\u00f4mes profonds de patchouli et d\u2019ylang-ylang ram\u00e8nent au moment pr\u00e9sent et favorisent l\u2019\u00e9quilibre naturel du corps et de l\u2019esprit, tandis que l\u2019huile essentielle de lavande apporte un suppl\u00e9ment de d\u00e9tente. Cette spray est tr\u00e8s appr\u00e9ci\u00e9e dans [&hellip;]<\/p>\n","protected":false},"featured_media":57602,"comment_status":"open","ping_status":"closed","template":"","meta":{"_acf_changed":false},"product_brand":[],"product_cat":[6090,5678,4972,6100],"product_tag":[],"class_list":{"0":"post-57603","1":"product","2":"type-product","3":"status-publish","4":"has-post-thumbnail","6":"product_cat-chi-natural-life","7":"product_cat-huile-essentielles","8":"product_cat-nos-marques","9":"product_cat-spray-ambiance","11":"first","12":"instock","13":"taxable","14":"shipping-taxable","15":"product-type-simple"},"acf":[],"_links":{"self":[{"href":"https:\/\/sundar.be\/fr\/wp-json\/wp\/v2\/product\/57603","targetHints":{"allow":["GET"]}}],"collection":[{"href":"https:\/\/sundar.be\/fr\/wp-json\/wp\/v2\/product"}],"about":[{"href":"https:\/\/sundar.be\/fr\/wp-json\/wp\/v2\/types\/product"}],"replies":[{"embeddable":true,"href":"https:\/\/sundar.be\/fr\/wp-json\/wp\/v2\/comments?post=57603"}],"wp:featuredmedia":[{"embeddable":true,"href":"https:\/\/sundar.be\/fr\/wp-json\/wp\/v2\/media\/57602"}],"wp:attachment":[{"href":"https:\/\/sundar.be\/fr\/wp-json\/wp\/v2\/media?parent=57603"}],"wp:term":[{"taxonomy":"product_brand","embeddable":true,"href":"https:\/\/sundar.be\/fr\/wp-json\/wp\/v2\/product_brand?post=57603"},{"taxonomy":"product_cat","embeddable":true,"href":"https:\/\/sundar.be\/fr\/wp-json\/wp\/v2\/product_cat?post=57603"},{"taxonomy":"product_tag","embeddable":true,"href":"https:\/\/sundar.be\/fr\/wp-json\/wp\/v2\/product_tag?post=57603"}],"curies":[{"name":"wp","href":"https:\/\/api.w.org\/{rel}","templated":true}]}}