{"id":57601,"date":"2025-09-16T09:41:23","date_gmt":"2025-09-16T07:41:23","guid":{"rendered":"https:\/\/sundar.be\/product\/chi-smell-well-airspray-50ml\/"},"modified":"2025-11-24T10:37:47","modified_gmt":"2025-11-24T09:37:47","slug":"chi-smell-well-airspray-50ml","status":"publish","type":"product","link":"https:\/\/sundar.be\/fr\/produit\/chi-smell-well-airspray-50ml\/","title":{"rendered":"Chi Smell Well Airspray, 50ml"},"content":{"rendered":"<p>Smell Well Airspray portait autrefois le nom Anti-tabac, \u00e0 l\u2019\u00e9poque o\u00f9 il \u00e9tait encore permis de fumer dans les caf\u00e9s et les lieux publics. Cette composition aromatique \u00e0 la fois douce et chaleureuse \u2014 un m\u00e9lange de palmarosa, bois de H\u00f4 et cannelle \u2014 est enrichie par une note fra\u00eeche d\u2019eucalyptus citronn\u00e9 et de menthe des champs. Gr\u00e2ce \u00e0 sa base d\u2019huile essentielle de pin sylvestre, ce m\u00e9lange neutralise rapidement les odeurs de renferm\u00e9, les effluves g\u00eanantes et les odeurs persistantes.*<\/p>\n<ul>\n<li><strong>Pin sylvestre<\/strong> : parfum tr\u00e8s frais, aide \u00e0 purifier l\u2019air et \u00e0 favoriser une respiration plus libre <\/li>\n<li><strong>Cannelle<\/strong> : huile chaude, \u00e9pic\u00e9e et r\u00e9confortante au parfum stimulant<\/li>\n<li><strong>Bois de H\u00f4 <\/strong>: chaude, douce et ros\u00e9e, connue pour son action purifiante<\/li>\n<li><strong>Menthe des champs :<\/strong> la s\u0153ur tonique de la menthe poivr\u00e9e, rafra\u00eechit et assainit chaque pi\u00e8ce <\/li>\n<li><strong>Eucalyptus citronn\u00e9<\/strong> : parfum vif et citronn\u00e9 rappelant la citronnelle<\/li>\n<\/ul>\n","protected":false},"excerpt":{"rendered":"<p>Smell Well Airspray portait autrefois le nom Anti-tabac, \u00e0 l\u2019\u00e9poque o\u00f9 il \u00e9tait encore permis de fumer dans les caf\u00e9s et les lieux publics. Cette composition aromatique \u00e0 la fois douce et chaleureuse \u2014 un m\u00e9lange de palmarosa, bois de H\u00f4 et cannelle \u2014 est enrichie par une note fra\u00eeche d\u2019eucalyptus citronn\u00e9 et de menthe [&hellip;]<\/p>\n","protected":false},"featured_media":57600,"comment_status":"open","ping_status":"closed","template":"","meta":{"_acf_changed":false},"product_brand":[],"product_cat":[6090,5678,4972,6100],"product_tag":[],"class_list":{"0":"post-57601","1":"product","2":"type-product","3":"status-publish","4":"has-post-thumbnail","6":"product_cat-chi-natural-life","7":"product_cat-huile-essentielles","8":"product_cat-nos-marques","9":"product_cat-spray-ambiance","11":"first","12":"instock","13":"taxable","14":"shipping-taxable","15":"product-type-simple"},"acf":[],"_links":{"self":[{"href":"https:\/\/sundar.be\/fr\/wp-json\/wp\/v2\/product\/57601","targetHints":{"allow":["GET"]}}],"collection":[{"href":"https:\/\/sundar.be\/fr\/wp-json\/wp\/v2\/product"}],"about":[{"href":"https:\/\/sundar.be\/fr\/wp-json\/wp\/v2\/types\/product"}],"replies":[{"embeddable":true,"href":"https:\/\/sundar.be\/fr\/wp-json\/wp\/v2\/comments?post=57601"}],"wp:featuredmedia":[{"embeddable":true,"href":"https:\/\/sundar.be\/fr\/wp-json\/wp\/v2\/media\/57600"}],"wp:attachment":[{"href":"https:\/\/sundar.be\/fr\/wp-json\/wp\/v2\/media?parent=57601"}],"wp:term":[{"taxonomy":"product_brand","embeddable":true,"href":"https:\/\/sundar.be\/fr\/wp-json\/wp\/v2\/product_brand?post=57601"},{"taxonomy":"product_cat","embeddable":true,"href":"https:\/\/sundar.be\/fr\/wp-json\/wp\/v2\/product_cat?post=57601"},{"taxonomy":"product_tag","embeddable":true,"href":"https:\/\/sundar.be\/fr\/wp-json\/wp\/v2\/product_tag?post=57601"}],"curies":[{"name":"wp","href":"https:\/\/api.w.org\/{rel}","templated":true}]}}