{"id":57599,"date":"2025-09-16T09:42:41","date_gmt":"2025-09-16T07:42:41","guid":{"rendered":"https:\/\/sundar.be\/product\/chi-purify-airspray-50ml\/"},"modified":"2025-11-24T10:36:10","modified_gmt":"2025-11-24T09:36:10","slug":"chi-purify-airspray-50ml","status":"publish","type":"product","link":"https:\/\/sundar.be\/fr\/produit\/chi-purify-airspray-50ml\/","title":{"rendered":"Chi Purify Airspray, 50ml"},"content":{"rendered":"<p>Purify Airspray est un spray d\u2019ambiance extra puissant, une version intensifi\u00e9e du Davos Airspray. L\u2019association d\u2019eucalyptus et de pin sylvestre est renforc\u00e9e par la menthe poivr\u00e9e, le romarin et la menthe verte. La litsea apporte une note fra\u00eeche et citronn\u00e9e, tandis que la sauge et l\u2019encens compl\u00e8tent ce m\u00e9lange ultra-vivifiant pour am\u00e9liorer rapidement la qualit\u00e9 de l\u2019air. L\u2019atmosph\u00e8re s\u2019\u00e9claircit en quelques secondes et la fra\u00eecheur procure une sensation de respiration libre. Id\u00e9al \u00e9galement sur le lieu de travail pour un coup de boost instantan\u00e9.    <\/p>\n<ul>\n<li>Huile essentielle de pin sylvestre : aide \u00e0 respirer plus librement. <\/li>\n<li>Huile essentielle de romarin : soutient les voies respiratoires ; parfum stimulant et clarifiant. <\/li>\n<li>Huile essentielle d\u2019encens : apaise en cas de stress ou d\u2019agitation et facilite la respiration.<\/li>\n<li>Huile essentielle de sauge : fra\u00eeche, herbac\u00e9e, purifiante et clarifiante.<\/li>\n<\/ul>\n","protected":false},"excerpt":{"rendered":"<p>Purify Airspray est un spray d\u2019ambiance extra puissant, une version intensifi\u00e9e du Davos Airspray. L\u2019association d\u2019eucalyptus et de pin sylvestre est renforc\u00e9e par la menthe poivr\u00e9e, le romarin et la menthe verte. La litsea apporte une note fra\u00eeche et citronn\u00e9e, tandis que la sauge et l\u2019encens compl\u00e8tent ce m\u00e9lange ultra-vivifiant pour am\u00e9liorer rapidement la qualit\u00e9 [&hellip;]<\/p>\n","protected":false},"featured_media":57596,"comment_status":"open","ping_status":"closed","template":"","meta":{"_acf_changed":false},"product_brand":[],"product_cat":[6090,5678,4972,6100],"product_tag":[],"class_list":{"0":"post-57599","1":"product","2":"type-product","3":"status-publish","4":"has-post-thumbnail","6":"product_cat-chi-natural-life","7":"product_cat-huile-essentielles","8":"product_cat-nos-marques","9":"product_cat-spray-ambiance","11":"first","12":"instock","13":"taxable","14":"shipping-taxable","15":"product-type-simple"},"acf":[],"_links":{"self":[{"href":"https:\/\/sundar.be\/fr\/wp-json\/wp\/v2\/product\/57599","targetHints":{"allow":["GET"]}}],"collection":[{"href":"https:\/\/sundar.be\/fr\/wp-json\/wp\/v2\/product"}],"about":[{"href":"https:\/\/sundar.be\/fr\/wp-json\/wp\/v2\/types\/product"}],"replies":[{"embeddable":true,"href":"https:\/\/sundar.be\/fr\/wp-json\/wp\/v2\/comments?post=57599"}],"wp:featuredmedia":[{"embeddable":true,"href":"https:\/\/sundar.be\/fr\/wp-json\/wp\/v2\/media\/57596"}],"wp:attachment":[{"href":"https:\/\/sundar.be\/fr\/wp-json\/wp\/v2\/media?parent=57599"}],"wp:term":[{"taxonomy":"product_brand","embeddable":true,"href":"https:\/\/sundar.be\/fr\/wp-json\/wp\/v2\/product_brand?post=57599"},{"taxonomy":"product_cat","embeddable":true,"href":"https:\/\/sundar.be\/fr\/wp-json\/wp\/v2\/product_cat?post=57599"},{"taxonomy":"product_tag","embeddable":true,"href":"https:\/\/sundar.be\/fr\/wp-json\/wp\/v2\/product_tag?post=57599"}],"curies":[{"name":"wp","href":"https:\/\/api.w.org\/{rel}","templated":true}]}}