{"id":57598,"date":"2025-09-16T09:44:14","date_gmt":"2025-09-16T07:44:14","guid":{"rendered":"https:\/\/sundar.be\/product\/chi-well-chi-airspray-50ml\/"},"modified":"2025-11-24T10:35:18","modified_gmt":"2025-11-24T09:35:18","slug":"chi-well-chi-airspray-50ml","status":"publish","type":"product","link":"https:\/\/sundar.be\/fr\/produit\/chi-well-chi-airspray-50ml\/","title":{"rendered":"Chi Well Chi Airspray, 50ml"},"content":{"rendered":"<p>Combi est un puissant neutralisateur des mauvaises odeurs, dont l\u2019effet frais et purifiant reste perceptible longtemps. Il est id\u00e9al dans toutes les situations o\u00f9 des odeurs d\u00e9sagr\u00e9ables, moites ou envahissantes doivent \u00eatre \u00e9limin\u00e9es rapidement. Parfait \u00e9galement pour dissiper les odeurs de cuisine ou pour rafra\u00eechir l\u2019air dans les toilettes.* Ce m\u00e9lange r\u00e9unit des huiles essentielles purifiantes et vivifiantes qui am\u00e9liorent la qualit\u00e9 de l\u2019air int\u00e9rieur : <em>pin sylvestre, bois de H\u00f4, g\u00e9ranium et menthe des champs<\/em>.<\/p>\n<ul>\n<li>Pin sylvestre : l\u2019huile essentielle de pin est r\u00e9put\u00e9e pour favoriser une respiration plus libre. <\/li>\n<li>Bois de H\u00f4 : avec son parfum chaud, frais et l\u00e9g\u00e8rement ros\u00e9, elle poss\u00e8de des propri\u00e9t\u00e9s purifiantes.<\/li>\n<li>Menthe des champs : la s\u0153ur intense de la menthe poivr\u00e9e, elle rafra\u00eechit instantan\u00e9ment et assainit chaque espace. <\/li>\n<\/ul>\n","protected":false},"excerpt":{"rendered":"<p>Combi est un puissant neutralisateur des mauvaises odeurs, dont l\u2019effet frais et purifiant reste perceptible longtemps. Il est id\u00e9al dans toutes les situations o\u00f9 des odeurs d\u00e9sagr\u00e9ables, moites ou envahissantes doivent \u00eatre \u00e9limin\u00e9es rapidement. Parfait \u00e9galement pour dissiper les odeurs de cuisine ou pour rafra\u00eechir l\u2019air dans les toilettes.* Ce m\u00e9lange r\u00e9unit des huiles essentielles [&hellip;]<\/p>\n","protected":false},"featured_media":57595,"comment_status":"open","ping_status":"closed","template":"","meta":{"_acf_changed":false},"product_brand":[],"product_cat":[6090,5678,4972,6100],"product_tag":[],"class_list":{"0":"post-57598","1":"product","2":"type-product","3":"status-publish","4":"has-post-thumbnail","6":"product_cat-chi-natural-life","7":"product_cat-huile-essentielles","8":"product_cat-nos-marques","9":"product_cat-spray-ambiance","11":"first","12":"instock","13":"taxable","14":"shipping-taxable","15":"product-type-simple"},"acf":[],"_links":{"self":[{"href":"https:\/\/sundar.be\/fr\/wp-json\/wp\/v2\/product\/57598","targetHints":{"allow":["GET"]}}],"collection":[{"href":"https:\/\/sundar.be\/fr\/wp-json\/wp\/v2\/product"}],"about":[{"href":"https:\/\/sundar.be\/fr\/wp-json\/wp\/v2\/types\/product"}],"replies":[{"embeddable":true,"href":"https:\/\/sundar.be\/fr\/wp-json\/wp\/v2\/comments?post=57598"}],"wp:featuredmedia":[{"embeddable":true,"href":"https:\/\/sundar.be\/fr\/wp-json\/wp\/v2\/media\/57595"}],"wp:attachment":[{"href":"https:\/\/sundar.be\/fr\/wp-json\/wp\/v2\/media?parent=57598"}],"wp:term":[{"taxonomy":"product_brand","embeddable":true,"href":"https:\/\/sundar.be\/fr\/wp-json\/wp\/v2\/product_brand?post=57598"},{"taxonomy":"product_cat","embeddable":true,"href":"https:\/\/sundar.be\/fr\/wp-json\/wp\/v2\/product_cat?post=57598"},{"taxonomy":"product_tag","embeddable":true,"href":"https:\/\/sundar.be\/fr\/wp-json\/wp\/v2\/product_tag?post=57598"}],"curies":[{"name":"wp","href":"https:\/\/api.w.org\/{rel}","templated":true}]}}