{"id":57597,"date":"2025-09-16T09:48:08","date_gmt":"2025-09-16T07:48:08","guid":{"rendered":"https:\/\/sundar.be\/product\/chi-huile-essentielle-deucalyptus-citronne-sauvage-20-ml\/"},"modified":"2025-11-24T10:35:15","modified_gmt":"2025-11-24T09:35:15","slug":"chi-huile-essentielle-deucalyptus-citronne-sauvage-20-ml","status":"publish","type":"product","link":"https:\/\/sundar.be\/fr\/produit\/chi-huile-essentielle-deucalyptus-citronne-sauvage-20-ml\/","title":{"rendered":"Chi Huile Essentielle d\u2019Eucalyptus Citronn\u00e9 (Sauvage), 20 ml"},"content":{"rendered":"<p>L\u2019huile d\u2019eucalyptus citronn\u00e9 est obtenue \u00e0 partir des feuilles et des jeunes rameaux de cette grande esp\u00e8ce d\u2019eucalyptus. L\u2019ar\u00f4me de cette huile, incolore \u00e0 jaune p\u00e2le, rappelle celui de la citronnelle et est tr\u00e8s utilis\u00e9 dans les produits m\u00e9nagers. Vous pouvez \u00e9galement ajouter quelques gouttes dans l\u2019eau de lavage pour diffuser ce parfum frais et purifiant dans toute la maison. La famille des eucalyptus compte plus de 500 esp\u00e8ces. L\u2019eucalyptus citronn\u00e9 pousse principalement dans les r\u00e9gions s\u00e8ches du Queensland (Australie), mais il est aujourd\u2019hui \u00e9galement cultiv\u00e9 au Br\u00e9sil, en Afrique du Sud et en Inde. Cet arbre \u00e9lanc\u00e9 poss\u00e8de une \u00e9corce blanche tachet\u00e9e et de longues feuilles \u00e9troites, et peut atteindre jusqu\u2019\u00e0 50 m\u00e8tres de hauteur.       <\/p>\n","protected":false},"excerpt":{"rendered":"<p>L\u2019huile d\u2019eucalyptus citronn\u00e9 est obtenue \u00e0 partir des feuilles et des jeunes rameaux de cette grande esp\u00e8ce d\u2019eucalyptus. L\u2019ar\u00f4me de cette huile, incolore \u00e0 jaune p\u00e2le, rappelle celui de la citronnelle et est tr\u00e8s utilis\u00e9 dans les produits m\u00e9nagers. Vous pouvez \u00e9galement ajouter quelques gouttes dans l\u2019eau de lavage pour diffuser ce parfum frais et [&hellip;]<\/p>\n","protected":false},"featured_media":57587,"comment_status":"open","ping_status":"closed","template":"","meta":{"_acf_changed":false},"product_brand":[],"product_cat":[6090,6101,5678,4972],"product_tag":[],"class_list":{"0":"post-57597","1":"product","2":"type-product","3":"status-publish","4":"has-post-thumbnail","6":"product_cat-chi-natural-life","7":"product_cat-huile-eucalyptus","8":"product_cat-huile-essentielles","9":"product_cat-nos-marques","11":"first","12":"instock","13":"taxable","14":"shipping-taxable","15":"product-type-simple"},"acf":[],"_links":{"self":[{"href":"https:\/\/sundar.be\/fr\/wp-json\/wp\/v2\/product\/57597","targetHints":{"allow":["GET"]}}],"collection":[{"href":"https:\/\/sundar.be\/fr\/wp-json\/wp\/v2\/product"}],"about":[{"href":"https:\/\/sundar.be\/fr\/wp-json\/wp\/v2\/types\/product"}],"replies":[{"embeddable":true,"href":"https:\/\/sundar.be\/fr\/wp-json\/wp\/v2\/comments?post=57597"}],"wp:featuredmedia":[{"embeddable":true,"href":"https:\/\/sundar.be\/fr\/wp-json\/wp\/v2\/media\/57587"}],"wp:attachment":[{"href":"https:\/\/sundar.be\/fr\/wp-json\/wp\/v2\/media?parent=57597"}],"wp:term":[{"taxonomy":"product_brand","embeddable":true,"href":"https:\/\/sundar.be\/fr\/wp-json\/wp\/v2\/product_brand?post=57597"},{"taxonomy":"product_cat","embeddable":true,"href":"https:\/\/sundar.be\/fr\/wp-json\/wp\/v2\/product_cat?post=57597"},{"taxonomy":"product_tag","embeddable":true,"href":"https:\/\/sundar.be\/fr\/wp-json\/wp\/v2\/product_tag?post=57597"}],"curies":[{"name":"wp","href":"https:\/\/api.w.org\/{rel}","templated":true}]}}