{"id":57586,"date":"2025-09-16T09:55:27","date_gmt":"2025-09-16T07:55:27","guid":{"rendered":"https:\/\/sundar.be\/product\/chi-huile-essentielle-de-lavande-france-cultivar\/"},"modified":"2025-11-24T10:30:06","modified_gmt":"2025-11-24T09:30:06","slug":"chi-huile-essentielle-de-lavande-france-cultivar","status":"publish","type":"product","link":"https:\/\/sundar.be\/fr\/produit\/chi-huile-essentielle-de-lavande-france-cultivar\/","title":{"rendered":"Chi Huile Essentielle de Lavande France (Cultivar)"},"content":{"rendered":"<p>La senteur douce, \u00e9pic\u00e9e et florale de la lavande est appr\u00e9ci\u00e9e par beaucoup. C\u2019est une huile id\u00e9ale \u00e0 diffuser pour cr\u00e9er une atmosph\u00e8re relaxante et favoriser la d\u00e9tente. <\/p>\n<p><strong>Mieux dormir<\/strong><br \/>\nLa lavande est connue comme un calmant naturel. L\u2019huile de lavande favorise un sommeil naturel et r\u00e9parateur. Bien dormir aide \u00e0 se r\u00e9veiller le matin repos\u00e9 et en forme. Le parfum de la v\u00e9ritable lavande, c\u2019est-\u00e0-dire l\u2019huile essentielle extraite de la plante elle-m\u00eame, est utilis\u00e9 depuis des si\u00e8cles pour soutenir le sommeil.   <\/p>\n<p><strong>Relaxation<\/strong><br \/>\nEn cas d\u2019agitation int\u00e9rieure, l\u2019huile de lavande peut \u00eatre d\u2019une grande aide. Elle agit comme un apaisant naturel pour l\u2019esprit et soutient l\u2019\u00e9quilibre \u00e9motionnel. <\/p>\n<p><strong>Air sain<\/strong><br \/>\nLa lavande poss\u00e8de naturellement une action antibact\u00e9rienne. L\u2019inhalation de l\u2019huile contribue \u00e0 la sant\u00e9 des voies respiratoires et aide \u00e0 respirer plus librement. Elle purifie \u00e9galement la qualit\u00e9 de l\u2019air ambiant.  <\/p>\n<p><strong>Dans les soins<\/strong><br \/>\nDans les \u00e9tablissements de soins et en g\u00e9rontologie, la lavande est l\u2019une des huiles les plus appr\u00e9ci\u00e9es en diffusion, notamment parce que son parfum est reconnaissable et rassurant pour de nombreuses personnes \u00e2g\u00e9es.<\/p>\n","protected":false},"excerpt":{"rendered":"<p>La senteur douce, \u00e9pic\u00e9e et florale de la lavande est appr\u00e9ci\u00e9e par beaucoup. C\u2019est une huile id\u00e9ale \u00e0 diffuser pour cr\u00e9er une atmosph\u00e8re relaxante et favoriser la d\u00e9tente. Mieux dormir La lavande est connue comme un calmant naturel. L\u2019huile de lavande favorise un sommeil naturel et r\u00e9parateur. Bien dormir aide \u00e0 se r\u00e9veiller le matin [&hellip;]<\/p>\n","protected":false},"featured_media":57584,"comment_status":"open","ping_status":"closed","template":"","meta":{"_acf_changed":false},"product_brand":[],"product_cat":[6090,6102,5678,4972],"product_tag":[],"class_list":{"0":"post-57586","1":"product","2":"type-product","3":"status-publish","4":"has-post-thumbnail","6":"product_cat-chi-natural-life","7":"product_cat-huile-de-lavande","8":"product_cat-huile-essentielles","9":"product_cat-nos-marques","10":"pa_inhoud-10-ml-fr","11":"pa_inhoud-20-ml-fr","12":"pa_inhoud-50-ml-fr","14":"first","15":"instock","16":"taxable","17":"shipping-taxable","18":"product-type-variable"},"acf":[],"_links":{"self":[{"href":"https:\/\/sundar.be\/fr\/wp-json\/wp\/v2\/product\/57586","targetHints":{"allow":["GET"]}}],"collection":[{"href":"https:\/\/sundar.be\/fr\/wp-json\/wp\/v2\/product"}],"about":[{"href":"https:\/\/sundar.be\/fr\/wp-json\/wp\/v2\/types\/product"}],"replies":[{"embeddable":true,"href":"https:\/\/sundar.be\/fr\/wp-json\/wp\/v2\/comments?post=57586"}],"wp:featuredmedia":[{"embeddable":true,"href":"https:\/\/sundar.be\/fr\/wp-json\/wp\/v2\/media\/57584"}],"wp:attachment":[{"href":"https:\/\/sundar.be\/fr\/wp-json\/wp\/v2\/media?parent=57586"}],"wp:term":[{"taxonomy":"product_brand","embeddable":true,"href":"https:\/\/sundar.be\/fr\/wp-json\/wp\/v2\/product_brand?post=57586"},{"taxonomy":"product_cat","embeddable":true,"href":"https:\/\/sundar.be\/fr\/wp-json\/wp\/v2\/product_cat?post=57586"},{"taxonomy":"product_tag","embeddable":true,"href":"https:\/\/sundar.be\/fr\/wp-json\/wp\/v2\/product_tag?post=57586"}],"curies":[{"name":"wp","href":"https:\/\/api.w.org\/{rel}","templated":true}]}}