{"id":57585,"date":"2025-09-16T10:01:30","date_gmt":"2025-09-16T08:01:30","guid":{"rendered":"https:\/\/sundar.be\/product\/chi-lavande-co%e2%82%82-extrait-biologique-25-ml\/"},"modified":"2025-11-24T10:27:54","modified_gmt":"2025-11-24T09:27:54","slug":"chi-lavande-co%e2%82%82-extrait-biologique-25-ml","status":"publish","type":"product","link":"https:\/\/sundar.be\/fr\/produit\/chi-lavande-co%e2%82%82-extrait-biologique-25-ml\/","title":{"rendered":"Chi Lavande CO\u2082 Extrait (Biologique) 2,5 ml"},"content":{"rendered":"<p>La lavande aspic peut \u00e9galement \u00eatre utilis\u00e9e en cuisine. Ajoutez par exemple 1 \u00e0 2 gouttes d\u2019huile essentielle de lavande dans un pot de miel. <\/p>\n<p><span class=\"TextRun SCXW190024167 BCX0\" lang=\"NL-NL\" data-contrast=\"auto\" xml:lang=\"NL-NL\"><span class=\"NormalTextRun SCXW190024167 BCX0\">Saviez-vous que la lavande fait partie de nombreux produits Chi ? En plus des diff\u00e9rentes huiles et  <\/span>de l\u2019hydrolat, on retrouve la lavande dans de nombreux autres produits Chi : Aromassage Lavender, Anazone, Alo\u00eb Vera Cooling Gel, Calendula<span class=\"NormalTextRun SCXW190024167 BCX0\"> <\/span><span class=\"SpellingError SCXW190024167 BCX0\">Repair<\/span><span class=\"NormalTextRun SCXW190024167 BCX0\"> <\/span>Balm, Tea Tree Eerste Hulp Spray, Hand &amp; Body Foam<span class=\"NormalTextRun SCXW190024167 BCX0\"> <\/span>Wash, les sprays d\u2019ambiance, les m\u00e9langes<span class=\"NormalTextRun SCXW190024167 BCX0\"> <\/span>Flowers &amp; Back to Earth, les synergies Energize et Springtime ainsi que toute la gamme Lavinchi.<\/span><span class=\"EOP SCXW190024167 BCX0\" data-ccp-props=\"{\"201341983\":0,\"335559739\":160,\"335559740\":259}\"> <\/span><\/p>\n<p><strong>A<\/strong><strong>ttention :<\/strong> cette mati\u00e8re premi\u00e8re est tr\u00e8s pr\u00e9cieuse et n\u2019est donc disponible qu\u2019en petit conditionnement. Le contenu de 2,5 ml correspond \u00e0 environ 50 gouttes, selon l\u2019\u00e9paisseur de la mati\u00e8re premi\u00e8re. Tenez-en compte lors de l\u2019achat. Vous recevez un flacon de 6 ml, rempli avec 2,5 ml du produit. En raison des exigences l\u00e9gales, l\u2019emballage ne peut pas \u00eatre plus petit que 6 ml. Cela peut donner l\u2019impression que le flacon n\u2019est pas totalement rempli, mais il contient bien la quantit\u00e9 correcte : 2,5 ml<strong>.<\/strong>    <\/p>\n","protected":false},"excerpt":{"rendered":"<p>La lavande aspic peut \u00e9galement \u00eatre utilis\u00e9e en cuisine. Ajoutez par exemple 1 \u00e0 2 gouttes d\u2019huile essentielle de lavande dans un pot de miel. Saviez-vous que la lavande fait partie de nombreux produits Chi ? En plus des diff\u00e9rentes huiles et de l\u2019hydrolat, on retrouve la lavande dans de nombreux autres produits Chi : [&hellip;]<\/p>\n","protected":false},"featured_media":57576,"comment_status":"open","ping_status":"closed","template":"","meta":{"_acf_changed":false},"product_brand":[],"product_cat":[6090,6102,5678,6099,6104,4972],"product_tag":[],"class_list":{"0":"post-57585","1":"product","2":"type-product","3":"status-publish","4":"has-post-thumbnail","6":"product_cat-chi-natural-life","7":"product_cat-huile-de-lavande","8":"product_cat-huile-essentielles","9":"product_cat-huiles-essentielles-biologiques","10":"product_cat-huiles-essentielles-co2","11":"product_cat-nos-marques","13":"first","14":"instock","15":"taxable","16":"shipping-taxable","17":"product-type-simple"},"acf":[],"_links":{"self":[{"href":"https:\/\/sundar.be\/fr\/wp-json\/wp\/v2\/product\/57585","targetHints":{"allow":["GET"]}}],"collection":[{"href":"https:\/\/sundar.be\/fr\/wp-json\/wp\/v2\/product"}],"about":[{"href":"https:\/\/sundar.be\/fr\/wp-json\/wp\/v2\/types\/product"}],"replies":[{"embeddable":true,"href":"https:\/\/sundar.be\/fr\/wp-json\/wp\/v2\/comments?post=57585"}],"wp:featuredmedia":[{"embeddable":true,"href":"https:\/\/sundar.be\/fr\/wp-json\/wp\/v2\/media\/57576"}],"wp:attachment":[{"href":"https:\/\/sundar.be\/fr\/wp-json\/wp\/v2\/media?parent=57585"}],"wp:term":[{"taxonomy":"product_brand","embeddable":true,"href":"https:\/\/sundar.be\/fr\/wp-json\/wp\/v2\/product_brand?post=57585"},{"taxonomy":"product_cat","embeddable":true,"href":"https:\/\/sundar.be\/fr\/wp-json\/wp\/v2\/product_cat?post=57585"},{"taxonomy":"product_tag","embeddable":true,"href":"https:\/\/sundar.be\/fr\/wp-json\/wp\/v2\/product_tag?post=57585"}],"curies":[{"name":"wp","href":"https:\/\/api.w.org\/{rel}","templated":true}]}}