{"id":57581,"date":"2025-09-16T09:59:26","date_gmt":"2025-09-16T07:59:26","guid":{"rendered":"https:\/\/sundar.be\/product\/chi-huile-essentielle-de-lavande-bulgarie-biologique\/"},"modified":"2025-11-24T10:24:30","modified_gmt":"2025-11-24T09:24:30","slug":"chi-huile-essentielle-de-lavande-bulgarie-biologique","status":"publish","type":"product","link":"https:\/\/sundar.be\/fr\/produit\/chi-huile-essentielle-de-lavande-bulgarie-biologique\/","title":{"rendered":"Chi Huile Essentielle de Lavande Bulgarie (Biologique)"},"content":{"rendered":"<h2><strong>\u00c0 propos des huiles biologiques<\/strong><\/h2>\n<p>La diff\u00e9rence entre une huile essentielle non biologique (cultiv\u00e9e ou r\u00e9colt\u00e9e \u00e0 l\u2019\u00e9tat sauvage) et une huile essentielle biologique r\u00e9side uniquement dans la certification SKAL. Les propri\u00e9t\u00e9s, l\u2019efficacit\u00e9 et les utilisations sont identiques, mais nous recommandons vivement d\u2019utiliser uniquement la version biologique en cuisine.<\/p>\n<p>Bien que le mot \u00ab ar\u00f4me \u00bb laisse penser que les huiles sont uniquement destin\u00e9es \u00e0 \u00eatre inhal\u00e9es, les huiles essentielles biologiques peuvent \u00eatre ing\u00e9r\u00e9es comme ar\u00f4mes alimentaires. Saviez-vous que les huiles essentielles sont m\u00eame des ar\u00f4mes autoris\u00e9s dans l\u2019industrie alimentaire ? Nos huiles essentielles biologiques conviennent donc parfaitement \u00e0 une utilisation en cuisine \u2014 vous pouvez les ajouter goutte par goutte \u00e0 vos pr\u00e9parations culinaires.   <\/p>\n","protected":false},"excerpt":{"rendered":"<p>\u00c0 propos des huiles biologiques La diff\u00e9rence entre une huile essentielle non biologique (cultiv\u00e9e ou r\u00e9colt\u00e9e \u00e0 l\u2019\u00e9tat sauvage) et une huile essentielle biologique r\u00e9side uniquement dans la certification SKAL. Les propri\u00e9t\u00e9s, l\u2019efficacit\u00e9 et les utilisations sont identiques, mais nous recommandons vivement d\u2019utiliser uniquement la version biologique en cuisine. Bien que le mot \u00ab ar\u00f4me [&hellip;]<\/p>\n","protected":false},"featured_media":57578,"comment_status":"open","ping_status":"closed","template":"","meta":{"_acf_changed":false},"product_brand":[],"product_cat":[6090,6102,5678,6099,4972],"product_tag":[],"class_list":{"0":"post-57581","1":"product","2":"type-product","3":"status-publish","4":"has-post-thumbnail","6":"product_cat-chi-natural-life","7":"product_cat-huile-de-lavande","8":"product_cat-huile-essentielles","9":"product_cat-huiles-essentielles-biologiques","10":"product_cat-nos-marques","11":"pa_inhoud-10-ml-fr","12":"pa_inhoud-20-ml-fr","14":"first","15":"instock","16":"taxable","17":"shipping-taxable","18":"product-type-variable"},"acf":[],"_links":{"self":[{"href":"https:\/\/sundar.be\/fr\/wp-json\/wp\/v2\/product\/57581","targetHints":{"allow":["GET"]}}],"collection":[{"href":"https:\/\/sundar.be\/fr\/wp-json\/wp\/v2\/product"}],"about":[{"href":"https:\/\/sundar.be\/fr\/wp-json\/wp\/v2\/types\/product"}],"replies":[{"embeddable":true,"href":"https:\/\/sundar.be\/fr\/wp-json\/wp\/v2\/comments?post=57581"}],"wp:featuredmedia":[{"embeddable":true,"href":"https:\/\/sundar.be\/fr\/wp-json\/wp\/v2\/media\/57578"}],"wp:attachment":[{"href":"https:\/\/sundar.be\/fr\/wp-json\/wp\/v2\/media?parent=57581"}],"wp:term":[{"taxonomy":"product_brand","embeddable":true,"href":"https:\/\/sundar.be\/fr\/wp-json\/wp\/v2\/product_brand?post=57581"},{"taxonomy":"product_cat","embeddable":true,"href":"https:\/\/sundar.be\/fr\/wp-json\/wp\/v2\/product_cat?post=57581"},{"taxonomy":"product_tag","embeddable":true,"href":"https:\/\/sundar.be\/fr\/wp-json\/wp\/v2\/product_tag?post=57581"}],"curies":[{"name":"wp","href":"https:\/\/api.w.org\/{rel}","templated":true}]}}