{"id":57577,"date":"2025-09-16T10:03:38","date_gmt":"2025-09-16T08:03:38","guid":{"rendered":"https:\/\/sundar.be\/product\/chi-lavande-aspic-huile-essentielle-biologique-10-ml\/"},"modified":"2025-11-24T10:22:49","modified_gmt":"2025-11-24T09:22:49","slug":"chi-lavande-aspic-huile-essentielle-biologique-10-ml","status":"publish","type":"product","link":"https:\/\/sundar.be\/fr\/produit\/chi-lavande-aspic-huile-essentielle-biologique-10-ml\/","title":{"rendered":"Chi Lavande Aspic Huile Essentielle (Biologique) 10 ml"},"content":{"rendered":"<p>La lavande aspic (Lavandula spica ou L. latifolia) pousse au niveau de la mer et se trouve davantage en Espagne qu\u2019en Provence. Cette plante est plus haute et plus robuste que la v\u00e9ritable lavande. La lavande aspic, \u00e9galement appel\u00e9e lavande \u00e0 larges feuilles, peut atteindre 1 m\u00e8tre de hauteur et porte des fleurs bleu-gris. Contrairement \u00e0 la lavande fine, elle n\u00e9cessite chaleur et soleil, ce qui explique sa croissance en dessous de 800 m\u00e8tres d\u2019altitude. Sa p\u00e9riode de floraison est 3 \u00e0 4 semaines plus tardive que celle de la lavande vraie. Parmi toutes les vari\u00e9t\u00e9s de lavande et de lavandin, c\u2019est l\u2019huile la plus puissante, avec un parfum frais, camphr\u00e9 et intens\u00e9ment lavandin. Le rendement en huile essentielle est d\u2019environ 1 % pour la lavande aspic. Lors d\u2019une r\u00e9colte exceptionnelle, un producteur peut obtenir environ 25 litres d\u2019huile \u00e0 partir d\u2019un hectare (10.000 m\u00b2) de plants de lavande \u2014 ce qui explique pourquoi l\u2019huile de lavande ne peut pas \u00eatre bon march\u00e9. Sa couleur est incolore \u00e0 jaune clair, et elle fonce au fil du temps. Son parfum est tr\u00e8s reconnaissable : doux et \u00e9pic\u00e9, avec une note florale et bois\u00e9e.            <\/p>\n<p>La lavande aspic peut \u00e9galement \u00eatre utilis\u00e9e en cuisine. Ajoutez par exemple 1 \u00e0 2 gouttes d\u2019huile essentielle de lavande dans un pot de miel. <\/p>\n","protected":false},"excerpt":{"rendered":"<p>La lavande aspic (Lavandula spica ou L. latifolia) pousse au niveau de la mer et se trouve davantage en Espagne qu\u2019en Provence. Cette plante est plus haute et plus robuste que la v\u00e9ritable lavande. La lavande aspic, \u00e9galement appel\u00e9e lavande \u00e0 larges feuilles, peut atteindre 1 m\u00e8tre de hauteur et porte des fleurs bleu-gris. Contrairement [&hellip;]<\/p>\n","protected":false},"featured_media":57573,"comment_status":"open","ping_status":"closed","template":"","meta":{"_acf_changed":false},"product_brand":[],"product_cat":[6090,6102,5678,6099,4972],"product_tag":[],"class_list":{"0":"post-57577","1":"product","2":"type-product","3":"status-publish","4":"has-post-thumbnail","6":"product_cat-chi-natural-life","7":"product_cat-huile-de-lavande","8":"product_cat-huile-essentielles","9":"product_cat-huiles-essentielles-biologiques","10":"product_cat-nos-marques","12":"first","13":"instock","14":"taxable","15":"shipping-taxable","16":"product-type-simple"},"acf":[],"_links":{"self":[{"href":"https:\/\/sundar.be\/fr\/wp-json\/wp\/v2\/product\/57577","targetHints":{"allow":["GET"]}}],"collection":[{"href":"https:\/\/sundar.be\/fr\/wp-json\/wp\/v2\/product"}],"about":[{"href":"https:\/\/sundar.be\/fr\/wp-json\/wp\/v2\/types\/product"}],"replies":[{"embeddable":true,"href":"https:\/\/sundar.be\/fr\/wp-json\/wp\/v2\/comments?post=57577"}],"wp:featuredmedia":[{"embeddable":true,"href":"https:\/\/sundar.be\/fr\/wp-json\/wp\/v2\/media\/57573"}],"wp:attachment":[{"href":"https:\/\/sundar.be\/fr\/wp-json\/wp\/v2\/media?parent=57577"}],"wp:term":[{"taxonomy":"product_brand","embeddable":true,"href":"https:\/\/sundar.be\/fr\/wp-json\/wp\/v2\/product_brand?post=57577"},{"taxonomy":"product_cat","embeddable":true,"href":"https:\/\/sundar.be\/fr\/wp-json\/wp\/v2\/product_cat?post=57577"},{"taxonomy":"product_tag","embeddable":true,"href":"https:\/\/sundar.be\/fr\/wp-json\/wp\/v2\/product_tag?post=57577"}],"curies":[{"name":"wp","href":"https:\/\/api.w.org\/{rel}","templated":true}]}}