{"id":57574,"date":"2025-09-16T10:12:12","date_gmt":"2025-09-16T08:12:12","guid":{"rendered":"https:\/\/sundar.be\/product\/chi-citron-huile-essentielle-biologique-10-ml\/"},"modified":"2025-11-24T10:20:20","modified_gmt":"2025-11-24T09:20:20","slug":"chi-citron-huile-essentielle-biologique-10-ml","status":"publish","type":"product","link":"https:\/\/sundar.be\/fr\/produit\/chi-citron-huile-essentielle-biologique-10-ml\/","title":{"rendered":"Chi Citron Huile Essentielle (Biologique) 10 ml"},"content":{"rendered":"<p>Le citron est un grand classique de l\u2019aromath\u00e9rapie : l\u2019une des huiles les plus fra\u00eeches, p\u00e9tillantes et fruit\u00e9es. Son parfum lumineux est tr\u00e8s appr\u00e9ci\u00e9 en parfumerie pour son ar\u00f4me vif et sa sensation de puret\u00e9. L\u2019huile essentielle de citron apporte une atmosph\u00e8re positive, l\u00e9g\u00e8re et ensoleill\u00e9e dans n\u2019importe quel espace, ce qui contribue \u00e0 une humeur gaie et \u00e9nergique.   <\/p>\n<p>Saviez-vous que l\u2019huile de citron ne contient pas de vitamine C ? Les gens confondent souvent les propri\u00e9t\u00e9s du jus de citron avec celles de l\u2019huile. Ce n\u2019est pas correct : le jus de citron contient des compos\u00e9s hydrosolubles, tandis que l\u2019huile de citron contient des compos\u00e9s liposolubles. L\u2019huile ne contient donc absolument pas de vitamine C et n\u2019est pas acide, mais plut\u00f4t douce. L\u2019huile de citron est en effet press\u00e9e \u00e0 partir du zeste du fruit.    <\/p>\n<p>Le citron est un petit arbre \u00e0 feuilles persistantes qui peut atteindre environ 6 m\u00e8tres de haut. Les citronniers fleurissent pratiquement toute l\u2019ann\u00e9e, ce qui permet de trouver continuellement des fruits \u00e0 diff\u00e9rents stades de croissance. L\u2019huile est de couleur jaune clair, mais peut foncer en vieillissant. Environ 100 kg de zeste de citron frais sont n\u00e9cessaires pour produire 1 litre d\u2019huile.   <\/p>\n","protected":false},"excerpt":{"rendered":"<p>Le citron est un grand classique de l\u2019aromath\u00e9rapie : l\u2019une des huiles les plus fra\u00eeches, p\u00e9tillantes et fruit\u00e9es. Son parfum lumineux est tr\u00e8s appr\u00e9ci\u00e9 en parfumerie pour son ar\u00f4me vif et sa sensation de puret\u00e9. L\u2019huile essentielle de citron apporte une atmosph\u00e8re positive, l\u00e9g\u00e8re et ensoleill\u00e9e dans n\u2019importe quel espace, ce qui contribue \u00e0 une [&hellip;]<\/p>\n","protected":false},"featured_media":57568,"comment_status":"open","ping_status":"closed","template":"","meta":{"_acf_changed":false},"product_brand":[],"product_cat":[6090,5678,6099,4972],"product_tag":[],"class_list":{"0":"post-57574","1":"product","2":"type-product","3":"status-publish","4":"has-post-thumbnail","6":"product_cat-chi-natural-life","7":"product_cat-huile-essentielles","8":"product_cat-huiles-essentielles-biologiques","9":"product_cat-nos-marques","11":"first","12":"instock","13":"taxable","14":"shipping-taxable","15":"product-type-simple"},"acf":[],"_links":{"self":[{"href":"https:\/\/sundar.be\/fr\/wp-json\/wp\/v2\/product\/57574","targetHints":{"allow":["GET"]}}],"collection":[{"href":"https:\/\/sundar.be\/fr\/wp-json\/wp\/v2\/product"}],"about":[{"href":"https:\/\/sundar.be\/fr\/wp-json\/wp\/v2\/types\/product"}],"replies":[{"embeddable":true,"href":"https:\/\/sundar.be\/fr\/wp-json\/wp\/v2\/comments?post=57574"}],"wp:featuredmedia":[{"embeddable":true,"href":"https:\/\/sundar.be\/fr\/wp-json\/wp\/v2\/media\/57568"}],"wp:attachment":[{"href":"https:\/\/sundar.be\/fr\/wp-json\/wp\/v2\/media?parent=57574"}],"wp:term":[{"taxonomy":"product_brand","embeddable":true,"href":"https:\/\/sundar.be\/fr\/wp-json\/wp\/v2\/product_brand?post=57574"},{"taxonomy":"product_cat","embeddable":true,"href":"https:\/\/sundar.be\/fr\/wp-json\/wp\/v2\/product_cat?post=57574"},{"taxonomy":"product_tag","embeddable":true,"href":"https:\/\/sundar.be\/fr\/wp-json\/wp\/v2\/product_tag?post=57574"}],"curies":[{"name":"wp","href":"https:\/\/api.w.org\/{rel}","templated":true}]}}